{"id":1048,"date":"2025-08-18T11:27:13","date_gmt":"2025-08-18T09:27:13","guid":{"rendered":"https:\/\/atelieroniriquevitrail.fr\/?page_id=1048"},"modified":"2026-02-08T20:50:32","modified_gmt":"2026-02-08T19:50:32","slug":"panneau-du-labyrinthe-de-chartres","status":"publish","type":"page","link":"https:\/\/atelieroniriquevitrail.fr\/?page_id=1048","title":{"rendered":"Panneau du Labyrinthe de Chartres"},"content":{"rendered":"\n<p>Je suis ravi de vous d\u00e9voiler ma derni\u00e8re cr\u00e9ation : un vitrail au plomb de 1420 x 300 mm, fruit d&rsquo;une commande sp\u00e9ciale.<\/p>\n\n\n<div class=\"wp-block-image is-style-rounded\">\n<figure class=\"aligncenter size-large\"><img loading=\"lazy\" decoding=\"async\" width=\"473\" height=\"1024\" src=\"https:\/\/atelieroniriquevitrail.fr\/wp-content\/uploads\/2025\/08\/WhatsApp-Image-2025-08-18-a-11.19.15_ad67a5f0-min-473x1024.jpg\" alt=\"\" class=\"wp-image-1050\" srcset=\"https:\/\/atelieroniriquevitrail.fr\/wp-content\/uploads\/2025\/08\/WhatsApp-Image-2025-08-18-a-11.19.15_ad67a5f0-min-473x1024.jpg 473w, https:\/\/atelieroniriquevitrail.fr\/wp-content\/uploads\/2025\/08\/WhatsApp-Image-2025-08-18-a-11.19.15_ad67a5f0-min-139x300.jpg 139w, https:\/\/atelieroniriquevitrail.fr\/wp-content\/uploads\/2025\/08\/WhatsApp-Image-2025-08-18-a-11.19.15_ad67a5f0-min-768x1663.jpg 768w, https:\/\/atelieroniriquevitrail.fr\/wp-content\/uploads\/2025\/08\/WhatsApp-Image-2025-08-18-a-11.19.15_ad67a5f0-min-709x1536.jpg 709w, https:\/\/atelieroniriquevitrail.fr\/wp-content\/uploads\/2025\/08\/WhatsApp-Image-2025-08-18-a-11.19.15_ad67a5f0-min.jpg 942w\" sizes=\"auto, (max-width: 473px) 100vw, 473px\" \/><\/figure>\n<\/div>\n\n\n<p>Ce vitrail a \u00e9t\u00e9 enti\u00e8rement r\u00e9alis\u00e9 avec des verres textur\u00e9s waterglass de 3 mm et du verre float pour la demie rondelle, offrant un jeu de lumi\u00e8res et de transparences unique.<\/p>\n\n\n\n<figure class=\"wp-block-image size-large is-style-rounded\"><img loading=\"lazy\" decoding=\"async\" width=\"674\" height=\"1024\" src=\"https:\/\/atelieroniriquevitrail.fr\/wp-content\/uploads\/2025\/08\/WhatsApp-Image-2025-08-18-a-11.19.14_771ca377-min-674x1024.jpg\" alt=\"\" class=\"wp-image-1051\" srcset=\"https:\/\/atelieroniriquevitrail.fr\/wp-content\/uploads\/2025\/08\/WhatsApp-Image-2025-08-18-a-11.19.14_771ca377-min-674x1024.jpg 674w, https:\/\/atelieroniriquevitrail.fr\/wp-content\/uploads\/2025\/08\/WhatsApp-Image-2025-08-18-a-11.19.14_771ca377-min-197x300.jpg 197w, https:\/\/atelieroniriquevitrail.fr\/wp-content\/uploads\/2025\/08\/WhatsApp-Image-2025-08-18-a-11.19.14_771ca377-min-768x1168.jpg 768w, https:\/\/atelieroniriquevitrail.fr\/wp-content\/uploads\/2025\/08\/WhatsApp-Image-2025-08-18-a-11.19.14_771ca377-min-1010x1536.jpg 1010w, https:\/\/atelieroniriquevitrail.fr\/wp-content\/uploads\/2025\/08\/WhatsApp-Image-2025-08-18-a-11.19.14_771ca377-min-1200x1824.jpg 1200w, https:\/\/atelieroniriquevitrail.fr\/wp-content\/uploads\/2025\/08\/WhatsApp-Image-2025-08-18-a-11.19.14_771ca377-min.jpg 1347w\" sizes=\"auto, (max-width: 674px) 100vw, 674px\" \/><\/figure>\n\n\n\n<p>Le labyrinthe de la cath\u00e9drale de Chartres, ex\u00e9cut\u00e9 en grisaille noire et brun XVI est un clin d&rsquo;\u0153il \u00e0 notre patrimoine local !<\/p>\n\n\n\n<p>Con\u00e7u pour s&rsquo;int\u00e9grer parfaitement, il est mont\u00e9 dans un ch\u00e2ssis en laiton sur lequel sont fix\u00e9es les vergettes. Cette solution technique permet une pose en surverre sur une fen\u00eatre en PVC neuve, garantissant \u00e0 la fois esth\u00e9tisme et la solidit\u00e9 du panneau.<\/p>\n\n\n\n<figure class=\"wp-block-gallery has-nested-images columns-default is-cropped wp-block-gallery-1 is-layout-flex wp-block-gallery-is-layout-flex\">\n<figure class=\"wp-block-image size-large is-style-rounded\"><img loading=\"lazy\" decoding=\"async\" width=\"768\" height=\"1024\" data-id=\"1049\" src=\"https:\/\/atelieroniriquevitrail.fr\/wp-content\/uploads\/2025\/08\/WhatsApp-Image-2025-08-18-a-11.19.10_ee160eba-min-768x1024.jpg\" alt=\"\" class=\"wp-image-1049\" srcset=\"https:\/\/atelieroniriquevitrail.fr\/wp-content\/uploads\/2025\/08\/WhatsApp-Image-2025-08-18-a-11.19.10_ee160eba-min-768x1024.jpg 768w, https:\/\/atelieroniriquevitrail.fr\/wp-content\/uploads\/2025\/08\/WhatsApp-Image-2025-08-18-a-11.19.10_ee160eba-min-225x300.jpg 225w, https:\/\/atelieroniriquevitrail.fr\/wp-content\/uploads\/2025\/08\/WhatsApp-Image-2025-08-18-a-11.19.10_ee160eba-min-1152x1536.jpg 1152w, https:\/\/atelieroniriquevitrail.fr\/wp-content\/uploads\/2025\/08\/WhatsApp-Image-2025-08-18-a-11.19.10_ee160eba-min.jpg 1200w\" sizes=\"auto, (max-width: 768px) 100vw, 768px\" \/><\/figure>\n\n\n\n<figure class=\"wp-block-image size-large is-style-rounded\"><img loading=\"lazy\" decoding=\"async\" width=\"480\" height=\"1024\" data-id=\"1052\" src=\"https:\/\/atelieroniriquevitrail.fr\/wp-content\/uploads\/2025\/08\/WhatsApp-Image-2025-08-18-a-11.19.13_18ffce2d-min-480x1024.jpg\" alt=\"\" class=\"wp-image-1052\" srcset=\"https:\/\/atelieroniriquevitrail.fr\/wp-content\/uploads\/2025\/08\/WhatsApp-Image-2025-08-18-a-11.19.13_18ffce2d-min-480x1024.jpg 480w, https:\/\/atelieroniriquevitrail.fr\/wp-content\/uploads\/2025\/08\/WhatsApp-Image-2025-08-18-a-11.19.13_18ffce2d-min-141x300.jpg 141w, https:\/\/atelieroniriquevitrail.fr\/wp-content\/uploads\/2025\/08\/WhatsApp-Image-2025-08-18-a-11.19.13_18ffce2d-min-768x1637.jpg 768w, https:\/\/atelieroniriquevitrail.fr\/wp-content\/uploads\/2025\/08\/WhatsApp-Image-2025-08-18-a-11.19.13_18ffce2d-min-721x1536.jpg 721w, https:\/\/atelieroniriquevitrail.fr\/wp-content\/uploads\/2025\/08\/WhatsApp-Image-2025-08-18-a-11.19.13_18ffce2d-min.jpg 838w\" sizes=\"auto, (max-width: 480px) 100vw, 480px\" \/><\/figure>\n<\/figure>\n","protected":false},"excerpt":{"rendered":"<p>Je suis ravi de vous d\u00e9voiler ma derni\u00e8re cr\u00e9ation : un vitrail au plomb de 1420 x 300 mm, fruit d&rsquo;une commande sp\u00e9ciale. Ce vitrail a \u00e9t\u00e9 enti\u00e8rement r\u00e9alis\u00e9 avec des verres textur\u00e9s waterglass de 3 mm et du verre float pour la demie rondelle, offrant un jeu de lumi\u00e8res et de transparences unique. Le [&hellip;]<\/p>\n","protected":false},"author":1,"featured_media":0,"parent":0,"menu_order":0,"comment_status":"closed","ping_status":"closed","template":"","meta":{"footnotes":""},"class_list":["post-1048","page","type-page","status-publish","hentry"],"_links":{"self":[{"href":"https:\/\/atelieroniriquevitrail.fr\/index.php?rest_route=\/wp\/v2\/pages\/1048","targetHints":{"allow":["GET"]}}],"collection":[{"href":"https:\/\/atelieroniriquevitrail.fr\/index.php?rest_route=\/wp\/v2\/pages"}],"about":[{"href":"https:\/\/atelieroniriquevitrail.fr\/index.php?rest_route=\/wp\/v2\/types\/page"}],"author":[{"embeddable":true,"href":"https:\/\/atelieroniriquevitrail.fr\/index.php?rest_route=\/wp\/v2\/users\/1"}],"replies":[{"embeddable":true,"href":"https:\/\/atelieroniriquevitrail.fr\/index.php?rest_route=%2Fwp%2Fv2%2Fcomments&post=1048"}],"version-history":[{"count":1,"href":"https:\/\/atelieroniriquevitrail.fr\/index.php?rest_route=\/wp\/v2\/pages\/1048\/revisions"}],"predecessor-version":[{"id":1054,"href":"https:\/\/atelieroniriquevitrail.fr\/index.php?rest_route=\/wp\/v2\/pages\/1048\/revisions\/1054"}],"wp:attachment":[{"href":"https:\/\/atelieroniriquevitrail.fr\/index.php?rest_route=%2Fwp%2Fv2%2Fmedia&parent=1048"}],"curies":[{"name":"wp","href":"https:\/\/api.w.org\/{rel}","templated":true}]}}