{"id":106,"date":"2024-04-09T16:11:48","date_gmt":"2024-04-09T14:11:48","guid":{"rendered":"https:\/\/atelieroniriquevitrail.fr\/?page_id=106"},"modified":"2026-02-08T20:50:12","modified_gmt":"2026-02-08T19:50:12","slug":"biographie","status":"publish","type":"page","link":"https:\/\/atelieroniriquevitrail.fr\/?page_id=106","title":{"rendered":"Biographie"},"content":{"rendered":"\n<blockquote class=\"wp-block-quote is-layout-flow wp-block-quote-is-layout-flow\">\n<h5 class=\"wp-block-heading alignfull has-text-align-center\">Aux&nbsp;lueurs&nbsp;color\u00e9es&nbsp;que&nbsp;laissent&nbsp;filtrer&nbsp;les&nbsp;vitraux,&nbsp;<\/h5>\n\n\n\n<h5 class=\"wp-block-heading alignfull has-text-align-center\">toute&nbsp;cette&nbsp;magnificence&nbsp;de&nbsp;conte&nbsp;oriental&nbsp;chatoie,&nbsp;<\/h5>\n\n\n\n<h5 class=\"wp-block-heading alignfull has-text-align-center\">miroite,&nbsp;<\/h5>\n\n\n\n<h5 class=\"wp-block-heading alignfull has-text-align-center\">\u00e9tincelle&nbsp;dans la&nbsp;p\u00e9nombre.<\/h5>\n<cite>Louis Marie Julien Viaud, dit Pierre Loti<\/cite><\/blockquote>\n\n\n\n<figure class=\"wp-block-image size-large is-style-rounded\"><img loading=\"lazy\" decoding=\"async\" width=\"1024\" height=\"683\" src=\"https:\/\/atelieroniriquevitrail.fr\/wp-content\/uploads\/2024\/04\/PCB_0325-min-1024x683.jpg\" alt=\"\" class=\"wp-image-202\" srcset=\"https:\/\/atelieroniriquevitrail.fr\/wp-content\/uploads\/2024\/04\/PCB_0325-min-1024x683.jpg 1024w, https:\/\/atelieroniriquevitrail.fr\/wp-content\/uploads\/2024\/04\/PCB_0325-min-300x200.jpg 300w, https:\/\/atelieroniriquevitrail.fr\/wp-content\/uploads\/2024\/04\/PCB_0325-min-768x512.jpg 768w, https:\/\/atelieroniriquevitrail.fr\/wp-content\/uploads\/2024\/04\/PCB_0325-min-1536x1024.jpg 1536w, https:\/\/atelieroniriquevitrail.fr\/wp-content\/uploads\/2024\/04\/PCB_0325-min-2048x1365.jpg 2048w, https:\/\/atelieroniriquevitrail.fr\/wp-content\/uploads\/2024\/04\/PCB_0325-min-1200x800.jpg 1200w, https:\/\/atelieroniriquevitrail.fr\/wp-content\/uploads\/2024\/04\/PCB_0325-min-1980x1320.jpg 1980w\" sizes=\"auto, (max-width: 1024px) 100vw, 1024px\" \/><\/figure>\n\n\n\n<p>Je m&rsquo;appelle Elodie VUILLEMARD RAMOS ; artisane d&rsquo;arts verriers depuis 2022.<\/p>\n\n\n\n<p>Assistante comptable de formation initiale et assistante administrative, comptable et commerciale de par mes exp\u00e9riences professionnelles, il est, en tout logique, compliqu\u00e9 de comprendre pourquoi je suis devenue vitrailliste ; la r\u00e9ponse est simple : j&rsquo;ai toujours eu pour passion toutes les formes d&rsquo;Art.<\/p>\n\n\n\n<p>D&rsquo;abord, il y eut le dessin avec de \u00ab\u00a0splendides\u00a0\u00bb illustrations de style manga qui \u00e9volu\u00e8rent pour r\u00e9v\u00e9ler mon propre style.<\/p>\n\n\n\n<p>Puis, il y eut la photographie avec une nette pr\u00e9f\u00e9rence pour les macros et les paysages de mon enfance.<\/p>\n\n\n\n<p>En toute logique, j&rsquo;ai \u00e9volu\u00e9 vers la peinture acrylique qui offre de magnifiques couleurs flamboyantes.<\/p>\n\n\n\n<p>La couleur ; C&rsquo;est pr\u00e9cis\u00e9ment et naturellement ce qui m&rsquo;as attir\u00e9e vers ces \u0153uvres d&rsquo;art techniques que sont les vitraux.<\/p>\n\n\n\n<p>Apr\u00e8s une vie professionnelle peu gratifiante et instable, la crise de la CoVid-19 et la fin de mon dernier contrat \u00e0 dur\u00e9e d\u00e9termin\u00e9e en date, m&rsquo;ont fourni la motivation n\u00e9cessaire pour abandonner ces cadres toxiques.<\/p>\n\n\n\n<p><\/p>\n\n\n\n<h3 class=\"wp-block-heading has-text-align-center\"><strong>Septembre 2021 \u00e0 Juin 2022<\/strong> :  <\/h3>\n\n\n\n<h5 class=\"wp-block-heading has-text-align-center\">Formation aupr\u00e8s du GRETA Vitrail de Chartres.<\/h5>\n\n\n\n<figure class=\"wp-block-image size-large is-style-rounded\"><img loading=\"lazy\" decoding=\"async\" width=\"1024\" height=\"472\" src=\"https:\/\/atelieroniriquevitrail.fr\/wp-content\/uploads\/2024\/04\/20210903_103500-min-1024x472.jpg\" alt=\"\" class=\"wp-image-210\" srcset=\"https:\/\/atelieroniriquevitrail.fr\/wp-content\/uploads\/2024\/04\/20210903_103500-min-1024x472.jpg 1024w, https:\/\/atelieroniriquevitrail.fr\/wp-content\/uploads\/2024\/04\/20210903_103500-min-300x138.jpg 300w, https:\/\/atelieroniriquevitrail.fr\/wp-content\/uploads\/2024\/04\/20210903_103500-min-768x354.jpg 768w, https:\/\/atelieroniriquevitrail.fr\/wp-content\/uploads\/2024\/04\/20210903_103500-min-1536x708.jpg 1536w, https:\/\/atelieroniriquevitrail.fr\/wp-content\/uploads\/2024\/04\/20210903_103500-min-2048x944.jpg 2048w, https:\/\/atelieroniriquevitrail.fr\/wp-content\/uploads\/2024\/04\/20210903_103500-min-1200x553.jpg 1200w, https:\/\/atelieroniriquevitrail.fr\/wp-content\/uploads\/2024\/04\/20210903_103500-min-1980x912.jpg 1980w\" sizes=\"auto, (max-width: 1024px) 100vw, 1024px\" \/><\/figure>\n\n\n\n<p>La formation destin\u00e9e aux adultes en reconversion se situe dans le coll\u00e8ge des Petits Sentiers de Mainvilliers, elle forme sur la technique au plombs par <a href=\"https:\/\/atelieroniriquevitrail.fr\/?page_id=391\">plusieurs r\u00e9alisations<\/a> et a l&rsquo;immense avantage de se trouver \u00e0 proximit\u00e9 du Centre International du Vitrail de Chartres qui nous a permis de profiter, tout au long de l&rsquo;ann\u00e9e de cours de <a href=\"https:\/\/atelieroniriquevitrail.fr\/?page_id=418\">peinture sur verre<\/a>.<\/p>\n\n\n\n<p><a href=\"https:\/\/atelieroniriquevitrail.fr\/?page_id=217\">1er stage &#8211; octobre\/novembre 2021<\/a> : <em>Atelier PICOL<\/em><strong> <\/strong>de Chartres.<\/p>\n\n\n\n<p><a href=\"https:\/\/atelieroniriquevitrail.fr\/?page_id=258\">2\u00e8me stage &#8211; d\u00e9cembre 2021<\/a> : <em>CAMADE<\/em> de Saulni\u00e8re.<\/p>\n\n\n\n<p><a href=\"https:\/\/atelieroniriquevitrail.fr\/?page_id=274\">3\u00e8me stage &#8211; F\u00e9vrier 2022<\/a> : <em>Ateliers LOIRE<\/em> de L\u00e8ve.<\/p>\n\n\n\n<p><a href=\"https:\/\/atelieroniriquevitrail.fr\/?page_id=357\">4\u00e8me stage &#8211; Avril 2022<\/a> : L&rsquo;atelier de <em>Paul Challan Belval <\/em>de Chartres.<\/p>\n\n\n\n<p><\/p>\n\n\n\n<p>En juin 2022, suite \u00e0 une ann\u00e9e condens\u00e9e et intense, j&rsquo;obtins mon CAP &#8211; Art et Techniques du verre &#8211; Option Vitrail en tant que Major de ma promotion.<\/p>\n\n\n<div class=\"wp-block-image\">\n<figure class=\"aligncenter size-large\"><img loading=\"lazy\" decoding=\"async\" width=\"1024\" height=\"472\" src=\"https:\/\/atelieroniriquevitrail.fr\/wp-content\/uploads\/2024\/04\/34167_06d19f4ab0055331d5fcf6ff9b26147e-07_12_2022-16_50_27-1024x472.jpg\" alt=\"\" class=\"wp-image-102\" srcset=\"https:\/\/atelieroniriquevitrail.fr\/wp-content\/uploads\/2024\/04\/34167_06d19f4ab0055331d5fcf6ff9b26147e-07_12_2022-16_50_27-1024x472.jpg 1024w, https:\/\/atelieroniriquevitrail.fr\/wp-content\/uploads\/2024\/04\/34167_06d19f4ab0055331d5fcf6ff9b26147e-07_12_2022-16_50_27-300x138.jpg 300w, https:\/\/atelieroniriquevitrail.fr\/wp-content\/uploads\/2024\/04\/34167_06d19f4ab0055331d5fcf6ff9b26147e-07_12_2022-16_50_27-768x354.jpg 768w, https:\/\/atelieroniriquevitrail.fr\/wp-content\/uploads\/2024\/04\/34167_06d19f4ab0055331d5fcf6ff9b26147e-07_12_2022-16_50_27-1536x709.jpg 1536w, https:\/\/atelieroniriquevitrail.fr\/wp-content\/uploads\/2024\/04\/34167_06d19f4ab0055331d5fcf6ff9b26147e-07_12_2022-16_50_27-2048x945.jpg 2048w, https:\/\/atelieroniriquevitrail.fr\/wp-content\/uploads\/2024\/04\/34167_06d19f4ab0055331d5fcf6ff9b26147e-07_12_2022-16_50_27-1200x554.jpg 1200w, https:\/\/atelieroniriquevitrail.fr\/wp-content\/uploads\/2024\/04\/34167_06d19f4ab0055331d5fcf6ff9b26147e-07_12_2022-16_50_27-1980x913.jpg 1980w\" sizes=\"auto, (max-width: 1024px) 100vw, 1024px\" \/><\/figure>\n<\/div>\n\n\n<h2 class=\"wp-block-heading has-text-align-center\"><strong>Septembre \u00e0 d\u00e9cembre 2022<\/strong> :<\/h2>\n\n\n\n<h5 class=\"wp-block-heading has-text-align-center\"><strong>Formation \u00ab\u00a0Cr\u00e9er et reprendre une entreprise\u00a0\u00bb aupr\u00e8s de BGE Terres de Loire.<\/strong><\/h5>\n\n\n\n<figure class=\"wp-block-image size-large is-style-rounded\"><img loading=\"lazy\" decoding=\"async\" width=\"1024\" height=\"472\" src=\"https:\/\/atelieroniriquevitrail.fr\/wp-content\/uploads\/2024\/04\/20220913_124352-min-1024x472.jpg\" alt=\"\" class=\"wp-image-214\" srcset=\"https:\/\/atelieroniriquevitrail.fr\/wp-content\/uploads\/2024\/04\/20220913_124352-min-1024x472.jpg 1024w, https:\/\/atelieroniriquevitrail.fr\/wp-content\/uploads\/2024\/04\/20220913_124352-min-300x138.jpg 300w, https:\/\/atelieroniriquevitrail.fr\/wp-content\/uploads\/2024\/04\/20220913_124352-min-768x354.jpg 768w, https:\/\/atelieroniriquevitrail.fr\/wp-content\/uploads\/2024\/04\/20220913_124352-min-1536x708.jpg 1536w, https:\/\/atelieroniriquevitrail.fr\/wp-content\/uploads\/2024\/04\/20220913_124352-min-2048x944.jpg 2048w, https:\/\/atelieroniriquevitrail.fr\/wp-content\/uploads\/2024\/04\/20220913_124352-min-1200x553.jpg 1200w, https:\/\/atelieroniriquevitrail.fr\/wp-content\/uploads\/2024\/04\/20220913_124352-min-1980x912.jpg 1980w\" sizes=\"auto, (max-width: 1024px) 100vw, 1024px\" \/><\/figure>\n\n\n\n<p>Une formation (de nouveau) condens\u00e9e sur les diff\u00e9rentes facettes de la gestion d&rsquo;une entreprise de la comptabilit\u00e9, \u00e0 la cr\u00e9ation du Business Plan et au marketing.<\/p>\n\n\n\n<h2 class=\"wp-block-heading has-text-align-center\">F\u00e9vrier 2023 :<\/h2>\n\n\n\n<h5 class=\"wp-block-heading has-text-align-center\">Cr\u00e9ation de l&rsquo;Atelier Onirique Vitrail<\/h5>\n\n\n<div class=\"wp-block-image\">\n<figure class=\"aligncenter size-full is-resized\"><img loading=\"lazy\" decoding=\"async\" width=\"300\" height=\"300\" src=\"https:\/\/atelieroniriquevitrail.fr\/wp-content\/uploads\/2024\/04\/Taille-Portable_-Atelier-Onirique-_2_.png\" alt=\"\" class=\"wp-image-68\" style=\"width:332px;height:auto\" srcset=\"https:\/\/atelieroniriquevitrail.fr\/wp-content\/uploads\/2024\/04\/Taille-Portable_-Atelier-Onirique-_2_.png 300w, https:\/\/atelieroniriquevitrail.fr\/wp-content\/uploads\/2024\/04\/Taille-Portable_-Atelier-Onirique-_2_-150x150.png 150w\" sizes=\"auto, (max-width: 300px) 100vw, 300px\" \/><\/figure>\n<\/div>","protected":false},"excerpt":{"rendered":"<p>Aux&nbsp;lueurs&nbsp;color\u00e9es&nbsp;que&nbsp;laissent&nbsp;filtrer&nbsp;les&nbsp;vitraux,&nbsp; toute&nbsp;cette&nbsp;magnificence&nbsp;de&nbsp;conte&nbsp;oriental&nbsp;chatoie,&nbsp; miroite,&nbsp; \u00e9tincelle&nbsp;dans la&nbsp;p\u00e9nombre. Louis Marie Julien Viaud, dit Pierre Loti Je m&rsquo;appelle Elodie VUILLEMARD RAMOS ; artisane d&rsquo;arts verriers depuis 2022. Assistante comptable de formation initiale et assistante administrative, comptable et commerciale de par mes exp\u00e9riences professionnelles, il est, en tout logique, compliqu\u00e9 de comprendre pourquoi je suis devenue vitrailliste ; la r\u00e9ponse [&hellip;]<\/p>\n","protected":false},"author":1,"featured_media":0,"parent":0,"menu_order":0,"comment_status":"closed","ping_status":"closed","template":"","meta":{"footnotes":""},"class_list":["post-106","page","type-page","status-publish","hentry"],"_links":{"self":[{"href":"https:\/\/atelieroniriquevitrail.fr\/index.php?rest_route=\/wp\/v2\/pages\/106","targetHints":{"allow":["GET"]}}],"collection":[{"href":"https:\/\/atelieroniriquevitrail.fr\/index.php?rest_route=\/wp\/v2\/pages"}],"about":[{"href":"https:\/\/atelieroniriquevitrail.fr\/index.php?rest_route=\/wp\/v2\/types\/page"}],"author":[{"embeddable":true,"href":"https:\/\/atelieroniriquevitrail.fr\/index.php?rest_route=\/wp\/v2\/users\/1"}],"replies":[{"embeddable":true,"href":"https:\/\/atelieroniriquevitrail.fr\/index.php?rest_route=%2Fwp%2Fv2%2Fcomments&post=106"}],"version-history":[{"count":26,"href":"https:\/\/atelieroniriquevitrail.fr\/index.php?rest_route=\/wp\/v2\/pages\/106\/revisions"}],"predecessor-version":[{"id":996,"href":"https:\/\/atelieroniriquevitrail.fr\/index.php?rest_route=\/wp\/v2\/pages\/106\/revisions\/996"}],"wp:attachment":[{"href":"https:\/\/atelieroniriquevitrail.fr\/index.php?rest_route=%2Fwp%2Fv2%2Fmedia&parent=106"}],"curies":[{"name":"wp","href":"https:\/\/api.w.org\/{rel}","templated":true}]}}