{"id":110,"date":"2024-04-09T16:13:43","date_gmt":"2024-04-09T14:13:43","guid":{"rendered":"https:\/\/atelieroniriquevitrail.fr\/?page_id=110"},"modified":"2026-02-08T20:50:32","modified_gmt":"2026-02-08T19:50:32","slug":"nos-realisations","status":"publish","type":"page","link":"https:\/\/atelieroniriquevitrail.fr\/?page_id=110","title":{"rendered":"Le vitrail"},"content":{"rendered":"\n<h2 class=\"wp-block-heading has-text-align-center\">Petite histoire du vitrail europ\u00e9en<\/h2>\n\n\n\n<p class=\"has-text-align-center\">Si il existait des claustras int\u00e9grant des pi\u00e8ces de verre translucides depuis l&rsquo;\u00e9poque Romaine, en l&rsquo;\u00e9tat actuel des nos connaissances (private joke \ud83d\ude09 ), le vitrail existe depuis le XIe si\u00e8cle (les premi\u00e8res traces de vitrail datent des environs de 1030 avec la d\u00e9couverte du Christ de Wissembourg) <\/p>\n\n\n<div class=\"wp-block-image is-style-rounded\">\n<figure class=\"aligncenter size-large is-resized\"><img loading=\"lazy\" decoding=\"async\" width=\"1002\" height=\"1024\" src=\"https:\/\/atelieroniriquevitrail.fr\/wp-content\/uploads\/2024\/04\/Christ_de_Wissembourg-min-1002x1024.jpeg\" alt=\"\" class=\"wp-image-572\" style=\"width:610px;height:auto\" srcset=\"https:\/\/atelieroniriquevitrail.fr\/wp-content\/uploads\/2024\/04\/Christ_de_Wissembourg-min-1002x1024.jpeg 1002w, https:\/\/atelieroniriquevitrail.fr\/wp-content\/uploads\/2024\/04\/Christ_de_Wissembourg-min-294x300.jpeg 294w, https:\/\/atelieroniriquevitrail.fr\/wp-content\/uploads\/2024\/04\/Christ_de_Wissembourg-min-768x785.jpeg 768w, https:\/\/atelieroniriquevitrail.fr\/wp-content\/uploads\/2024\/04\/Christ_de_Wissembourg-min-1503x1536.jpeg 1503w, https:\/\/atelieroniriquevitrail.fr\/wp-content\/uploads\/2024\/04\/Christ_de_Wissembourg-min-2004x2048.jpeg 2004w, https:\/\/atelieroniriquevitrail.fr\/wp-content\/uploads\/2024\/04\/Christ_de_Wissembourg-min-1200x1227.jpeg 1200w, https:\/\/atelieroniriquevitrail.fr\/wp-content\/uploads\/2024\/04\/Christ_de_Wissembourg-min-1980x2024.jpeg 1980w\" sizes=\"auto, (max-width: 1002px) 100vw, 1002px\" \/><figcaption class=\"wp-element-caption\">Christ de Wissembourg 1030 et 1070<\/figcaption><\/figure>\n<\/div>\n\n\n<p class=\"has-text-align-center\">La technique au plomb fut la base sur laquelle s&rsquo;est appuy\u00e9e l&rsquo;essentielle des cr\u00e9ations europ\u00e9ennes qui fut d&rsquo;abord r\u00e9serv\u00e9es aux b\u00e2timents religieux puis, progressivement aux civils et finalement aux particuliers. <\/p>\n\n\n\n<p class=\"has-text-align-center\">Gr\u00e2ce \u00e0 son \u00e9volution, on vit l&rsquo;apparition des peintures comme les grisailles (le fameux brun XVIe couramment observable dans les panneaux religieux), les \u00e9maux (comme les violets visibles dans les grandes baies de l&rsquo;\u00e9glise de Montfort L&rsquo;Amaury) et les c\u00e9ments (le jaune d&rsquo;argent trouvable sur les rondelles des petits ch\u00e2teaux et b\u00e2timents administratifs).<\/p>\n\n\n\n<p class=\"has-text-align-center\">Plus r\u00e9cemment, au cours du XIXe si\u00e8cle, vint la cr\u00e9ation de la technique Tiffany pour finalement voir les techniques modernes comme le fusing et le thermoformage prendre \u00e0 leurs tours leurs essors, gr\u00e2ce notamment aux fours de cuisson \u00e9lectriques modernes \u00e9quip\u00e9s de thermostat et de programmateurs.<\/p>\n\n\n\n<h2 class=\"wp-block-heading has-text-align-center\">Technique au plomb<\/h2>\n\n\n\n<p class=\"has-text-align-center\">Sous forme de profil\u00e9 (principalement en H ou U) le plomb \u00e0 la fois solide, imputrescible et souple, permet de cr\u00e9er une r\u00e9sille solide qui maintiendra les pi\u00e8ces de verre solidaires pendant pr\u00e8s d&rsquo;un si\u00e8cle.<\/p>\n\n\n\n<figure class=\"wp-block-image size-large is-style-rounded\"><img loading=\"lazy\" decoding=\"async\" width=\"683\" height=\"1024\" src=\"https:\/\/atelieroniriquevitrail.fr\/wp-content\/uploads\/2024\/04\/FB_IMG_1638816021338-min-683x1024.jpg\" alt=\"\" class=\"wp-image-608\" srcset=\"https:\/\/atelieroniriquevitrail.fr\/wp-content\/uploads\/2024\/04\/FB_IMG_1638816021338-min-683x1024.jpg 683w, https:\/\/atelieroniriquevitrail.fr\/wp-content\/uploads\/2024\/04\/FB_IMG_1638816021338-min-200x300.jpg 200w, https:\/\/atelieroniriquevitrail.fr\/wp-content\/uploads\/2024\/04\/FB_IMG_1638816021338-min-768x1152.jpg 768w, https:\/\/atelieroniriquevitrail.fr\/wp-content\/uploads\/2024\/04\/FB_IMG_1638816021338-min-1024x1536.jpg 1024w, https:\/\/atelieroniriquevitrail.fr\/wp-content\/uploads\/2024\/04\/FB_IMG_1638816021338-min.jpg 1080w\" sizes=\"auto, (max-width: 683px) 100vw, 683px\" \/><\/figure>\n\n\n\n<h2 class=\"wp-block-heading alignwide has-text-align-center\">Technique Tiffany<\/h2>\n\n\n\n<p>Cette technique fut invent\u00e9e au cours du XIXe si\u00e8cle par le peintre verrier am\u00e9ricain Louis Comfort Tiffany ; <\/p>\n\n\n\n<p><strong>Sa diff\u00e9rence<\/strong> : elle utilise des bandes de cuivre adh\u00e9sives afin d&rsquo;effectuer un brasage fin et d\u00e9licat qui offre une souplesse de cr\u00e9ation qui avait \u00e9t\u00e9 jusque l\u00e0 quasi impossible avec le plomb. Il est d\u00e9sormais possible de cr\u00e9er des objets d\u00e9coratifs en 3D et non plus uniquement en 2D.<\/p>\n\n\n\n<figure class=\"wp-block-gallery has-nested-images columns-default is-cropped wp-block-gallery-1 is-layout-flex wp-block-gallery-is-layout-flex\">\n<figure class=\"wp-block-image size-large\"><img loading=\"lazy\" decoding=\"async\" width=\"576\" height=\"1024\" data-id=\"607\" src=\"https:\/\/atelieroniriquevitrail.fr\/wp-content\/uploads\/2024\/04\/20220705_162140-min-576x1024.jpg\" alt=\"\" class=\"wp-image-607\" srcset=\"https:\/\/atelieroniriquevitrail.fr\/wp-content\/uploads\/2024\/04\/20220705_162140-min-576x1024.jpg 576w, https:\/\/atelieroniriquevitrail.fr\/wp-content\/uploads\/2024\/04\/20220705_162140-min-169x300.jpg 169w, https:\/\/atelieroniriquevitrail.fr\/wp-content\/uploads\/2024\/04\/20220705_162140-min-768x1366.jpg 768w, https:\/\/atelieroniriquevitrail.fr\/wp-content\/uploads\/2024\/04\/20220705_162140-min-864x1536.jpg 864w, https:\/\/atelieroniriquevitrail.fr\/wp-content\/uploads\/2024\/04\/20220705_162140-min-1152x2048.jpg 1152w, https:\/\/atelieroniriquevitrail.fr\/wp-content\/uploads\/2024\/04\/20220705_162140-min-1200x2134.jpg 1200w, https:\/\/atelieroniriquevitrail.fr\/wp-content\/uploads\/2024\/04\/20220705_162140-min-scaled.jpg 1440w\" sizes=\"auto, (max-width: 576px) 100vw, 576px\" \/><\/figure>\n\n\n\n<figure class=\"wp-block-image size-large\"><img loading=\"lazy\" decoding=\"async\" width=\"560\" height=\"1024\" data-id=\"606\" src=\"https:\/\/atelieroniriquevitrail.fr\/wp-content\/uploads\/2024\/04\/20220629_161820-min-560x1024.jpg\" alt=\"\" class=\"wp-image-606\" srcset=\"https:\/\/atelieroniriquevitrail.fr\/wp-content\/uploads\/2024\/04\/20220629_161820-min-560x1024.jpg 560w, https:\/\/atelieroniriquevitrail.fr\/wp-content\/uploads\/2024\/04\/20220629_161820-min-164x300.jpg 164w, https:\/\/atelieroniriquevitrail.fr\/wp-content\/uploads\/2024\/04\/20220629_161820-min-768x1405.jpg 768w, https:\/\/atelieroniriquevitrail.fr\/wp-content\/uploads\/2024\/04\/20220629_161820-min-840x1536.jpg 840w, https:\/\/atelieroniriquevitrail.fr\/wp-content\/uploads\/2024\/04\/20220629_161820-min-1120x2048.jpg 1120w, https:\/\/atelieroniriquevitrail.fr\/wp-content\/uploads\/2024\/04\/20220629_161820-min-1200x2195.jpg 1200w, https:\/\/atelieroniriquevitrail.fr\/wp-content\/uploads\/2024\/04\/20220629_161820-min-scaled.jpg 1400w\" sizes=\"auto, (max-width: 560px) 100vw, 560px\" \/><\/figure>\n<\/figure>\n\n\n\n<h2 class=\"wp-block-heading has-text-align-center\">Technique du fusing<\/h2>\n\n\n\n<p>C&rsquo;est une des technique les plus r\u00e9centes du vitrail, m\u00eame si elle peine a \u00eatre reconnue comme telle.<\/p>\n\n\n\n<p>Elle consiste \u00e0 la cr\u00e9ation gr\u00e2ce \u00e0 la fusion maitris\u00e9e de verres compatibles par une cuisson dans un four technique montant progressivement pour atteindre aux alentours de 800\u00b0c \u00e0 son paroxysme.<\/p>\n\n\n\n<figure class=\"wp-block-image size-large is-style-rounded\"><img loading=\"lazy\" decoding=\"async\" width=\"768\" height=\"1024\" src=\"https:\/\/atelieroniriquevitrail.fr\/wp-content\/uploads\/2024\/04\/20240130_095157-min-768x1024.jpg\" alt=\"\" class=\"wp-image-605\" srcset=\"https:\/\/atelieroniriquevitrail.fr\/wp-content\/uploads\/2024\/04\/20240130_095157-min-768x1024.jpg 768w, https:\/\/atelieroniriquevitrail.fr\/wp-content\/uploads\/2024\/04\/20240130_095157-min-225x300.jpg 225w, https:\/\/atelieroniriquevitrail.fr\/wp-content\/uploads\/2024\/04\/20240130_095157-min-1152x1536.jpg 1152w, https:\/\/atelieroniriquevitrail.fr\/wp-content\/uploads\/2024\/04\/20240130_095157-min-1536x2048.jpg 1536w, https:\/\/atelieroniriquevitrail.fr\/wp-content\/uploads\/2024\/04\/20240130_095157-min-1200x1600.jpg 1200w, https:\/\/atelieroniriquevitrail.fr\/wp-content\/uploads\/2024\/04\/20240130_095157-min-1980x2640.jpg 1980w, https:\/\/atelieroniriquevitrail.fr\/wp-content\/uploads\/2024\/04\/20240130_095157-min-scaled.jpg 1920w\" sizes=\"auto, (max-width: 768px) 100vw, 768px\" \/><\/figure>\n\n\n\n<p><\/p>\n\n\n\n<h2 class=\"wp-block-heading has-text-align-center\">Un peu de technique<\/h2>\n\n\n\n<p class=\"has-text-align-center\">Si la technique a \u00e9volu\u00e9e avec le temps, la plupart des proc\u00e9d\u00e9s et outils sont identiques \u00e0 ceux de nos illustres pr\u00e9d\u00e9cesseurs ayant particip\u00e9s \u00e0 la cr\u00e9ation des plus magnificentes cath\u00e9drales.<\/p>\n\n\n\n<h4 class=\"wp-block-heading alignwide has-text-align-center\">Proc\u00e9dure moderne :<\/h4>\n\n\n\n<ol class=\"wp-block-list\">\n<li>La maquette : dessin pr\u00e9liminaire du futur panneau (g\u00e9n\u00e9ralement en grandeur r\u00e9elle).<\/li>\n\n\n\n<li>Le trac\u00e9 : on d\u00e9termine les futurs coupes pour les pi\u00e8ces de verre, le r\u00e9seau et le passage du chemin de plomb tout en cr\u00e9ant un calque qui sera utile tout au cours du montage.<\/li>\n\n\n\n<li>La d\u00e9coupe des gabarits au ciseau trois lames<\/li>\n\n\n\n<li>La coupe des pi\u00e8ces<\/li>\n\n\n\n<li>Le meulage et ajustage des pi\u00e8ces de verre (<strong>Uniquement pour le Tiffany<\/strong>)<\/li>\n\n\n\n<li>Le sertissage des pi\u00e8ces de verre avec le cuivre (<strong>Uniquement pour le Tiffany<\/strong>) <\/li>\n\n\n\n<li>Le montage du r\u00e9seau de plomb en suivant le chemin cr\u00e9er durant les \u00e9tapes pr\u00e9c\u00e9dentes (<strong>Uniquement pour le plomb<\/strong>).<\/li>\n\n\n\n<li>Le rabattage des plombs (deux techniques d\u00e9f\u00e9rentes \u00e0 ce niveau, en fonction des pr\u00e9f\u00e9rences : soit on rabats uniquement le recto et apr\u00e8s masticage du verso on le rabats ; soit, rabattage des deux face et du coup, masticage des deux faces) (<strong>Uniquement pour le plomb<\/strong>)<\/li>\n\n\n\n<li>La soudures\/brasage<\/li>\n\n\n\n<li>Le nettoyage des r\u00e9sidus de soudure<\/li>\n\n\n\n<li>Le masticage (<strong>Uniquement pour le plomb<\/strong>)<\/li>\n\n\n\n<li>Le nettoyage du mastic (<strong>Uniquement pour le plomb<\/strong>)<\/li>\n<\/ol>\n\n\n\n<h4 class=\"wp-block-heading alignfull has-text-align-center\">Outils<\/h4>\n\n\n\n<p><strong>Pour couper le verre<\/strong> :<\/p>\n\n\n\n<ul class=\"wp-block-list\">\n<li>Le coupe verre (qui est une des rares \u00e9volutions en passant d&rsquo;une technique de chocs thermiques au moyen \u00e2ge, \u00e0 la coupe au diamant durant la renaissance puis finalement la roulette au tungst\u00e8ne) avec de l&rsquo;huile de coupe<\/li>\n<\/ul>\n\n\n\n<ul class=\"wp-block-list\">\n<li>Pince \u00e0 gruger<\/li>\n<\/ul>\n\n\n\n<ul class=\"wp-block-list\">\n<li>Pinces \u00e0 encoches de diff\u00e9rentes tailles et formes selon la pi\u00e8ce \u00e0 ouvrir<\/li>\n<\/ul>\n\n\n\n<figure class=\"wp-block-gallery has-nested-images columns-default is-cropped wp-block-gallery-2 is-layout-flex wp-block-gallery-is-layout-flex\">\n<figure class=\"wp-block-image size-large\"><img loading=\"lazy\" decoding=\"async\" width=\"1024\" height=\"472\" data-id=\"578\" src=\"https:\/\/atelieroniriquevitrail.fr\/wp-content\/uploads\/2024\/04\/20211013_090004-min-1024x472.jpg\" alt=\"\" class=\"wp-image-578\" srcset=\"https:\/\/atelieroniriquevitrail.fr\/wp-content\/uploads\/2024\/04\/20211013_090004-min-1024x472.jpg 1024w, https:\/\/atelieroniriquevitrail.fr\/wp-content\/uploads\/2024\/04\/20211013_090004-min-300x138.jpg 300w, https:\/\/atelieroniriquevitrail.fr\/wp-content\/uploads\/2024\/04\/20211013_090004-min-768x354.jpg 768w, https:\/\/atelieroniriquevitrail.fr\/wp-content\/uploads\/2024\/04\/20211013_090004-min-1536x709.jpg 1536w, https:\/\/atelieroniriquevitrail.fr\/wp-content\/uploads\/2024\/04\/20211013_090004-min-2048x945.jpg 2048w, https:\/\/atelieroniriquevitrail.fr\/wp-content\/uploads\/2024\/04\/20211013_090004-min-1200x554.jpg 1200w, https:\/\/atelieroniriquevitrail.fr\/wp-content\/uploads\/2024\/04\/20211013_090004-min-1980x913.jpg 1980w\" sizes=\"auto, (max-width: 1024px) 100vw, 1024px\" \/><figcaption class=\"wp-element-caption\">Coupe verre avec roulette de tungst\u00e8ne et deux pinces \u00e0 encoche (plus un petit bout de pince a gruger \ud83d\ude42 )<\/figcaption><\/figure>\n<\/figure>\n\n\n\n<p><strong>Pour le montage :<\/strong><\/p>\n\n\n\n<ul class=\"wp-block-list\">\n<li>L&rsquo;ouvre plomb pour re\/faire le passage du verre dans le profil\u00e9 de plomb souple<\/li>\n<\/ul>\n\n\n\n<ul class=\"wp-block-list\">\n<li>Le marteau de verrier (avec un manche court)<\/li>\n<\/ul>\n\n\n\n<ul class=\"wp-block-list\">\n<li>Les clous de montages (permettant une s\u00e9parations entre les verres identique \u00e0 la dimension du futur plomb \u00e0 poser)<\/li>\n<\/ul>\n\n\n<div class=\"wp-block-image\">\n<figure class=\"aligncenter size-large\"><img loading=\"lazy\" decoding=\"async\" width=\"1024\" height=\"472\" src=\"https:\/\/atelieroniriquevitrail.fr\/wp-content\/uploads\/2024\/04\/20211004_120301-min-1024x472.jpg\" alt=\"\" class=\"wp-image-577\" srcset=\"https:\/\/atelieroniriquevitrail.fr\/wp-content\/uploads\/2024\/04\/20211004_120301-min-1024x472.jpg 1024w, https:\/\/atelieroniriquevitrail.fr\/wp-content\/uploads\/2024\/04\/20211004_120301-min-300x138.jpg 300w, https:\/\/atelieroniriquevitrail.fr\/wp-content\/uploads\/2024\/04\/20211004_120301-min-768x354.jpg 768w, https:\/\/atelieroniriquevitrail.fr\/wp-content\/uploads\/2024\/04\/20211004_120301-min-1536x709.jpg 1536w, https:\/\/atelieroniriquevitrail.fr\/wp-content\/uploads\/2024\/04\/20211004_120301-min-2048x945.jpg 2048w, https:\/\/atelieroniriquevitrail.fr\/wp-content\/uploads\/2024\/04\/20211004_120301-min-1200x554.jpg 1200w, https:\/\/atelieroniriquevitrail.fr\/wp-content\/uploads\/2024\/04\/20211004_120301-min-1980x913.jpg 1980w\" sizes=\"auto, (max-width: 1024px) 100vw, 1024px\" \/><figcaption class=\"wp-element-caption\">Clous de montage, Couteau coupe plomb, marteau de verrier et ouvre plomb<\/figcaption><\/figure>\n<\/div>\n\n\n<ul class=\"wp-block-list\">\n<li>Le rabas plomb pour refermer proprement le profil\u00e9 de plomb sur les verres<\/li>\n<\/ul>\n\n\n\n<p>Pour le Tiffany, l&rsquo;utilisation d&rsquo;une meuleuse \u00e0 verre est n\u00e9cessaire<\/p>\n\n\n\n<p><strong>Pour la brasure :<\/strong><\/p>\n\n\n\n<ul class=\"wp-block-list\">\n<li>Le fer \u00e0 souder pioche et de la st\u00e9arine pour le plomb ou un fer \u00e0 souder tige et du d\u00e9capant \u00e0 cuivre pour le Tiffany<\/li>\n<\/ul>\n\n\n\n<figure class=\"wp-block-gallery has-nested-images columns-default is-cropped wp-block-gallery-3 is-layout-flex wp-block-gallery-is-layout-flex\">\n<figure class=\"wp-block-image size-large\"><img loading=\"lazy\" decoding=\"async\" width=\"1024\" height=\"472\" data-id=\"575\" src=\"https:\/\/atelieroniriquevitrail.fr\/wp-content\/uploads\/2024\/04\/20210914_165217-min-1024x472.jpg\" alt=\"\" class=\"wp-image-575\" srcset=\"https:\/\/atelieroniriquevitrail.fr\/wp-content\/uploads\/2024\/04\/20210914_165217-min-1024x472.jpg 1024w, https:\/\/atelieroniriquevitrail.fr\/wp-content\/uploads\/2024\/04\/20210914_165217-min-300x138.jpg 300w, https:\/\/atelieroniriquevitrail.fr\/wp-content\/uploads\/2024\/04\/20210914_165217-min-768x354.jpg 768w, https:\/\/atelieroniriquevitrail.fr\/wp-content\/uploads\/2024\/04\/20210914_165217-min-1536x709.jpg 1536w, https:\/\/atelieroniriquevitrail.fr\/wp-content\/uploads\/2024\/04\/20210914_165217-min-2048x945.jpg 2048w, https:\/\/atelieroniriquevitrail.fr\/wp-content\/uploads\/2024\/04\/20210914_165217-min-1200x554.jpg 1200w, https:\/\/atelieroniriquevitrail.fr\/wp-content\/uploads\/2024\/04\/20210914_165217-min-1980x913.jpg 1980w\" sizes=\"auto, (max-width: 1024px) 100vw, 1024px\" \/><\/figure>\n<\/figure>\n\n\n\n<p><\/p>\n\n\n\n<div class=\"wp-block-cover alignfull\" style=\"min-height:138px;aspect-ratio:unset;\"><span aria-hidden=\"true\" class=\"wp-block-cover__background has-background-dim\"><\/span><img loading=\"lazy\" decoding=\"async\" width=\"394\" height=\"481\" class=\"wp-block-cover__image-background wp-image-504\" alt=\"\" src=\"https:\/\/atelieroniriquevitrail.fr\/wp-content\/uploads\/2024\/04\/Geometrie-sans-fond.png\" data-object-fit=\"cover\" srcset=\"https:\/\/atelieroniriquevitrail.fr\/wp-content\/uploads\/2024\/04\/Geometrie-sans-fond.png 394w, https:\/\/atelieroniriquevitrail.fr\/wp-content\/uploads\/2024\/04\/Geometrie-sans-fond-246x300.png 246w\" sizes=\"auto, (max-width: 394px) 100vw, 394px\" \/><div class=\"wp-block-cover__inner-container is-layout-flow wp-block-cover-is-layout-flow\">\n<h5 class=\"wp-block-heading has-text-align-center has-large-font-size\"><a href=\"https:\/\/atelieroniriquevitrail.fr\/?page_id=636\">Nos r\u00e9alisations<\/a><\/h5>\n<\/div><\/div>\n","protected":false},"excerpt":{"rendered":"<p>Petite histoire du vitrail europ\u00e9en Si il existait des claustras int\u00e9grant des pi\u00e8ces de verre translucides depuis l&rsquo;\u00e9poque Romaine, en l&rsquo;\u00e9tat actuel des nos connaissances (private joke \ud83d\ude09 ), le vitrail existe depuis le XIe si\u00e8cle (les premi\u00e8res traces de vitrail datent des environs de 1030 avec la d\u00e9couverte du Christ de Wissembourg) La technique [&hellip;]<\/p>\n","protected":false},"author":1,"featured_media":0,"parent":0,"menu_order":0,"comment_status":"closed","ping_status":"closed","template":"","meta":{"footnotes":""},"class_list":["post-110","page","type-page","status-publish","hentry"],"_links":{"self":[{"href":"https:\/\/atelieroniriquevitrail.fr\/index.php?rest_route=\/wp\/v2\/pages\/110","targetHints":{"allow":["GET"]}}],"collection":[{"href":"https:\/\/atelieroniriquevitrail.fr\/index.php?rest_route=\/wp\/v2\/pages"}],"about":[{"href":"https:\/\/atelieroniriquevitrail.fr\/index.php?rest_route=\/wp\/v2\/types\/page"}],"author":[{"embeddable":true,"href":"https:\/\/atelieroniriquevitrail.fr\/index.php?rest_route=\/wp\/v2\/users\/1"}],"replies":[{"embeddable":true,"href":"https:\/\/atelieroniriquevitrail.fr\/index.php?rest_route=%2Fwp%2Fv2%2Fcomments&post=110"}],"version-history":[{"count":23,"href":"https:\/\/atelieroniriquevitrail.fr\/index.php?rest_route=\/wp\/v2\/pages\/110\/revisions"}],"predecessor-version":[{"id":643,"href":"https:\/\/atelieroniriquevitrail.fr\/index.php?rest_route=\/wp\/v2\/pages\/110\/revisions\/643"}],"wp:attachment":[{"href":"https:\/\/atelieroniriquevitrail.fr\/index.php?rest_route=%2Fwp%2Fv2%2Fmedia&parent=110"}],"curies":[{"name":"wp","href":"https:\/\/api.w.org\/{rel}","templated":true}]}}