{"id":1111,"date":"2025-12-08T13:11:15","date_gmt":"2025-12-08T12:11:15","guid":{"rendered":"https:\/\/atelieroniriquevitrail.fr\/?page_id=1111"},"modified":"2026-04-30T12:56:37","modified_gmt":"2026-04-30T10:56:37","slug":"2026-2","status":"publish","type":"page","link":"https:\/\/atelieroniriquevitrail.fr\/?page_id=1111","title":{"rendered":"2026"},"content":{"rendered":"\n<h2 class=\"wp-block-heading has-text-align-center\">Janvier<\/h2>\n\n\n\n<p class=\"has-text-align-center\">Le vendredi 30 \u00e0 partir de 18h30 :<\/p>\n\n\n\n<p class=\"has-text-align-center\">Atelier d\u00e9couverte de la technique Tiffany avec l\u2019association La Maison du Tourisme de Nogent-Le-Roi sur le th\u00e8me de l\u2019Amour (Saint Valentin oblige \ud83d\ude09 ).<\/p>\n\n\n\n<figure class=\"wp-block-image size-large is-style-rounded\"><a href=\"https:\/\/atelieroniriquevitrail.fr\/?page_id=1138\"><img loading=\"lazy\" decoding=\"async\" width=\"724\" height=\"1024\" src=\"https:\/\/atelieroniriquevitrail.fr\/wp-content\/uploads\/2026\/01\/WhatsApp-Image-2026-01-30-at-16.55.31-724x1024.jpeg\" alt=\"\" class=\"wp-image-1141\" srcset=\"https:\/\/atelieroniriquevitrail.fr\/wp-content\/uploads\/2026\/01\/WhatsApp-Image-2026-01-30-at-16.55.31-724x1024.jpeg 724w, https:\/\/atelieroniriquevitrail.fr\/wp-content\/uploads\/2026\/01\/WhatsApp-Image-2026-01-30-at-16.55.31-212x300.jpeg 212w, https:\/\/atelieroniriquevitrail.fr\/wp-content\/uploads\/2026\/01\/WhatsApp-Image-2026-01-30-at-16.55.31-768x1086.jpeg 768w, https:\/\/atelieroniriquevitrail.fr\/wp-content\/uploads\/2026\/01\/WhatsApp-Image-2026-01-30-at-16.55.31-1086x1536.jpeg 1086w, https:\/\/atelieroniriquevitrail.fr\/wp-content\/uploads\/2026\/01\/WhatsApp-Image-2026-01-30-at-16.55.31-1200x1697.jpeg 1200w, https:\/\/atelieroniriquevitrail.fr\/wp-content\/uploads\/2026\/01\/WhatsApp-Image-2026-01-30-at-16.55.31.jpeg 1414w\" sizes=\"auto, (max-width: 724px) 100vw, 724px\" \/><\/a><\/figure>\n\n\n\n<h2 class=\"wp-block-heading has-text-align-center\">Mars<\/h2>\n\n\n\n<p class=\"has-text-align-center\">Samedi 28 et dimanche 29 Mars de 10h00 \u00e0 18h00 :<\/p>\n\n\n\n<p class=\"has-text-align-center\">12\u00e8me Salon des M\u00e9tiers d&rsquo;Art de Rambouillet<\/p>\n\n\n<div class=\"wp-block-image is-style-rounded\">\n<figure class=\"aligncenter size-large\"><a href=\"https:\/\/atelieroniriquevitrail.fr\/?page_id=1293\"><img loading=\"lazy\" decoding=\"async\" width=\"719\" height=\"1024\" src=\"https:\/\/atelieroniriquevitrail.fr\/wp-content\/uploads\/2026\/02\/28510-719x1024.jpg\" alt=\"\" class=\"wp-image-1278\" srcset=\"https:\/\/atelieroniriquevitrail.fr\/wp-content\/uploads\/2026\/02\/28510-719x1024.jpg 719w, https:\/\/atelieroniriquevitrail.fr\/wp-content\/uploads\/2026\/02\/28510-211x300.jpg 211w, https:\/\/atelieroniriquevitrail.fr\/wp-content\/uploads\/2026\/02\/28510-768x1094.jpg 768w, https:\/\/atelieroniriquevitrail.fr\/wp-content\/uploads\/2026\/02\/28510-1079x1536.jpg 1079w, https:\/\/atelieroniriquevitrail.fr\/wp-content\/uploads\/2026\/02\/28510-1200x1709.jpg 1200w, https:\/\/atelieroniriquevitrail.fr\/wp-content\/uploads\/2026\/02\/28510.jpg 1438w\" sizes=\"auto, (max-width: 719px) 100vw, 719px\" \/><\/a><\/figure>\n<\/div>\n\n\n<h2 class=\"wp-block-heading has-text-align-center\">Avril<\/h2>\n\n\n\n<p class=\"has-text-align-center\">Samedi 18 et dimanche 19 avril de 10h00 \u00e0 17h00<\/p>\n\n\n\n<p class=\"has-text-align-center\">Salon des M\u00e9tiers d&rsquo;Arts<\/p>\n\n\n<div class=\"wp-block-image\">\n<figure class=\"aligncenter size-full\"><a href=\"https:\/\/atelieroniriquevitrail.fr\/?page_id=1315\"><img loading=\"lazy\" decoding=\"async\" width=\"800\" height=\"600\" src=\"https:\/\/atelieroniriquevitrail.fr\/wp-content\/uploads\/2026\/03\/33981.jpg\" alt=\"\" class=\"wp-image-1284\" srcset=\"https:\/\/atelieroniriquevitrail.fr\/wp-content\/uploads\/2026\/03\/33981.jpg 800w, https:\/\/atelieroniriquevitrail.fr\/wp-content\/uploads\/2026\/03\/33981-300x225.jpg 300w, https:\/\/atelieroniriquevitrail.fr\/wp-content\/uploads\/2026\/03\/33981-768x576.jpg 768w\" sizes=\"auto, (max-width: 800px) 100vw, 800px\" \/><\/a><\/figure>\n<\/div>","protected":false},"excerpt":{"rendered":"<p>Janvier Le vendredi 30 \u00e0 partir de 18h30 : Atelier d\u00e9couverte de la technique Tiffany avec l\u2019association La Maison du Tourisme de Nogent-Le-Roi sur le th\u00e8me de l\u2019Amour (Saint Valentin oblige \ud83d\ude09 ). Mars Samedi 28 et dimanche 29 Mars de 10h00 \u00e0 18h00 : 12\u00e8me Salon des M\u00e9tiers d&rsquo;Art de Rambouillet Avril Samedi 18 [&hellip;]<\/p>\n","protected":false},"author":1,"featured_media":0,"parent":0,"menu_order":0,"comment_status":"closed","ping_status":"closed","template":"","meta":{"footnotes":""},"class_list":["post-1111","page","type-page","status-publish","hentry"],"_links":{"self":[{"href":"https:\/\/atelieroniriquevitrail.fr\/index.php?rest_route=\/wp\/v2\/pages\/1111","targetHints":{"allow":["GET"]}}],"collection":[{"href":"https:\/\/atelieroniriquevitrail.fr\/index.php?rest_route=\/wp\/v2\/pages"}],"about":[{"href":"https:\/\/atelieroniriquevitrail.fr\/index.php?rest_route=\/wp\/v2\/types\/page"}],"author":[{"embeddable":true,"href":"https:\/\/atelieroniriquevitrail.fr\/index.php?rest_route=\/wp\/v2\/users\/1"}],"replies":[{"embeddable":true,"href":"https:\/\/atelieroniriquevitrail.fr\/index.php?rest_route=%2Fwp%2Fv2%2Fcomments&post=1111"}],"version-history":[{"count":6,"href":"https:\/\/atelieroniriquevitrail.fr\/index.php?rest_route=\/wp\/v2\/pages\/1111\/revisions"}],"predecessor-version":[{"id":1340,"href":"https:\/\/atelieroniriquevitrail.fr\/index.php?rest_route=\/wp\/v2\/pages\/1111\/revisions\/1340"}],"wp:attachment":[{"href":"https:\/\/atelieroniriquevitrail.fr\/index.php?rest_route=%2Fwp%2Fv2%2Fmedia&parent=1111"}],"curies":[{"name":"wp","href":"https:\/\/api.w.org\/{rel}","templated":true}]}}