{"id":139,"date":"2024-04-09T17:19:26","date_gmt":"2024-04-09T15:19:26","guid":{"rendered":"https:\/\/atelieroniriquevitrail.fr\/?page_id=139"},"modified":"2026-02-08T20:50:12","modified_gmt":"2026-02-08T19:50:12","slug":"2024-2","status":"publish","type":"page","link":"https:\/\/atelieroniriquevitrail.fr\/?page_id=139","title":{"rendered":"2024"},"content":{"rendered":"\n<h2 class=\"wp-block-heading has-text-align-center\">MARS<\/h2>\n\n\n\n<p class=\"has-text-align-center\">Les 2 et 3 mars 2024 :<\/p>\n\n\n\n<p class=\"has-text-align-center\">10e Salon des M\u00e9tiers d\u2019Art de Rambouillet.<\/p>\n\n\n\n<figure class=\"wp-block-image size-full is-style-rounded\"><a href=\"https:\/\/atelieroniriquevitrail.fr\/?page_id=465\"><img loading=\"lazy\" decoding=\"async\" width=\"760\" height=\"500\" src=\"https:\/\/atelieroniriquevitrail.fr\/wp-content\/uploads\/2024\/04\/Agenda-Salon-Art_Plan-de-travail-1-760x500-1.png\" alt=\"\" class=\"wp-image-140\" srcset=\"https:\/\/atelieroniriquevitrail.fr\/wp-content\/uploads\/2024\/04\/Agenda-Salon-Art_Plan-de-travail-1-760x500-1.png 760w, https:\/\/atelieroniriquevitrail.fr\/wp-content\/uploads\/2024\/04\/Agenda-Salon-Art_Plan-de-travail-1-760x500-1-300x197.png 300w\" sizes=\"auto, (max-width: 760px) 100vw, 760px\" \/><\/a><\/figure>\n\n\n\n<p class=\"has-text-align-center\">29 mars 2024 :<\/p>\n\n\n\n<p class=\"has-text-align-center\">Premi\u00e8re initiation au vitrail avec l&rsquo;Association \u00ab\u00a0Plaisir de Faire\u00a0\u00bb de Maintenon.<\/p>\n\n\n\n<h2 class=\"wp-block-heading has-text-align-center\">AVRIL<\/h2>\n\n\n\n<p class=\"has-text-align-center\">Du 2 au 5 avril 2024 :<\/p>\n\n\n\n<p class=\"has-text-align-center\">Exposition au Cadr&rsquo;ent \u00e0 l&rsquo;occasion des Journ\u00e9es Europ\u00e9ennes des M\u00e9tiers d\u2019Art d\u2019Epernon.<\/p>\n\n\n\n<figure class=\"wp-block-image size-large is-style-rounded\"><a href=\"https:\/\/atelieroniriquevitrail.fr\/?page_id=473\"><img loading=\"lazy\" decoding=\"async\" width=\"1024\" height=\"667\" src=\"https:\/\/atelieroniriquevitrail.fr\/wp-content\/uploads\/2024\/04\/20240321_140118-1024x667.jpg\" alt=\"\" class=\"wp-image-142\" srcset=\"https:\/\/atelieroniriquevitrail.fr\/wp-content\/uploads\/2024\/04\/20240321_140118-1024x667.jpg 1024w, https:\/\/atelieroniriquevitrail.fr\/wp-content\/uploads\/2024\/04\/20240321_140118-300x196.jpg 300w, https:\/\/atelieroniriquevitrail.fr\/wp-content\/uploads\/2024\/04\/20240321_140118-768x501.jpg 768w, https:\/\/atelieroniriquevitrail.fr\/wp-content\/uploads\/2024\/04\/20240321_140118-1536x1001.jpg 1536w, https:\/\/atelieroniriquevitrail.fr\/wp-content\/uploads\/2024\/04\/20240321_140118-2048x1335.jpg 2048w, https:\/\/atelieroniriquevitrail.fr\/wp-content\/uploads\/2024\/04\/20240321_140118-1200x782.jpg 1200w, https:\/\/atelieroniriquevitrail.fr\/wp-content\/uploads\/2024\/04\/20240321_140118-1980x1290.jpg 1980w\" sizes=\"auto, (max-width: 1024px) 100vw, 1024px\" \/><\/a><\/figure>\n\n\n\n<p class=\"has-text-align-center\">Les 6 et 7 avril 2024 :<\/p>\n\n\n\n<p class=\"has-text-align-center\">Salon des Journ\u00e9es Europ\u00e9ennes des M\u00e9tiers d\u2019Art d\u2019Epernon.<\/p>\n\n\n\n<figure class=\"wp-block-image size-large is-style-rounded\"><a href=\"https:\/\/atelieroniriquevitrail.fr\/?page_id=479\"><img loading=\"lazy\" decoding=\"async\" width=\"1024\" height=\"768\" src=\"https:\/\/atelieroniriquevitrail.fr\/wp-content\/uploads\/2024\/04\/FB_IMG_1711032827616-1024x768.jpg\" alt=\"\" class=\"wp-image-141\" srcset=\"https:\/\/atelieroniriquevitrail.fr\/wp-content\/uploads\/2024\/04\/FB_IMG_1711032827616-1024x768.jpg 1024w, https:\/\/atelieroniriquevitrail.fr\/wp-content\/uploads\/2024\/04\/FB_IMG_1711032827616-300x225.jpg 300w, https:\/\/atelieroniriquevitrail.fr\/wp-content\/uploads\/2024\/04\/FB_IMG_1711032827616-768x576.jpg 768w, https:\/\/atelieroniriquevitrail.fr\/wp-content\/uploads\/2024\/04\/FB_IMG_1711032827616.jpg 1080w\" sizes=\"auto, (max-width: 1024px) 100vw, 1024px\" \/><\/a><\/figure>\n\n\n\n<h2 class=\"wp-block-heading has-text-align-center\">OCTOBRE<\/h2>\n\n\n\n<p class=\"has-text-align-center\">Le 3 octobre 2024 :<\/p>\n\n\n\n<p class=\"has-text-align-center\">L&rsquo;Artisanat C&rsquo;Chartres<\/p>\n\n\n<div class=\"wp-block-image is-style-rounded\">\n<figure class=\"aligncenter size-full\"><a href=\"https:\/\/atelieroniriquevitrail.fr\/?page_id=734\"><img loading=\"lazy\" decoding=\"async\" width=\"1703\" height=\"707\" src=\"https:\/\/atelieroniriquevitrail.fr\/wp-content\/uploads\/2024\/09\/retaille.jpeg\" alt=\"\" class=\"wp-image-694\" srcset=\"https:\/\/atelieroniriquevitrail.fr\/wp-content\/uploads\/2024\/09\/retaille.jpeg 1703w, https:\/\/atelieroniriquevitrail.fr\/wp-content\/uploads\/2024\/09\/retaille-300x125.jpeg 300w, https:\/\/atelieroniriquevitrail.fr\/wp-content\/uploads\/2024\/09\/retaille-1024x425.jpeg 1024w, https:\/\/atelieroniriquevitrail.fr\/wp-content\/uploads\/2024\/09\/retaille-768x319.jpeg 768w, https:\/\/atelieroniriquevitrail.fr\/wp-content\/uploads\/2024\/09\/retaille-1536x638.jpeg 1536w, https:\/\/atelieroniriquevitrail.fr\/wp-content\/uploads\/2024\/09\/retaille-1200x498.jpeg 1200w\" sizes=\"auto, (max-width: 1703px) 100vw, 1703px\" \/><\/a><\/figure>\n<\/div>\n\n\n<h2 class=\"wp-block-heading has-text-align-center\">NOVEMBRE<\/h2>\n\n\n\n<p class=\"has-text-align-center\">Stages de vitrail pour la Maison du Tourisme de Nogent Le Roi.<\/p>\n\n\n<div class=\"wp-block-image is-style-rounded\">\n<figure class=\"aligncenter size-large is-resized\"><a href=\"https:\/\/atelieroniriquevitrail.fr\/?page_id=747\"><img loading=\"lazy\" decoding=\"async\" width=\"1024\" height=\"897\" src=\"https:\/\/atelieroniriquevitrail.fr\/wp-content\/uploads\/2024\/10\/FB_IMG_1727282664797-min-1-1024x897.jpg\" alt=\"\" class=\"wp-image-745\" style=\"width:251px;height:auto\" srcset=\"https:\/\/atelieroniriquevitrail.fr\/wp-content\/uploads\/2024\/10\/FB_IMG_1727282664797-min-1-1024x897.jpg 1024w, https:\/\/atelieroniriquevitrail.fr\/wp-content\/uploads\/2024\/10\/FB_IMG_1727282664797-min-1-300x263.jpg 300w, https:\/\/atelieroniriquevitrail.fr\/wp-content\/uploads\/2024\/10\/FB_IMG_1727282664797-min-1-768x673.jpg 768w, https:\/\/atelieroniriquevitrail.fr\/wp-content\/uploads\/2024\/10\/FB_IMG_1727282664797-min-1-1536x1346.jpg 1536w, https:\/\/atelieroniriquevitrail.fr\/wp-content\/uploads\/2024\/10\/FB_IMG_1727282664797-min-1-1200x1051.jpg 1200w, https:\/\/atelieroniriquevitrail.fr\/wp-content\/uploads\/2024\/10\/FB_IMG_1727282664797-min-1.jpg 1968w\" sizes=\"auto, (max-width: 1024px) 100vw, 1024px\" \/><\/a><\/figure>\n<\/div>\n\n\n<p class=\"has-text-align-center\">Foire de la Saint Andr\u00e9 (avec le collectif LOCO)<\/p>\n\n\n\n<p class=\"has-text-align-center\"><em>Annul\u00e9e en raison des conditions m\u00e9t\u00e9orologiques <\/em><\/p>\n\n\n\n<figure class=\"wp-block-image size-large is-style-rounded\"><a href=\"https:\/\/www.lechorepublicain.fr\/chartres-28000\/loisirs\/la-traditionnelle-foire-de-la-saint-andre-a-chartres-est-annulee-ce-dimanche-24-novembre_14600390\/\"><img loading=\"lazy\" decoding=\"async\" width=\"1024\" height=\"577\" src=\"https:\/\/atelieroniriquevitrail.fr\/wp-content\/uploads\/2024\/11\/Saint-Andre-2024-1024x577.jpg\" alt=\"\" class=\"wp-image-793\" srcset=\"https:\/\/atelieroniriquevitrail.fr\/wp-content\/uploads\/2024\/11\/Saint-Andre-2024-1024x577.jpg 1024w, https:\/\/atelieroniriquevitrail.fr\/wp-content\/uploads\/2024\/11\/Saint-Andre-2024-300x169.jpg 300w, https:\/\/atelieroniriquevitrail.fr\/wp-content\/uploads\/2024\/11\/Saint-Andre-2024-768x432.jpg 768w, https:\/\/atelieroniriquevitrail.fr\/wp-content\/uploads\/2024\/11\/Saint-Andre-2024-1200x676.jpg 1200w, https:\/\/atelieroniriquevitrail.fr\/wp-content\/uploads\/2024\/11\/Saint-Andre-2024.jpg 1410w\" sizes=\"auto, (max-width: 1024px) 100vw, 1024px\" \/><\/a><\/figure>\n\n\n\n<h2 class=\"wp-block-heading has-text-align-center\">DECEMBRE<\/h2>\n\n\n\n<p class=\"has-text-align-center\">March\u00e9 de Noel Initiative Eure et Loir au c\u0153ur de la Cit\u00e9 de l&rsquo;Innovation, Le Coudray. <\/p>\n\n\n\n<figure class=\"wp-block-image size-large is-style-rounded\"><a href=\"https:\/\/atelieroniriquevitrail.fr\/?page_id=796\"><img loading=\"lazy\" decoding=\"async\" width=\"1024\" height=\"342\" src=\"https:\/\/atelieroniriquevitrail.fr\/wp-content\/uploads\/2024\/11\/image009-1024x342.jpg\" alt=\"\" class=\"wp-image-755\" srcset=\"https:\/\/atelieroniriquevitrail.fr\/wp-content\/uploads\/2024\/11\/image009-1024x342.jpg 1024w, https:\/\/atelieroniriquevitrail.fr\/wp-content\/uploads\/2024\/11\/image009-300x100.jpg 300w, https:\/\/atelieroniriquevitrail.fr\/wp-content\/uploads\/2024\/11\/image009-768x256.jpg 768w, https:\/\/atelieroniriquevitrail.fr\/wp-content\/uploads\/2024\/11\/image009.jpg 1180w\" sizes=\"auto, (max-width: 1024px) 100vw, 1024px\" \/><\/a><\/figure>\n\n\n\n<p class=\"has-text-align-center\">Troisi\u00e8me et dernier stage de vitrail pour la Maison du Tourisme de Nogent Le Roi.<\/p>\n\n\n<div class=\"wp-block-image is-style-rounded\">\n<figure class=\"aligncenter size-large is-resized\"><a href=\"https:\/\/atelieroniriquevitrail.fr\/?page_id=828\"><img loading=\"lazy\" decoding=\"async\" width=\"1024\" height=\"897\" src=\"https:\/\/atelieroniriquevitrail.fr\/wp-content\/uploads\/2024\/10\/FB_IMG_1727282664797-min-1-1024x897.jpg\" alt=\"\" class=\"wp-image-745\" style=\"width:251px;height:auto\" srcset=\"https:\/\/atelieroniriquevitrail.fr\/wp-content\/uploads\/2024\/10\/FB_IMG_1727282664797-min-1-1024x897.jpg 1024w, https:\/\/atelieroniriquevitrail.fr\/wp-content\/uploads\/2024\/10\/FB_IMG_1727282664797-min-1-300x263.jpg 300w, https:\/\/atelieroniriquevitrail.fr\/wp-content\/uploads\/2024\/10\/FB_IMG_1727282664797-min-1-768x673.jpg 768w, https:\/\/atelieroniriquevitrail.fr\/wp-content\/uploads\/2024\/10\/FB_IMG_1727282664797-min-1-1536x1346.jpg 1536w, https:\/\/atelieroniriquevitrail.fr\/wp-content\/uploads\/2024\/10\/FB_IMG_1727282664797-min-1-1200x1051.jpg 1200w, https:\/\/atelieroniriquevitrail.fr\/wp-content\/uploads\/2024\/10\/FB_IMG_1727282664797-min-1.jpg 1968w\" sizes=\"auto, (max-width: 1024px) 100vw, 1024px\" \/><\/a><\/figure>\n<\/div>\n\n\n<p><\/p>\n","protected":false},"excerpt":{"rendered":"<p>MARS Les 2 et 3 mars 2024 : 10e Salon des M\u00e9tiers d\u2019Art de Rambouillet. 29 mars 2024 : Premi\u00e8re initiation au vitrail avec l&rsquo;Association \u00ab\u00a0Plaisir de Faire\u00a0\u00bb de Maintenon. AVRIL Du 2 au 5 avril 2024 : Exposition au Cadr&rsquo;ent \u00e0 l&rsquo;occasion des Journ\u00e9es Europ\u00e9ennes des M\u00e9tiers d\u2019Art d\u2019Epernon. Les 6 et 7 avril [&hellip;]<\/p>\n","protected":false},"author":1,"featured_media":0,"parent":0,"menu_order":0,"comment_status":"closed","ping_status":"closed","template":"","meta":{"footnotes":""},"class_list":["post-139","page","type-page","status-publish","hentry"],"_links":{"self":[{"href":"https:\/\/atelieroniriquevitrail.fr\/index.php?rest_route=\/wp\/v2\/pages\/139","targetHints":{"allow":["GET"]}}],"collection":[{"href":"https:\/\/atelieroniriquevitrail.fr\/index.php?rest_route=\/wp\/v2\/pages"}],"about":[{"href":"https:\/\/atelieroniriquevitrail.fr\/index.php?rest_route=\/wp\/v2\/types\/page"}],"author":[{"embeddable":true,"href":"https:\/\/atelieroniriquevitrail.fr\/index.php?rest_route=\/wp\/v2\/users\/1"}],"replies":[{"embeddable":true,"href":"https:\/\/atelieroniriquevitrail.fr\/index.php?rest_route=%2Fwp%2Fv2%2Fcomments&post=139"}],"version-history":[{"count":21,"href":"https:\/\/atelieroniriquevitrail.fr\/index.php?rest_route=\/wp\/v2\/pages\/139\/revisions"}],"predecessor-version":[{"id":840,"href":"https:\/\/atelieroniriquevitrail.fr\/index.php?rest_route=\/wp\/v2\/pages\/139\/revisions\/840"}],"wp:attachment":[{"href":"https:\/\/atelieroniriquevitrail.fr\/index.php?rest_route=%2Fwp%2Fv2%2Fmedia&parent=139"}],"curies":[{"name":"wp","href":"https:\/\/api.w.org\/{rel}","templated":true}]}}