{"id":157,"date":"2024-04-09T17:36:15","date_gmt":"2024-04-09T15:36:15","guid":{"rendered":"https:\/\/atelieroniriquevitrail.fr\/?page_id=157"},"modified":"2026-02-08T20:50:12","modified_gmt":"2026-02-08T19:50:12","slug":"2023-2","status":"publish","type":"page","link":"https:\/\/atelieroniriquevitrail.fr\/?page_id=157","title":{"rendered":"2023"},"content":{"rendered":"\n<h2 class=\"wp-block-heading has-text-align-center\">F\u00e9vrier <\/h2>\n\n\n\n<p class=\"has-text-align-center\">Ouverture de l&rsquo;Atelier<\/p>\n\n\n\n<h2 class=\"wp-block-heading has-text-align-center\">Avril <\/h2>\n\n\n\n<p class=\"has-text-align-center\">Les 1er et 2 Avril :<\/p>\n\n\n\n<p class=\"has-text-align-center\">Salon des Journ\u00e9es Europ\u00e9ennes des M\u00e9tiers d&rsquo;Art d&rsquo;Epernon<\/p>\n\n\n\n<figure class=\"wp-block-image size-full is-style-rounded\"><a href=\"https:\/\/atelieroniriquevitrail.fr\/?page_id=442\"><img loading=\"lazy\" decoding=\"async\" width=\"718\" height=\"479\" src=\"https:\/\/atelieroniriquevitrail.fr\/wp-content\/uploads\/2024\/04\/jema-2023.jpg\" alt=\"\" class=\"wp-image-158\" srcset=\"https:\/\/atelieroniriquevitrail.fr\/wp-content\/uploads\/2024\/04\/jema-2023.jpg 718w, https:\/\/atelieroniriquevitrail.fr\/wp-content\/uploads\/2024\/04\/jema-2023-300x200.jpg 300w\" sizes=\"auto, (max-width: 718px) 100vw, 718px\" \/><\/a><\/figure>\n\n\n\n<h2 class=\"wp-block-heading has-text-align-center\">MAI<\/h2>\n\n\n\n<p class=\"has-text-align-center\">Remise du titre d&rsquo;Artisan d&rsquo;Art \u00e0 la Chambre des M\u00e9tiers et de l&rsquo;artisanat de l&rsquo;Eure et Loir.<\/p>\n\n\n\n<figure class=\"wp-block-image size-full is-style-rounded\"><img loading=\"lazy\" decoding=\"async\" width=\"834\" height=\"626\" src=\"https:\/\/atelieroniriquevitrail.fr\/wp-content\/uploads\/2024\/04\/IMG_20230503_183232_430.jpg\" alt=\"\" class=\"wp-image-185\" srcset=\"https:\/\/atelieroniriquevitrail.fr\/wp-content\/uploads\/2024\/04\/IMG_20230503_183232_430.jpg 834w, https:\/\/atelieroniriquevitrail.fr\/wp-content\/uploads\/2024\/04\/IMG_20230503_183232_430-300x225.jpg 300w, https:\/\/atelieroniriquevitrail.fr\/wp-content\/uploads\/2024\/04\/IMG_20230503_183232_430-768x576.jpg 768w\" sizes=\"auto, (max-width: 834px) 100vw, 834px\" \/><\/figure>\n\n\n\n<h2 class=\"wp-block-heading has-text-align-center\">Juin<\/h2>\n\n\n\n<p class=\"has-text-align-center\">Entr\u00e9e \u00e0 la Boutique LOCO Chartres<\/p>\n\n\n\n<figure class=\"wp-block-image size-full is-style-rounded\"><img loading=\"lazy\" decoding=\"async\" width=\"761\" height=\"763\" src=\"https:\/\/atelieroniriquevitrail.fr\/wp-content\/uploads\/2024\/04\/FB_IMG_1704672146567.jpg\" alt=\"\" class=\"wp-image-159\" srcset=\"https:\/\/atelieroniriquevitrail.fr\/wp-content\/uploads\/2024\/04\/FB_IMG_1704672146567.jpg 761w, https:\/\/atelieroniriquevitrail.fr\/wp-content\/uploads\/2024\/04\/FB_IMG_1704672146567-300x300.jpg 300w, https:\/\/atelieroniriquevitrail.fr\/wp-content\/uploads\/2024\/04\/FB_IMG_1704672146567-150x150.jpg 150w\" sizes=\"auto, (max-width: 761px) 100vw, 761px\" \/><\/figure>\n\n\n\n<h2 class=\"wp-block-heading has-text-align-center\">Septembre<\/h2>\n\n\n\n<p class=\"has-text-align-center\">Journ\u00e9e du patrimoine chez Loco Chartres avec d\u00e9monstrations<\/p>\n\n\n\n<h2 class=\"wp-block-heading has-text-align-center\">Octobre<\/h2>\n\n\n\n<p class=\"has-text-align-center\">Installation de l&rsquo;exposition de la Galerie du Vitrail \u00ab\u00a0Cr\u00e9ateurs verriers d&rsquo;Eure et Loir\u00a0\u00bb (ouverte jusqu&rsquo;au 26 mai 2024)<\/p>\n\n\n\n<figure class=\"wp-block-image size-large is-style-rounded\"><a href=\"https:\/\/atelieroniriquevitrail.fr\/?page_id=449\"><img loading=\"lazy\" decoding=\"async\" width=\"724\" height=\"1024\" src=\"https:\/\/atelieroniriquevitrail.fr\/wp-content\/uploads\/2024\/04\/Affiche-CV-EL-724x1024.png\" alt=\"\" class=\"wp-image-187\" srcset=\"https:\/\/atelieroniriquevitrail.fr\/wp-content\/uploads\/2024\/04\/Affiche-CV-EL-724x1024.png 724w, https:\/\/atelieroniriquevitrail.fr\/wp-content\/uploads\/2024\/04\/Affiche-CV-EL-212x300.png 212w, https:\/\/atelieroniriquevitrail.fr\/wp-content\/uploads\/2024\/04\/Affiche-CV-EL-768x1086.png 768w, https:\/\/atelieroniriquevitrail.fr\/wp-content\/uploads\/2024\/04\/Affiche-CV-EL-1086x1536.png 1086w, https:\/\/atelieroniriquevitrail.fr\/wp-content\/uploads\/2024\/04\/Affiche-CV-EL-1200x1697.png 1200w, https:\/\/atelieroniriquevitrail.fr\/wp-content\/uploads\/2024\/04\/Affiche-CV-EL.png 1414w\" sizes=\"auto, (max-width: 724px) 100vw, 724px\" \/><\/a><\/figure>\n\n\n\n<h2 class=\"wp-block-heading has-text-align-center\">Novembre<\/h2>\n\n\n\n<p class=\"has-text-align-center\"><a href=\"https:\/\/atelieroniriquevitrail.fr\/?page_id=517\">Foire de la Saint Andr\u00e9 de Chartres<\/a> pour Loco Chartres<\/p>\n\n\n\n<h2 class=\"wp-block-heading has-text-align-center\">D\u00e9cembre<\/h2>\n\n\n\n<p class=\"has-text-align-center\">March\u00e9 de No\u00ebl de la Cit\u00e9 de L&rsquo;innovation (Le Coudray)<\/p>\n\n\n\n<figure class=\"wp-block-image size-full\"><a href=\"https:\/\/atelieroniriquevitrail.fr\/?page_id=460\"><img loading=\"lazy\" decoding=\"async\" width=\"865\" height=\"329\" src=\"https:\/\/atelieroniriquevitrail.fr\/wp-content\/uploads\/2024\/04\/marche-de-noel.jpeg\" alt=\"\" class=\"wp-image-189\" srcset=\"https:\/\/atelieroniriquevitrail.fr\/wp-content\/uploads\/2024\/04\/marche-de-noel.jpeg 865w, https:\/\/atelieroniriquevitrail.fr\/wp-content\/uploads\/2024\/04\/marche-de-noel-300x114.jpeg 300w, https:\/\/atelieroniriquevitrail.fr\/wp-content\/uploads\/2024\/04\/marche-de-noel-768x292.jpeg 768w\" sizes=\"auto, (max-width: 865px) 100vw, 865px\" \/><\/a><\/figure>\n","protected":false},"excerpt":{"rendered":"<p>F\u00e9vrier Ouverture de l&rsquo;Atelier Avril Les 1er et 2 Avril : Salon des Journ\u00e9es Europ\u00e9ennes des M\u00e9tiers d&rsquo;Art d&rsquo;Epernon MAI Remise du titre d&rsquo;Artisan d&rsquo;Art \u00e0 la Chambre des M\u00e9tiers et de l&rsquo;artisanat de l&rsquo;Eure et Loir. Juin Entr\u00e9e \u00e0 la Boutique LOCO Chartres Septembre Journ\u00e9e du patrimoine chez Loco Chartres avec d\u00e9monstrations Octobre Installation [&hellip;]<\/p>\n","protected":false},"author":1,"featured_media":0,"parent":0,"menu_order":0,"comment_status":"closed","ping_status":"closed","template":"","meta":{"footnotes":""},"class_list":["post-157","page","type-page","status-publish","hentry"],"_links":{"self":[{"href":"https:\/\/atelieroniriquevitrail.fr\/index.php?rest_route=\/wp\/v2\/pages\/157","targetHints":{"allow":["GET"]}}],"collection":[{"href":"https:\/\/atelieroniriquevitrail.fr\/index.php?rest_route=\/wp\/v2\/pages"}],"about":[{"href":"https:\/\/atelieroniriquevitrail.fr\/index.php?rest_route=\/wp\/v2\/types\/page"}],"author":[{"embeddable":true,"href":"https:\/\/atelieroniriquevitrail.fr\/index.php?rest_route=\/wp\/v2\/users\/1"}],"replies":[{"embeddable":true,"href":"https:\/\/atelieroniriquevitrail.fr\/index.php?rest_route=%2Fwp%2Fv2%2Fcomments&post=157"}],"version-history":[{"count":8,"href":"https:\/\/atelieroniriquevitrail.fr\/index.php?rest_route=\/wp\/v2\/pages\/157\/revisions"}],"predecessor-version":[{"id":521,"href":"https:\/\/atelieroniriquevitrail.fr\/index.php?rest_route=\/wp\/v2\/pages\/157\/revisions\/521"}],"wp:attachment":[{"href":"https:\/\/atelieroniriquevitrail.fr\/index.php?rest_route=%2Fwp%2Fv2%2Fmedia&parent=157"}],"curies":[{"name":"wp","href":"https:\/\/api.w.org\/{rel}","templated":true}]}}