{"id":20,"date":"2024-03-29T16:24:00","date_gmt":"2024-03-29T15:24:00","guid":{"rendered":"https:\/\/atelieroniriquevitrail.fr\/?page_id=20"},"modified":"2026-02-08T20:50:12","modified_gmt":"2026-02-08T19:50:12","slug":"le-nouveau-e-mucem-ouvre-ses-portes-2","status":"publish","type":"page","link":"https:\/\/atelieroniriquevitrail.fr\/","title":{"rendered":"Atelier Onirique Vitrail"},"content":{"rendered":"\n<div class=\"wp-block-group alignwide is-nowrap is-layout-flex wp-container-core-group-is-layout-ad2f72ca wp-block-group-is-layout-flex\">\n<div class=\"wp-block-group alignwide\"><div class=\"wp-block-group__inner-container is-layout-flow wp-block-group-is-layout-flow\">\n<h3 class=\"wp-block-heading has-text-align-center\">Artisan d&rsquo; Arts Verriers<\/h3>\n\n\n\n<h3 class=\"wp-block-heading\">Vitrailliste situ\u00e9e en Eure et Loir<\/h3>\n<\/div><\/div>\n<\/div>\n\n\n\n<figure class=\"wp-block-image alignfull size-large\"><img loading=\"lazy\" decoding=\"async\" width=\"1024\" height=\"472\" src=\"https:\/\/atelieroniriquevitrail.fr\/wp-content\/uploads\/2024\/04\/20221003_094916-min-1024x472.png\" alt=\"\" class=\"wp-image-542\" srcset=\"https:\/\/atelieroniriquevitrail.fr\/wp-content\/uploads\/2024\/04\/20221003_094916-min-1024x472.png 1024w, https:\/\/atelieroniriquevitrail.fr\/wp-content\/uploads\/2024\/04\/20221003_094916-min-300x138.png 300w, https:\/\/atelieroniriquevitrail.fr\/wp-content\/uploads\/2024\/04\/20221003_094916-min-768x354.png 768w, https:\/\/atelieroniriquevitrail.fr\/wp-content\/uploads\/2024\/04\/20221003_094916-min-1536x708.png 1536w, https:\/\/atelieroniriquevitrail.fr\/wp-content\/uploads\/2024\/04\/20221003_094916-min-2048x944.png 2048w, https:\/\/atelieroniriquevitrail.fr\/wp-content\/uploads\/2024\/04\/20221003_094916-min-1200x553.png 1200w, https:\/\/atelieroniriquevitrail.fr\/wp-content\/uploads\/2024\/04\/20221003_094916-min-1980x913.png 1980w\" sizes=\"auto, (max-width: 1024px) 100vw, 1024px\" \/><\/figure>\n\n\n\n<div class=\"wp-block-query alignfull is-layout-flow wp-block-query-is-layout-flow\">\n<div class=\"wp-block-group alignfull\" style=\"padding-top:0;padding-right:var(--wp--preset--spacing--40);padding-bottom:var(--wp--preset--spacing--40);padding-left:var(--wp--preset--spacing--40)\"><div class=\"wp-block-group__inner-container is-layout-flow wp-block-group-is-layout-flow\">\n<div class=\"wp-block-group alignfull is-vertical is-content-justification-center is-layout-flex wp-container-core-group-is-layout-4b2eccd6 wp-block-group-is-layout-flex\">\n<div class=\"wp-block-query alignfull is-layout-flow wp-block-query-is-layout-flow\"><ul class=\"alignwide wp-block-post-template is-layout-flow wp-block-post-template-is-layout-flow\"><li class=\"wp-block-post post-1289 post type-post status-publish format-standard hentry category-blog\">\n\n<div class=\"wp-block-group alignwide\"><div class=\"wp-block-group__inner-container is-layout-constrained wp-block-group-is-layout-constrained\"><h2 class=\"wp-block-post-title\">Un nouvel \u00e9clat pour l\u2019atelier : l\u2019obtention du label \u00c9co-D\u00e9fi !<\/h2>\n\n<div class=\"has-text-align-center wp-block-post-excerpt\"><p class=\"wp-block-post-excerpt__excerpt\">C\u2019est avec une grande joie que je vous annonce une nouvelle \u00e9tape pour l&rsquo;atelier : l\u2019obtention du label \u00c9co-D\u00e9fi, grade Argent, d\u00e9cern\u00e9 par la CMA d&rsquo;Eure-et-Loir. Cette distinction r\u00e9compense notre engagement concret pour un artisanat plus durable. Dans le respect de l&rsquo;art du vitrail, nous avons mis en place des actions quotidiennes pour : Valoriser\u2026 <\/p><\/div><\/div><\/div>\n\n<\/li><li class=\"wp-block-post post-1280 post type-post status-publish format-standard hentry category-blog\">\n\n<div class=\"wp-block-group alignwide\"><div class=\"wp-block-group__inner-container is-layout-constrained wp-block-group-is-layout-constrained\"><h2 class=\"wp-block-post-title\">Les JEMA deviennent le Salon des M\u00e9tiers d&rsquo;arts<\/h2>\n\n<div class=\"has-text-align-center wp-block-post-excerpt\"><p class=\"wp-block-post-excerpt__excerpt\">Les Journ\u00e9es Europ\u00e9ennes des M\u00e9tiers d\u2019Art (JEMA) sont le rendez-vous incontournable des passionn\u00e9s de savoir-faire mais, raison d&rsquo;un d\u00e9calage d&rsquo;une semaine, elles deviennent le Salon des M\u00e9tiers d&rsquo;arts de la communaut\u00e9 de commune des portes eureliennes. Cette ann\u00e9e, votre atelier quitte ses quartiers habituels pour s&rsquo;installer dans le cadre majestueux du Ch\u00e2teau de Nogent-le-Roi, au\u2026 <\/p><\/div><\/div><\/div>\n\n<\/li><li class=\"wp-block-post post-1277 post type-post status-publish format-standard hentry category-blog\">\n\n<div class=\"wp-block-group alignwide\"><div class=\"wp-block-group__inner-container is-layout-constrained wp-block-group-is-layout-constrained\"><h2 class=\"wp-block-post-title\">L\u2019Atelier \u00e0 Rambouillet : 3e participation au Salon des M\u00e9tiers d\u2019Art !<\/h2>\n\n<div class=\"has-text-align-center wp-block-post-excerpt\"><p class=\"wp-block-post-excerpt__excerpt\">C\u2019est un rendez-vous que je ne manquerais pour rien au monde ! Pour la troisi\u00e8me ann\u00e9e cons\u00e9cutive, l\u2019atelier aura le plaisir d&rsquo;exposer ses cr\u00e9ations lors de la 12e \u00e9dition du Salon des M\u00e9tiers d\u2019Art de Rambouillet, les 28 et 29 mars 2026. \u200bOrganis\u00e9 par le Rotary Club \u00e0 la Salle Paten\u00f4tre, cet \u00e9v\u00e9nement est devenu\u2026 <\/p><\/div><\/div><\/div>\n\n<\/li><\/ul>\n\n<nav class=\"wp-block-query-pagination is-layout-flex wp-block-query-pagination-is-layout-flex\" aria-label=\"Pagination\">\n\n\n<div class=\"wp-block-query-pagination-numbers\"><span aria-current=\"page\" class=\"page-numbers current\">1<\/span>\n<a class=\"page-numbers\" href=\"?query-31-page=2&#038;rest_route=%2Fwp%2Fv2%2Fpages%2F20\">2<\/a>\n<a class=\"page-numbers\" href=\"?query-31-page=3&#038;rest_route=%2Fwp%2Fv2%2Fpages%2F20\">3<\/a>\n<span class=\"page-numbers dots\">\u2026<\/span>\n<a class=\"page-numbers\" href=\"?query-31-page=9&#038;rest_route=%2Fwp%2Fv2%2Fpages%2F20\">9<\/a><\/div>\n\n<a href=\"\/index.php?rest_route=%2Fwp%2Fv2%2Fpages%2F20&#038;query-31-page=2\" class=\"wp-block-query-pagination-next\">Page suivante<\/a>\n<\/nav>\n\n<\/div>\n<\/div>\n\n\n<div class=\"wp-block-image\">\n<figure class=\"aligncenter size-full is-resized\"><a href=\"https:\/\/atelieroniriquevitrail.fr\/?page_id=547\"><img loading=\"lazy\" decoding=\"async\" width=\"512\" height=\"512\" src=\"https:\/\/atelieroniriquevitrail.fr\/wp-content\/uploads\/2024\/04\/cropped-cropped-Taille-Portable_-Atelier-Onirique-_2_.png\" alt=\"\" class=\"wp-image-70\" style=\"width:228px;height:auto\" srcset=\"https:\/\/atelieroniriquevitrail.fr\/wp-content\/uploads\/2024\/04\/cropped-cropped-Taille-Portable_-Atelier-Onirique-_2_.png 512w, https:\/\/atelieroniriquevitrail.fr\/wp-content\/uploads\/2024\/04\/cropped-cropped-Taille-Portable_-Atelier-Onirique-_2_-300x300.png 300w, https:\/\/atelieroniriquevitrail.fr\/wp-content\/uploads\/2024\/04\/cropped-cropped-Taille-Portable_-Atelier-Onirique-_2_-150x150.png 150w, https:\/\/atelieroniriquevitrail.fr\/wp-content\/uploads\/2024\/04\/cropped-cropped-Taille-Portable_-Atelier-Onirique-_2_-270x270.png 270w, https:\/\/atelieroniriquevitrail.fr\/wp-content\/uploads\/2024\/04\/cropped-cropped-Taille-Portable_-Atelier-Onirique-_2_-192x192.png 192w, https:\/\/atelieroniriquevitrail.fr\/wp-content\/uploads\/2024\/04\/cropped-cropped-Taille-Portable_-Atelier-Onirique-_2_-180x180.png 180w, https:\/\/atelieroniriquevitrail.fr\/wp-content\/uploads\/2024\/04\/cropped-cropped-Taille-Portable_-Atelier-Onirique-_2_-32x32.png 32w\" sizes=\"auto, (max-width: 512px) 100vw, 512px\" \/><\/a><\/figure>\n<\/div><\/div><\/div>\n<\/div>\n\n\n\n<div class=\"wp-block-columns alignwide is-layout-flex wp-container-core-columns-is-layout-9d6595d7 wp-block-columns-is-layout-flex\">\n<div class=\"wp-block-column is-layout-flow wp-block-column-is-layout-flow\">\n<div class=\"wp-block-group\"><div class=\"wp-block-group__inner-container is-layout-flow wp-block-group-is-layout-flow\">\n<div class=\"wp-block-group alignfull\"><div class=\"wp-block-group__inner-container is-layout-constrained wp-block-group-is-layout-constrained\">\n<figure class=\"wp-block-image alignfull size-full is-style-rounded\"><a href=\"https:\/\/atelieroniriquevitrail.fr\/?page_id=106\"><img loading=\"lazy\" decoding=\"async\" width=\"2560\" height=\"1706\" src=\"https:\/\/atelieroniriquevitrail.fr\/wp-content\/uploads\/2024\/04\/PCB_6605-scaled.jpg\" alt=\"\" class=\"wp-image-94\" srcset=\"https:\/\/atelieroniriquevitrail.fr\/wp-content\/uploads\/2024\/04\/PCB_6605-scaled.jpg 2560w, https:\/\/atelieroniriquevitrail.fr\/wp-content\/uploads\/2024\/04\/PCB_6605-300x200.jpg 300w, https:\/\/atelieroniriquevitrail.fr\/wp-content\/uploads\/2024\/04\/PCB_6605-1024x683.jpg 1024w, https:\/\/atelieroniriquevitrail.fr\/wp-content\/uploads\/2024\/04\/PCB_6605-768x512.jpg 768w, https:\/\/atelieroniriquevitrail.fr\/wp-content\/uploads\/2024\/04\/PCB_6605-1536x1024.jpg 1536w, https:\/\/atelieroniriquevitrail.fr\/wp-content\/uploads\/2024\/04\/PCB_6605-2048x1365.jpg 2048w, https:\/\/atelieroniriquevitrail.fr\/wp-content\/uploads\/2024\/04\/PCB_6605-1200x800.jpg 1200w, https:\/\/atelieroniriquevitrail.fr\/wp-content\/uploads\/2024\/04\/PCB_6605-1980x1320.jpg 1980w\" sizes=\"auto, (max-width: 2560px) 100vw, 2560px\" \/><\/a><\/figure>\n\n\n\n<h3 class=\"wp-block-heading has-text-align-center\">Biographie<\/h3>\n<\/div><\/div>\n<\/div><\/div>\n\n\n\n<div class=\"wp-block-group\"><div class=\"wp-block-group__inner-container is-layout-flow wp-block-group-is-layout-flow\">\n<div class=\"wp-block-group alignfull\"><div class=\"wp-block-group__inner-container is-layout-constrained wp-block-group-is-layout-constrained\">\n<figure class=\"wp-block-image alignfull size-full is-style-rounded\"><a href=\"https:\/\/atelieroniriquevitrail.fr\/?page_id=636\"><img loading=\"lazy\" decoding=\"async\" width=\"2560\" height=\"1920\" src=\"https:\/\/atelieroniriquevitrail.fr\/wp-content\/uploads\/2024\/04\/20240119_105223-scaled.jpg\" alt=\"\" class=\"wp-image-97\" srcset=\"https:\/\/atelieroniriquevitrail.fr\/wp-content\/uploads\/2024\/04\/20240119_105223-scaled.jpg 2560w, https:\/\/atelieroniriquevitrail.fr\/wp-content\/uploads\/2024\/04\/20240119_105223-300x225.jpg 300w, https:\/\/atelieroniriquevitrail.fr\/wp-content\/uploads\/2024\/04\/20240119_105223-1024x768.jpg 1024w, https:\/\/atelieroniriquevitrail.fr\/wp-content\/uploads\/2024\/04\/20240119_105223-768x576.jpg 768w, https:\/\/atelieroniriquevitrail.fr\/wp-content\/uploads\/2024\/04\/20240119_105223-1536x1152.jpg 1536w, https:\/\/atelieroniriquevitrail.fr\/wp-content\/uploads\/2024\/04\/20240119_105223-2048x1536.jpg 2048w, https:\/\/atelieroniriquevitrail.fr\/wp-content\/uploads\/2024\/04\/20240119_105223-1200x900.jpg 1200w, https:\/\/atelieroniriquevitrail.fr\/wp-content\/uploads\/2024\/04\/20240119_105223-1980x1485.jpg 1980w\" sizes=\"auto, (max-width: 2560px) 100vw, 2560px\" \/><\/a><\/figure>\n\n\n\n<h3 class=\"wp-block-heading has-text-align-center\">Nos r\u00e9alisations<\/h3>\n<\/div><\/div>\n<\/div><\/div>\n<\/div>\n\n\n\n<div class=\"wp-block-column is-layout-flow wp-block-column-is-layout-flow\">\n<div class=\"wp-block-group\"><div class=\"wp-block-group__inner-container is-layout-flow wp-block-group-is-layout-flow\">\n<div class=\"wp-block-group alignfull\"><div class=\"wp-block-group__inner-container is-layout-constrained wp-block-group-is-layout-constrained\">\n<figure class=\"wp-block-image alignfull size-full is-style-rounded\"><a href=\"https:\/\/atelieroniriquevitrail.fr\/?page_id=108\"><img loading=\"lazy\" decoding=\"async\" width=\"577\" height=\"615\" src=\"https:\/\/atelieroniriquevitrail.fr\/wp-content\/uploads\/2024\/04\/Capture-decran-2024-04-11-182522.png\" alt=\"\" class=\"wp-image-493\" srcset=\"https:\/\/atelieroniriquevitrail.fr\/wp-content\/uploads\/2024\/04\/Capture-decran-2024-04-11-182522.png 577w, https:\/\/atelieroniriquevitrail.fr\/wp-content\/uploads\/2024\/04\/Capture-decran-2024-04-11-182522-281x300.png 281w\" sizes=\"auto, (max-width: 577px) 100vw, 577px\" \/><\/a><\/figure>\n\n\n\n<h3 class=\"wp-block-heading has-text-align-center\">Ils parlent de nous<\/h3>\n<\/div><\/div>\n<\/div><\/div>\n\n\n\n<div class=\"wp-block-group alignfull\"><div class=\"wp-block-group__inner-container is-layout-constrained wp-block-group-is-layout-constrained\">\n<figure class=\"wp-block-image alignfull size-full is-style-rounded\"><a href=\"https:\/\/atelieroniriquevitrail.fr\/?page_id=1111\"><img loading=\"lazy\" decoding=\"async\" width=\"1181\" height=\"1258\" src=\"https:\/\/atelieroniriquevitrail.fr\/wp-content\/uploads\/2024\/04\/20240406_112519-scaled-e1713439348774.jpg\" alt=\"Roll-Up et affiche de l'Atelier Onirique Vitrail\" class=\"wp-image-177\" srcset=\"https:\/\/atelieroniriquevitrail.fr\/wp-content\/uploads\/2024\/04\/20240406_112519-scaled-e1713439348774.jpg 1181w, https:\/\/atelieroniriquevitrail.fr\/wp-content\/uploads\/2024\/04\/20240406_112519-scaled-e1713439348774-282x300.jpg 282w, https:\/\/atelieroniriquevitrail.fr\/wp-content\/uploads\/2024\/04\/20240406_112519-scaled-e1713439348774-961x1024.jpg 961w, https:\/\/atelieroniriquevitrail.fr\/wp-content\/uploads\/2024\/04\/20240406_112519-scaled-e1713439348774-768x818.jpg 768w\" sizes=\"auto, (max-width: 1181px) 100vw, 1181px\" \/><\/a><\/figure>\n\n\n\n<div class=\"wp-block-group\"><div class=\"wp-block-group__inner-container is-layout-constrained wp-block-group-is-layout-constrained\">\n<h2 class=\"wp-block-heading has-text-align-center\">Ev\u00e8nements<\/h2>\n<\/div><\/div>\n<\/div><\/div>\n<\/div>\n<\/div>\n\n\n\n<div class=\"wp-block-buttons is-content-justification-center is-layout-flex wp-container-core-buttons-is-layout-16018d1d wp-block-buttons-is-layout-flex\">\n<div class=\"wp-block-button\"><a class=\"wp-block-button__link wp-element-button\" href=\"https:\/\/atelieroniriquevitrail.fr\/?page_id=22\">Nous contacter<\/a><\/div>\n<\/div>\n","protected":false},"excerpt":{"rendered":"<p>Artisan d&rsquo; Arts Verriers Vitrailliste situ\u00e9e en Eure et Loir Biographie Nos r\u00e9alisations Ils parlent de nous Ev\u00e8nements<\/p>\n","protected":false},"author":1,"featured_media":0,"parent":0,"menu_order":0,"comment_status":"closed","ping_status":"closed","template":"","meta":{"footnotes":""},"class_list":["post-20","page","type-page","status-publish","hentry"],"_links":{"self":[{"href":"https:\/\/atelieroniriquevitrail.fr\/index.php?rest_route=\/wp\/v2\/pages\/20","targetHints":{"allow":["GET"]}}],"collection":[{"href":"https:\/\/atelieroniriquevitrail.fr\/index.php?rest_route=\/wp\/v2\/pages"}],"about":[{"href":"https:\/\/atelieroniriquevitrail.fr\/index.php?rest_route=\/wp\/v2\/types\/page"}],"author":[{"embeddable":true,"href":"https:\/\/atelieroniriquevitrail.fr\/index.php?rest_route=\/wp\/v2\/users\/1"}],"replies":[{"embeddable":true,"href":"https:\/\/atelieroniriquevitrail.fr\/index.php?rest_route=%2Fwp%2Fv2%2Fcomments&post=20"}],"version-history":[{"count":66,"href":"https:\/\/atelieroniriquevitrail.fr\/index.php?rest_route=\/wp\/v2\/pages\/20\/revisions"}],"predecessor-version":[{"id":1126,"href":"https:\/\/atelieroniriquevitrail.fr\/index.php?rest_route=\/wp\/v2\/pages\/20\/revisions\/1126"}],"wp:attachment":[{"href":"https:\/\/atelieroniriquevitrail.fr\/index.php?rest_route=%2Fwp%2Fv2%2Fmedia&parent=20"}],"curies":[{"name":"wp","href":"https:\/\/api.w.org\/{rel}","templated":true}]}}