{"id":22,"date":"2024-03-29T16:24:00","date_gmt":"2024-03-29T15:24:00","guid":{"rendered":"https:\/\/atelieroniriquevitrail.fr\/?page_id=22"},"modified":"2026-02-08T20:50:12","modified_gmt":"2026-02-08T19:50:12","slug":"contact","status":"publish","type":"page","link":"https:\/\/atelieroniriquevitrail.fr\/?page_id=22","title":{"rendered":"Fiche de Contact"},"content":{"rendered":"\n<div class=\"wp-block-group alignfull\"><div class=\"wp-block-group__inner-container is-layout-constrained wp-block-group-is-layout-constrained\">\n<h4 class=\"wp-block-heading alignfull has-text-align-center\">Une id\u00e9e pour cette fen\u00eatre en vis \u00e0 vis avec le voisin ? <\/h4>\n\n\n\n<h4 class=\"wp-block-heading alignfull has-text-align-center\">Besoin d&rsquo;un pr\u00e9sent unique et personnalis\u00e9 ? <\/h4>\n\n\n\n<h4 class=\"wp-block-heading alignfull has-text-align-center\">Envie de donner \u00e0 votre int\u00e9rieur une touche onirique inimitable ?<\/h4>\n<\/div><\/div>\n\n\n\n<h5 class=\"wp-block-heading\"><em>Faites nous un petit message afin que nous voyons ensemble comment r\u00e9aliser votre r\u00eave en verre et en couleur.<\/em><\/h5>\n\n\n\n<figure class=\"wp-block-image size-large is-resized\"><img loading=\"lazy\" decoding=\"async\" width=\"1024\" height=\"472\" src=\"https:\/\/atelieroniriquevitrail.fr\/wp-content\/uploads\/2024\/04\/20221003_094916-min-1024x472.png\" alt=\"\" class=\"wp-image-542\" style=\"width:612px;height:auto\" srcset=\"https:\/\/atelieroniriquevitrail.fr\/wp-content\/uploads\/2024\/04\/20221003_094916-min-1024x472.png 1024w, https:\/\/atelieroniriquevitrail.fr\/wp-content\/uploads\/2024\/04\/20221003_094916-min-300x138.png 300w, https:\/\/atelieroniriquevitrail.fr\/wp-content\/uploads\/2024\/04\/20221003_094916-min-768x354.png 768w, https:\/\/atelieroniriquevitrail.fr\/wp-content\/uploads\/2024\/04\/20221003_094916-min-1536x708.png 1536w, https:\/\/atelieroniriquevitrail.fr\/wp-content\/uploads\/2024\/04\/20221003_094916-min-2048x944.png 2048w, https:\/\/atelieroniriquevitrail.fr\/wp-content\/uploads\/2024\/04\/20221003_094916-min-1200x553.png 1200w, https:\/\/atelieroniriquevitrail.fr\/wp-content\/uploads\/2024\/04\/20221003_094916-min-1980x913.png 1980w\" sizes=\"auto, (max-width: 1024px) 100vw, 1024px\" \/><\/figure>\n\n\n\n<div class=\"wp-block-contact-form-7-contact-form-selector\">\n<div class=\"wpcf7 no-js\" id=\"wpcf7-f88-o1\" lang=\"fr-FR\" dir=\"ltr\" data-wpcf7-id=\"88\">\n<div class=\"screen-reader-response\"><p role=\"status\" aria-live=\"polite\" aria-atomic=\"true\"><\/p> <ul><\/ul><\/div>\n<form action=\"\/index.php?rest_route=%2Fwp%2Fv2%2Fpages%2F22#wpcf7-f88-o1\" method=\"post\" class=\"wpcf7-form init\" aria-label=\"Formulaire de contact\" novalidate=\"novalidate\" data-status=\"init\">\n<fieldset class=\"hidden-fields-container\"><input type=\"hidden\" name=\"_wpcf7\" value=\"88\" \/><input type=\"hidden\" name=\"_wpcf7_version\" value=\"6.1.5\" \/><input type=\"hidden\" name=\"_wpcf7_locale\" value=\"fr_FR\" \/><input type=\"hidden\" name=\"_wpcf7_unit_tag\" value=\"wpcf7-f88-o1\" \/><input type=\"hidden\" name=\"_wpcf7_container_post\" value=\"0\" \/><input type=\"hidden\" name=\"_wpcf7_posted_data_hash\" value=\"\" \/>\n<\/fieldset>\n<p><label> Votre nom<br \/>\n<span class=\"wpcf7-form-control-wrap\" data-name=\"your-name\"><input size=\"40\" maxlength=\"400\" class=\"wpcf7-form-control wpcf7-text wpcf7-validates-as-required\" autocomplete=\"name\" aria-required=\"true\" aria-invalid=\"false\" value=\"\" type=\"text\" name=\"your-name\" \/><\/span> <\/label>\n<\/p>\n<p><label> Votre e-mail<br \/>\n<span class=\"wpcf7-form-control-wrap\" data-name=\"your-email\"><input size=\"40\" maxlength=\"400\" class=\"wpcf7-form-control wpcf7-email wpcf7-validates-as-required wpcf7-text wpcf7-validates-as-email\" autocomplete=\"email\" aria-required=\"true\" aria-invalid=\"false\" value=\"\" type=\"email\" name=\"your-email\" \/><\/span> <\/label>\n<\/p>\n<p><label> Objet<br \/>\n<span class=\"wpcf7-form-control-wrap\" data-name=\"your-subject\"><input size=\"40\" maxlength=\"400\" class=\"wpcf7-form-control wpcf7-text wpcf7-validates-as-required\" aria-required=\"true\" aria-invalid=\"false\" value=\"\" type=\"text\" name=\"your-subject\" \/><\/span> <\/label>\n<\/p>\n<p><label> Votre message<br \/>\n<span class=\"wpcf7-form-control-wrap\" data-name=\"your-message\"><textarea cols=\"40\" rows=\"10\" maxlength=\"2000\" class=\"wpcf7-form-control wpcf7-textarea\" aria-invalid=\"false\" name=\"your-message\"><\/textarea><\/span> <\/label>\n<\/p>\n<p><span class=\"wpcf7-form-control-wrap\" data-name=\"checkbox-636\"><span class=\"wpcf7-form-control wpcf7-checkbox wpcf7-validates-as-required En soumettant ce formulaire vous acceptez que les informations saisies soient exploites dans le cadre strict de votre demande\" id=\"Ensoumettantceformulairevousacceptezquelesinformationssaisiessoientexploitesdanslecadrestrictdevotredemande\"><span class=\"wpcf7-list-item first last\"><label><input type=\"checkbox\" name=\"checkbox-636[]\" value=\"En soumettant ce formulaire vous acceptez que les informations saisies soient exploit\u00e9es dans le cadre strict de votre demande\" \/><span class=\"wpcf7-list-item-label\">En soumettant ce formulaire vous acceptez que les informations saisies soient exploit\u00e9es dans le cadre strict de votre demande<\/span><\/label><\/span><\/span><\/span>\n<\/p>\n<p><p class=\"cf7ascaptcha\"><input name=\"cf7as_hdn_cpthaval1\" id=\"cf7as_hdn_cpthaval1\" type=\"hidden\" value=\"1\" \/><input name=\"cf7as_hdn_cpthaval2\" id=\"cf7as_hdn_cpthaval2\" type=\"hidden\" value=\"4\" \/><input name=\"cf7as_hdn_cpthaaction\" id=\"cf7as_hdn_cpthaaction\" type=\"hidden\" value=\"+\" \/>What is  <span class=\"cf7as-firstAct\">4<\/span> +<span class=\"cf7as-firstAct\"> 1<\/span> <br><span class=\"wpcf7-form-control-wrap cf7as-captchcode\" data-name=\"cf7as-captchcode\"> <input type=\"text\" aria-invalid=\"false\" aria-required=\"true\" class=\"wpcf7-form-control wpcf7-text wpcf7-validates-as-required\" size=\"5\" value=\"\" name=\"cf7as-captchcode\" placeholder=\"Type your answer\" style=\"width:200px;margin-bottom:10px;\" oninput=\"this.value = this.value.replace(\/[^0-9.]\/g, '').replace(\/(\\..*)\\.\/g, '$1');\"><\/span><input type=\"hidden\" name=\"cf7as-zplus\" value=\"\"><\/p><input type=\"hidden\" id=\"cf7as_captcha_nonce\" name=\"cf7as_captcha_nonce\" value=\"0732c4a934\" \/><input type=\"hidden\" name=\"_wp_http_referer\" value=\"\/index.php?rest_route=%2Fwp%2Fv2%2Fpages%2F22\" \/>\n<\/p>\n<p><input class=\"wpcf7-form-control wpcf7-submit has-spinner\" type=\"submit\" value=\"Envoyer\" \/>\n<\/p><div class=\"wpcf7-response-output\" aria-hidden=\"true\"><\/div>\n<\/form>\n<\/div>\n<\/div>\n","protected":false},"excerpt":{"rendered":"<p>Une id\u00e9e pour cette fen\u00eatre en vis \u00e0 vis avec le voisin ? Besoin d&rsquo;un pr\u00e9sent unique et personnalis\u00e9 ? Envie de donner \u00e0 votre int\u00e9rieur une touche onirique inimitable ? Faites nous un petit message afin que nous voyons ensemble comment r\u00e9aliser votre r\u00eave en verre et en couleur.<\/p>\n","protected":false},"author":1,"featured_media":0,"parent":0,"menu_order":0,"comment_status":"closed","ping_status":"closed","template":"","meta":{"footnotes":""},"class_list":["post-22","page","type-page","status-publish","hentry"],"_links":{"self":[{"href":"https:\/\/atelieroniriquevitrail.fr\/index.php?rest_route=\/wp\/v2\/pages\/22","targetHints":{"allow":["GET"]}}],"collection":[{"href":"https:\/\/atelieroniriquevitrail.fr\/index.php?rest_route=\/wp\/v2\/pages"}],"about":[{"href":"https:\/\/atelieroniriquevitrail.fr\/index.php?rest_route=\/wp\/v2\/types\/page"}],"author":[{"embeddable":true,"href":"https:\/\/atelieroniriquevitrail.fr\/index.php?rest_route=\/wp\/v2\/users\/1"}],"replies":[{"embeddable":true,"href":"https:\/\/atelieroniriquevitrail.fr\/index.php?rest_route=%2Fwp%2Fv2%2Fcomments&post=22"}],"version-history":[{"count":7,"href":"https:\/\/atelieroniriquevitrail.fr\/index.php?rest_route=\/wp\/v2\/pages\/22\/revisions"}],"predecessor-version":[{"id":556,"href":"https:\/\/atelieroniriquevitrail.fr\/index.php?rest_route=\/wp\/v2\/pages\/22\/revisions\/556"}],"wp:attachment":[{"href":"https:\/\/atelieroniriquevitrail.fr\/index.php?rest_route=%2Fwp%2Fv2%2Fmedia&parent=22"}],"curies":[{"name":"wp","href":"https:\/\/api.w.org\/{rel}","templated":true}]}}