{"id":274,"date":"2024-04-11T15:39:57","date_gmt":"2024-04-11T13:39:57","guid":{"rendered":"https:\/\/atelieroniriquevitrail.fr\/?page_id=274"},"modified":"2026-02-08T20:50:44","modified_gmt":"2026-02-08T19:50:44","slug":"stage-aux-ateliers-loire","status":"publish","type":"page","link":"https:\/\/atelieroniriquevitrail.fr\/?page_id=274","title":{"rendered":"Stage aux Ateliers LOIRE"},"content":{"rendered":"\n<h5 class=\"wp-block-heading has-text-align-center\">L\u00e8ves<\/h5>\n\n\n\n<figure class=\"wp-block-image size-large is-style-rounded\"><img loading=\"lazy\" decoding=\"async\" width=\"1024\" height=\"472\" src=\"https:\/\/atelieroniriquevitrail.fr\/wp-content\/uploads\/2024\/04\/20211028_132044-1024x472.jpg\" alt=\"\" class=\"wp-image-275\" srcset=\"https:\/\/atelieroniriquevitrail.fr\/wp-content\/uploads\/2024\/04\/20211028_132044-1024x472.jpg 1024w, https:\/\/atelieroniriquevitrail.fr\/wp-content\/uploads\/2024\/04\/20211028_132044-300x138.jpg 300w, https:\/\/atelieroniriquevitrail.fr\/wp-content\/uploads\/2024\/04\/20211028_132044-768x354.jpg 768w, https:\/\/atelieroniriquevitrail.fr\/wp-content\/uploads\/2024\/04\/20211028_132044-1536x709.jpg 1536w, https:\/\/atelieroniriquevitrail.fr\/wp-content\/uploads\/2024\/04\/20211028_132044-2048x945.jpg 2048w, https:\/\/atelieroniriquevitrail.fr\/wp-content\/uploads\/2024\/04\/20211028_132044-1200x554.jpg 1200w, https:\/\/atelieroniriquevitrail.fr\/wp-content\/uploads\/2024\/04\/20211028_132044-1980x913.jpg 1980w\" sizes=\"auto, (max-width: 1024px) 100vw, 1024px\" \/><\/figure>\n\n\n\n<p>Restauration compl\u00e8te d&rsquo;un panneau figuratif sauv\u00e9 d&rsquo;une \u00e9glise en ruine. Une grande quantit\u00e9 de pi\u00e8ces \u00e9taient bris\u00e9es et ont n\u00e9cessit\u00e9 d&rsquo;\u00eatre enti\u00e8rement refaite y compris la patine pour donner aux nouvelles pi\u00e8ces un aspect ancien raccord avec le reste de l&rsquo;ensemble.<\/p>\n\n\n\n<figure class=\"wp-block-gallery has-nested-images columns-default is-cropped wp-block-gallery-1 is-layout-flex wp-block-gallery-is-layout-flex\">\n<figure class=\"wp-block-image size-large\"><img loading=\"lazy\" decoding=\"async\" width=\"1024\" height=\"472\" data-id=\"349\" src=\"https:\/\/atelieroniriquevitrail.fr\/wp-content\/uploads\/2024\/04\/20220209_121011-9-1024x472.jpg\" alt=\"\" class=\"wp-image-349\" srcset=\"https:\/\/atelieroniriquevitrail.fr\/wp-content\/uploads\/2024\/04\/20220209_121011-9-1024x472.jpg 1024w, https:\/\/atelieroniriquevitrail.fr\/wp-content\/uploads\/2024\/04\/20220209_121011-9-300x138.jpg 300w, https:\/\/atelieroniriquevitrail.fr\/wp-content\/uploads\/2024\/04\/20220209_121011-9-768x354.jpg 768w, https:\/\/atelieroniriquevitrail.fr\/wp-content\/uploads\/2024\/04\/20220209_121011-9-1536x709.jpg 1536w, https:\/\/atelieroniriquevitrail.fr\/wp-content\/uploads\/2024\/04\/20220209_121011-9-2048x945.jpg 2048w, https:\/\/atelieroniriquevitrail.fr\/wp-content\/uploads\/2024\/04\/20220209_121011-9-1200x554.jpg 1200w, https:\/\/atelieroniriquevitrail.fr\/wp-content\/uploads\/2024\/04\/20220209_121011-9-1980x913.jpg 1980w\" sizes=\"auto, (max-width: 1024px) 100vw, 1024px\" \/><\/figure>\n\n\n\n<figure class=\"wp-block-image size-large\"><img loading=\"lazy\" decoding=\"async\" width=\"472\" height=\"1024\" data-id=\"347\" src=\"https:\/\/atelieroniriquevitrail.fr\/wp-content\/uploads\/2024\/04\/20220210_164510-9-472x1024.jpg\" alt=\"\" class=\"wp-image-347\" srcset=\"https:\/\/atelieroniriquevitrail.fr\/wp-content\/uploads\/2024\/04\/20220210_164510-9-472x1024.jpg 472w, https:\/\/atelieroniriquevitrail.fr\/wp-content\/uploads\/2024\/04\/20220210_164510-9-138x300.jpg 138w, https:\/\/atelieroniriquevitrail.fr\/wp-content\/uploads\/2024\/04\/20220210_164510-9-768x1665.jpg 768w, https:\/\/atelieroniriquevitrail.fr\/wp-content\/uploads\/2024\/04\/20220210_164510-9-709x1536.jpg 709w, https:\/\/atelieroniriquevitrail.fr\/wp-content\/uploads\/2024\/04\/20220210_164510-9-945x2048.jpg 945w, https:\/\/atelieroniriquevitrail.fr\/wp-content\/uploads\/2024\/04\/20220210_164510-9-1200x2601.jpg 1200w, https:\/\/atelieroniriquevitrail.fr\/wp-content\/uploads\/2024\/04\/20220210_164510-9-scaled.jpg 1181w\" sizes=\"auto, (max-width: 472px) 100vw, 472px\" \/><\/figure>\n\n\n\n<figure class=\"wp-block-image size-large\"><img loading=\"lazy\" decoding=\"async\" width=\"472\" height=\"1024\" data-id=\"352\" src=\"https:\/\/atelieroniriquevitrail.fr\/wp-content\/uploads\/2024\/04\/20220217_151636-9-472x1024.jpg\" alt=\"\" class=\"wp-image-352\" srcset=\"https:\/\/atelieroniriquevitrail.fr\/wp-content\/uploads\/2024\/04\/20220217_151636-9-472x1024.jpg 472w, https:\/\/atelieroniriquevitrail.fr\/wp-content\/uploads\/2024\/04\/20220217_151636-9-138x300.jpg 138w, https:\/\/atelieroniriquevitrail.fr\/wp-content\/uploads\/2024\/04\/20220217_151636-9-768x1665.jpg 768w, https:\/\/atelieroniriquevitrail.fr\/wp-content\/uploads\/2024\/04\/20220217_151636-9-709x1536.jpg 709w, https:\/\/atelieroniriquevitrail.fr\/wp-content\/uploads\/2024\/04\/20220217_151636-9-945x2048.jpg 945w, https:\/\/atelieroniriquevitrail.fr\/wp-content\/uploads\/2024\/04\/20220217_151636-9-1200x2601.jpg 1200w, https:\/\/atelieroniriquevitrail.fr\/wp-content\/uploads\/2024\/04\/20220217_151636-9-scaled.jpg 1181w\" sizes=\"auto, (max-width: 472px) 100vw, 472px\" \/><\/figure>\n\n\n\n<figure class=\"wp-block-image size-large\"><img loading=\"lazy\" decoding=\"async\" width=\"1181\" height=\"2560\" data-id=\"355\" src=\"https:\/\/atelieroniriquevitrail.fr\/wp-content\/uploads\/2024\/04\/20220216_165016-11-scaled.jpg\" alt=\"\" class=\"wp-image-355\" srcset=\"https:\/\/atelieroniriquevitrail.fr\/wp-content\/uploads\/2024\/04\/20220216_165016-11-scaled.jpg 1181w, https:\/\/atelieroniriquevitrail.fr\/wp-content\/uploads\/2024\/04\/20220216_165016-11-138x300.jpg 138w\" sizes=\"auto, (max-width: 1181px) 100vw, 1181px\" \/><\/figure>\n\n\n\n<figure class=\"wp-block-image size-large\"><img loading=\"lazy\" decoding=\"async\" width=\"472\" height=\"1024\" data-id=\"343\" src=\"https:\/\/atelieroniriquevitrail.fr\/wp-content\/uploads\/2024\/04\/20220217_121113-6-472x1024.jpg\" alt=\"\" class=\"wp-image-343\" srcset=\"https:\/\/atelieroniriquevitrail.fr\/wp-content\/uploads\/2024\/04\/20220217_121113-6-472x1024.jpg 472w, https:\/\/atelieroniriquevitrail.fr\/wp-content\/uploads\/2024\/04\/20220217_121113-6-138x300.jpg 138w, https:\/\/atelieroniriquevitrail.fr\/wp-content\/uploads\/2024\/04\/20220217_121113-6-768x1665.jpg 768w, https:\/\/atelieroniriquevitrail.fr\/wp-content\/uploads\/2024\/04\/20220217_121113-6-709x1536.jpg 709w, https:\/\/atelieroniriquevitrail.fr\/wp-content\/uploads\/2024\/04\/20220217_121113-6-945x2048.jpg 945w, https:\/\/atelieroniriquevitrail.fr\/wp-content\/uploads\/2024\/04\/20220217_121113-6-1200x2601.jpg 1200w, https:\/\/atelieroniriquevitrail.fr\/wp-content\/uploads\/2024\/04\/20220217_121113-6-scaled.jpg 1181w\" sizes=\"auto, (max-width: 472px) 100vw, 472px\" \/><\/figure>\n\n\n\n<figure class=\"wp-block-image size-large\"><img loading=\"lazy\" decoding=\"async\" width=\"1181\" height=\"2560\" data-id=\"353\" src=\"https:\/\/atelieroniriquevitrail.fr\/wp-content\/uploads\/2024\/04\/20220218_160318-9-scaled.jpg\" alt=\"\" class=\"wp-image-353\"\/><\/figure>\n<\/figure>\n","protected":false},"excerpt":{"rendered":"<p>L\u00e8ves Restauration compl\u00e8te d&rsquo;un panneau figuratif sauv\u00e9 d&rsquo;une \u00e9glise en ruine. Une grande quantit\u00e9 de pi\u00e8ces \u00e9taient bris\u00e9es et ont n\u00e9cessit\u00e9 d&rsquo;\u00eatre enti\u00e8rement refaite y compris la patine pour donner aux nouvelles pi\u00e8ces un aspect ancien raccord avec le reste de l&rsquo;ensemble.<\/p>\n","protected":false},"author":1,"featured_media":0,"parent":0,"menu_order":0,"comment_status":"closed","ping_status":"closed","template":"","meta":{"footnotes":""},"class_list":["post-274","page","type-page","status-publish","hentry"],"_links":{"self":[{"href":"https:\/\/atelieroniriquevitrail.fr\/index.php?rest_route=\/wp\/v2\/pages\/274","targetHints":{"allow":["GET"]}}],"collection":[{"href":"https:\/\/atelieroniriquevitrail.fr\/index.php?rest_route=\/wp\/v2\/pages"}],"about":[{"href":"https:\/\/atelieroniriquevitrail.fr\/index.php?rest_route=\/wp\/v2\/types\/page"}],"author":[{"embeddable":true,"href":"https:\/\/atelieroniriquevitrail.fr\/index.php?rest_route=\/wp\/v2\/users\/1"}],"replies":[{"embeddable":true,"href":"https:\/\/atelieroniriquevitrail.fr\/index.php?rest_route=%2Fwp%2Fv2%2Fcomments&post=274"}],"version-history":[{"count":4,"href":"https:\/\/atelieroniriquevitrail.fr\/index.php?rest_route=\/wp\/v2\/pages\/274\/revisions"}],"predecessor-version":[{"id":649,"href":"https:\/\/atelieroniriquevitrail.fr\/index.php?rest_route=\/wp\/v2\/pages\/274\/revisions\/649"}],"wp:attachment":[{"href":"https:\/\/atelieroniriquevitrail.fr\/index.php?rest_route=%2Fwp%2Fv2%2Fmedia&parent=274"}],"curies":[{"name":"wp","href":"https:\/\/api.w.org\/{rel}","templated":true}]}}