{"id":391,"date":"2024-04-11T16:39:59","date_gmt":"2024-04-11T14:39:59","guid":{"rendered":"https:\/\/atelieroniriquevitrail.fr\/?page_id=391"},"modified":"2026-02-08T20:50:32","modified_gmt":"2026-02-08T19:50:32","slug":"realisations-durant-la-formation","status":"publish","type":"page","link":"https:\/\/atelieroniriquevitrail.fr\/?page_id=391","title":{"rendered":"R\u00e9alisations durant la formation"},"content":{"rendered":"\n<p>Au cours de la formation et durant les dix mois (moins les deux de stage) il est donner de r\u00e9aliser une dizaine de panneau repr\u00e9sentant pour la plupart des g\u00e9om\u00e9tries plus ou moins courantes et quelques figuratifs :<\/p>\n\n\n\n<figure class=\"wp-block-image size-large\"><img loading=\"lazy\" decoding=\"async\" width=\"1024\" height=\"472\" src=\"https:\/\/atelieroniriquevitrail.fr\/wp-content\/uploads\/2024\/04\/20210914_093915-min-1024x472.jpg\" alt=\"\" class=\"wp-image-392\" srcset=\"https:\/\/atelieroniriquevitrail.fr\/wp-content\/uploads\/2024\/04\/20210914_093915-min-1024x472.jpg 1024w, https:\/\/atelieroniriquevitrail.fr\/wp-content\/uploads\/2024\/04\/20210914_093915-min-300x138.jpg 300w, https:\/\/atelieroniriquevitrail.fr\/wp-content\/uploads\/2024\/04\/20210914_093915-min-768x354.jpg 768w, https:\/\/atelieroniriquevitrail.fr\/wp-content\/uploads\/2024\/04\/20210914_093915-min-1536x709.jpg 1536w, https:\/\/atelieroniriquevitrail.fr\/wp-content\/uploads\/2024\/04\/20210914_093915-min-2048x945.jpg 2048w, https:\/\/atelieroniriquevitrail.fr\/wp-content\/uploads\/2024\/04\/20210914_093915-min-1200x554.jpg 1200w, https:\/\/atelieroniriquevitrail.fr\/wp-content\/uploads\/2024\/04\/20210914_093915-min-1980x913.jpg 1980w\" sizes=\"auto, (max-width: 1024px) 100vw, 1024px\" \/><\/figure>\n\n\n\n<figure class=\"wp-block-image size-large\"><img loading=\"lazy\" decoding=\"async\" width=\"736\" height=\"1024\" src=\"https:\/\/atelieroniriquevitrail.fr\/wp-content\/uploads\/2024\/04\/20211011_093404-min-736x1024.jpg\" alt=\"\" class=\"wp-image-393\" srcset=\"https:\/\/atelieroniriquevitrail.fr\/wp-content\/uploads\/2024\/04\/20211011_093404-min-736x1024.jpg 736w, https:\/\/atelieroniriquevitrail.fr\/wp-content\/uploads\/2024\/04\/20211011_093404-min-216x300.jpg 216w, https:\/\/atelieroniriquevitrail.fr\/wp-content\/uploads\/2024\/04\/20211011_093404-min-768x1069.jpg 768w, https:\/\/atelieroniriquevitrail.fr\/wp-content\/uploads\/2024\/04\/20211011_093404-min-1103x1536.jpg 1103w, https:\/\/atelieroniriquevitrail.fr\/wp-content\/uploads\/2024\/04\/20211011_093404-min-1471x2048.jpg 1471w, https:\/\/atelieroniriquevitrail.fr\/wp-content\/uploads\/2024\/04\/20211011_093404-min-1200x1670.jpg 1200w, https:\/\/atelieroniriquevitrail.fr\/wp-content\/uploads\/2024\/04\/20211011_093404-min-scaled.jpg 1839w\" sizes=\"auto, (max-width: 736px) 100vw, 736px\" \/><\/figure>\n\n\n\n<figure class=\"wp-block-image size-large\"><img loading=\"lazy\" decoding=\"async\" width=\"1024\" height=\"472\" src=\"https:\/\/atelieroniriquevitrail.fr\/wp-content\/uploads\/2024\/04\/20211019_161416-min-1024x472.jpg\" alt=\"\" class=\"wp-image-394\" srcset=\"https:\/\/atelieroniriquevitrail.fr\/wp-content\/uploads\/2024\/04\/20211019_161416-min-1024x472.jpg 1024w, https:\/\/atelieroniriquevitrail.fr\/wp-content\/uploads\/2024\/04\/20211019_161416-min-300x138.jpg 300w, https:\/\/atelieroniriquevitrail.fr\/wp-content\/uploads\/2024\/04\/20211019_161416-min-768x354.jpg 768w, https:\/\/atelieroniriquevitrail.fr\/wp-content\/uploads\/2024\/04\/20211019_161416-min-1536x709.jpg 1536w, https:\/\/atelieroniriquevitrail.fr\/wp-content\/uploads\/2024\/04\/20211019_161416-min-2048x945.jpg 2048w, https:\/\/atelieroniriquevitrail.fr\/wp-content\/uploads\/2024\/04\/20211019_161416-min-1200x554.jpg 1200w, https:\/\/atelieroniriquevitrail.fr\/wp-content\/uploads\/2024\/04\/20211019_161416-min-1980x913.jpg 1980w\" sizes=\"auto, (max-width: 1024px) 100vw, 1024px\" \/><\/figure>\n\n\n\n<figure class=\"wp-block-image size-large\"><img loading=\"lazy\" decoding=\"async\" width=\"1024\" height=\"472\" src=\"https:\/\/atelieroniriquevitrail.fr\/wp-content\/uploads\/2024\/04\/20211116_141656-min-1024x472.jpg\" alt=\"\" class=\"wp-image-395\" srcset=\"https:\/\/atelieroniriquevitrail.fr\/wp-content\/uploads\/2024\/04\/20211116_141656-min-1024x472.jpg 1024w, https:\/\/atelieroniriquevitrail.fr\/wp-content\/uploads\/2024\/04\/20211116_141656-min-300x138.jpg 300w, https:\/\/atelieroniriquevitrail.fr\/wp-content\/uploads\/2024\/04\/20211116_141656-min-768x354.jpg 768w, https:\/\/atelieroniriquevitrail.fr\/wp-content\/uploads\/2024\/04\/20211116_141656-min-1536x709.jpg 1536w, https:\/\/atelieroniriquevitrail.fr\/wp-content\/uploads\/2024\/04\/20211116_141656-min-2048x945.jpg 2048w, https:\/\/atelieroniriquevitrail.fr\/wp-content\/uploads\/2024\/04\/20211116_141656-min-1200x554.jpg 1200w, https:\/\/atelieroniriquevitrail.fr\/wp-content\/uploads\/2024\/04\/20211116_141656-min-1980x913.jpg 1980w\" sizes=\"auto, (max-width: 1024px) 100vw, 1024px\" \/><\/figure>\n\n\n\n<figure class=\"wp-block-image size-large\"><img loading=\"lazy\" decoding=\"async\" width=\"1024\" height=\"472\" src=\"https:\/\/atelieroniriquevitrail.fr\/wp-content\/uploads\/2024\/04\/20220111_151854-min-1024x472.jpg\" alt=\"\" class=\"wp-image-396\" srcset=\"https:\/\/atelieroniriquevitrail.fr\/wp-content\/uploads\/2024\/04\/20220111_151854-min-1024x472.jpg 1024w, https:\/\/atelieroniriquevitrail.fr\/wp-content\/uploads\/2024\/04\/20220111_151854-min-300x138.jpg 300w, https:\/\/atelieroniriquevitrail.fr\/wp-content\/uploads\/2024\/04\/20220111_151854-min-768x354.jpg 768w, https:\/\/atelieroniriquevitrail.fr\/wp-content\/uploads\/2024\/04\/20220111_151854-min-1536x709.jpg 1536w, https:\/\/atelieroniriquevitrail.fr\/wp-content\/uploads\/2024\/04\/20220111_151854-min-2048x945.jpg 2048w, https:\/\/atelieroniriquevitrail.fr\/wp-content\/uploads\/2024\/04\/20220111_151854-min-1200x554.jpg 1200w, https:\/\/atelieroniriquevitrail.fr\/wp-content\/uploads\/2024\/04\/20220111_151854-min-1980x913.jpg 1980w\" sizes=\"auto, (max-width: 1024px) 100vw, 1024px\" \/><\/figure>\n\n\n\n<figure class=\"wp-block-image size-large\"><img loading=\"lazy\" decoding=\"async\" width=\"1024\" height=\"788\" src=\"https:\/\/atelieroniriquevitrail.fr\/wp-content\/uploads\/2024\/04\/20211124_110421-min-1024x788.jpg\" alt=\"\" class=\"wp-image-397\" srcset=\"https:\/\/atelieroniriquevitrail.fr\/wp-content\/uploads\/2024\/04\/20211124_110421-min-1024x788.jpg 1024w, https:\/\/atelieroniriquevitrail.fr\/wp-content\/uploads\/2024\/04\/20211124_110421-min-300x231.jpg 300w, https:\/\/atelieroniriquevitrail.fr\/wp-content\/uploads\/2024\/04\/20211124_110421-min-768x591.jpg 768w, https:\/\/atelieroniriquevitrail.fr\/wp-content\/uploads\/2024\/04\/20211124_110421-min-1536x1182.jpg 1536w, https:\/\/atelieroniriquevitrail.fr\/wp-content\/uploads\/2024\/04\/20211124_110421-min-2048x1576.jpg 2048w, https:\/\/atelieroniriquevitrail.fr\/wp-content\/uploads\/2024\/04\/20211124_110421-min-1200x923.jpg 1200w, https:\/\/atelieroniriquevitrail.fr\/wp-content\/uploads\/2024\/04\/20211124_110421-min-1980x1524.jpg 1980w\" sizes=\"auto, (max-width: 1024px) 100vw, 1024px\" \/><\/figure>\n\n\n\n<figure class=\"wp-block-image size-large\"><img loading=\"lazy\" decoding=\"async\" width=\"1024\" height=\"472\" src=\"https:\/\/atelieroniriquevitrail.fr\/wp-content\/uploads\/2024\/04\/20220523_153332-min-1024x472.jpg\" alt=\"\" class=\"wp-image-398\" srcset=\"https:\/\/atelieroniriquevitrail.fr\/wp-content\/uploads\/2024\/04\/20220523_153332-min-1024x472.jpg 1024w, https:\/\/atelieroniriquevitrail.fr\/wp-content\/uploads\/2024\/04\/20220523_153332-min-300x138.jpg 300w, https:\/\/atelieroniriquevitrail.fr\/wp-content\/uploads\/2024\/04\/20220523_153332-min-768x354.jpg 768w, https:\/\/atelieroniriquevitrail.fr\/wp-content\/uploads\/2024\/04\/20220523_153332-min-1536x709.jpg 1536w, https:\/\/atelieroniriquevitrail.fr\/wp-content\/uploads\/2024\/04\/20220523_153332-min-2048x945.jpg 2048w, https:\/\/atelieroniriquevitrail.fr\/wp-content\/uploads\/2024\/04\/20220523_153332-min-1200x554.jpg 1200w, https:\/\/atelieroniriquevitrail.fr\/wp-content\/uploads\/2024\/04\/20220523_153332-min-1980x913.jpg 1980w\" sizes=\"auto, (max-width: 1024px) 100vw, 1024px\" \/><\/figure>\n\n\n\n<figure class=\"wp-block-image size-large\"><img loading=\"lazy\" decoding=\"async\" width=\"728\" height=\"1024\" src=\"https:\/\/atelieroniriquevitrail.fr\/wp-content\/uploads\/2024\/04\/20220201_154506-min-728x1024.jpg\" alt=\"\" class=\"wp-image-399\" srcset=\"https:\/\/atelieroniriquevitrail.fr\/wp-content\/uploads\/2024\/04\/20220201_154506-min-728x1024.jpg 728w, https:\/\/atelieroniriquevitrail.fr\/wp-content\/uploads\/2024\/04\/20220201_154506-min-213x300.jpg 213w, https:\/\/atelieroniriquevitrail.fr\/wp-content\/uploads\/2024\/04\/20220201_154506-min-768x1081.jpg 768w, https:\/\/atelieroniriquevitrail.fr\/wp-content\/uploads\/2024\/04\/20220201_154506-min-1092x1536.jpg 1092w, https:\/\/atelieroniriquevitrail.fr\/wp-content\/uploads\/2024\/04\/20220201_154506-min-1456x2048.jpg 1456w, https:\/\/atelieroniriquevitrail.fr\/wp-content\/uploads\/2024\/04\/20220201_154506-min-1200x1688.jpg 1200w, https:\/\/atelieroniriquevitrail.fr\/wp-content\/uploads\/2024\/04\/20220201_154506-min-scaled.jpg 1819w\" sizes=\"auto, (max-width: 728px) 100vw, 728px\" \/><\/figure>\n\n\n\n<figure class=\"wp-block-image size-large\"><img loading=\"lazy\" decoding=\"async\" width=\"1024\" height=\"472\" src=\"https:\/\/atelieroniriquevitrail.fr\/wp-content\/uploads\/2024\/04\/20220502_161658-min-1024x472.jpg\" alt=\"\" class=\"wp-image-400\" srcset=\"https:\/\/atelieroniriquevitrail.fr\/wp-content\/uploads\/2024\/04\/20220502_161658-min-1024x472.jpg 1024w, https:\/\/atelieroniriquevitrail.fr\/wp-content\/uploads\/2024\/04\/20220502_161658-min-300x138.jpg 300w, https:\/\/atelieroniriquevitrail.fr\/wp-content\/uploads\/2024\/04\/20220502_161658-min-768x354.jpg 768w, https:\/\/atelieroniriquevitrail.fr\/wp-content\/uploads\/2024\/04\/20220502_161658-min-1536x709.jpg 1536w, https:\/\/atelieroniriquevitrail.fr\/wp-content\/uploads\/2024\/04\/20220502_161658-min-2048x945.jpg 2048w, https:\/\/atelieroniriquevitrail.fr\/wp-content\/uploads\/2024\/04\/20220502_161658-min-1200x554.jpg 1200w, https:\/\/atelieroniriquevitrail.fr\/wp-content\/uploads\/2024\/04\/20220502_161658-min-1980x913.jpg 1980w\" sizes=\"auto, (max-width: 1024px) 100vw, 1024px\" \/><\/figure>\n\n\n\n<figure class=\"wp-block-image size-large\"><img loading=\"lazy\" decoding=\"async\" width=\"471\" height=\"1024\" src=\"https:\/\/atelieroniriquevitrail.fr\/wp-content\/uploads\/2024\/04\/20220510_165827-min-471x1024.jpg\" alt=\"\" class=\"wp-image-401\" srcset=\"https:\/\/atelieroniriquevitrail.fr\/wp-content\/uploads\/2024\/04\/20220510_165827-min-471x1024.jpg 471w, https:\/\/atelieroniriquevitrail.fr\/wp-content\/uploads\/2024\/04\/20220510_165827-min-138x300.jpg 138w, https:\/\/atelieroniriquevitrail.fr\/wp-content\/uploads\/2024\/04\/20220510_165827-min-768x1668.jpg 768w, https:\/\/atelieroniriquevitrail.fr\/wp-content\/uploads\/2024\/04\/20220510_165827-min-707x1536.jpg 707w, https:\/\/atelieroniriquevitrail.fr\/wp-content\/uploads\/2024\/04\/20220510_165827-min-943x2048.jpg 943w, https:\/\/atelieroniriquevitrail.fr\/wp-content\/uploads\/2024\/04\/20220510_165827-min-1200x2607.jpg 1200w, https:\/\/atelieroniriquevitrail.fr\/wp-content\/uploads\/2024\/04\/20220510_165827-min-scaled.jpg 1178w\" sizes=\"auto, (max-width: 471px) 100vw, 471px\" \/><\/figure>\n\n\n\n<p>Et le gros avantage d&rsquo;\u00eatre rapide, j&rsquo;ai pu faire quelques cr\u00e9ations suppl\u00e9mentaires \ud83d\ude42<\/p>\n\n\n\n<div class=\"wp-block-columns is-layout-flex wp-container-core-columns-is-layout-9d6595d7 wp-block-columns-is-layout-flex\">\n<div class=\"wp-block-column is-layout-flow wp-block-column-is-layout-flow\" style=\"flex-basis:100%\">\n<figure class=\"wp-block-gallery has-nested-images columns-default is-cropped wp-block-gallery-1 is-layout-flex wp-block-gallery-is-layout-flex\">\n<figure class=\"wp-block-image size-large\"><img loading=\"lazy\" decoding=\"async\" width=\"1024\" height=\"768\" data-id=\"413\" src=\"https:\/\/atelieroniriquevitrail.fr\/wp-content\/uploads\/2024\/04\/IMG_20220113_185431-min-2-1024x768.jpg\" alt=\"\" class=\"wp-image-413\" srcset=\"https:\/\/atelieroniriquevitrail.fr\/wp-content\/uploads\/2024\/04\/IMG_20220113_185431-min-2-1024x768.jpg 1024w, https:\/\/atelieroniriquevitrail.fr\/wp-content\/uploads\/2024\/04\/IMG_20220113_185431-min-2-300x225.jpg 300w, https:\/\/atelieroniriquevitrail.fr\/wp-content\/uploads\/2024\/04\/IMG_20220113_185431-min-2-768x576.jpg 768w, https:\/\/atelieroniriquevitrail.fr\/wp-content\/uploads\/2024\/04\/IMG_20220113_185431-min-2-1536x1152.jpg 1536w, https:\/\/atelieroniriquevitrail.fr\/wp-content\/uploads\/2024\/04\/IMG_20220113_185431-min-2-2048x1536.jpg 2048w, https:\/\/atelieroniriquevitrail.fr\/wp-content\/uploads\/2024\/04\/IMG_20220113_185431-min-2-1200x900.jpg 1200w, https:\/\/atelieroniriquevitrail.fr\/wp-content\/uploads\/2024\/04\/IMG_20220113_185431-min-2-1980x1485.jpg 1980w\" sizes=\"auto, (max-width: 1024px) 100vw, 1024px\" \/><\/figure>\n\n\n\n<figure class=\"wp-block-image size-large\"><a href=\"https:\/\/atelieroniriquevitrail.fr\/?page_id=437\"><img loading=\"lazy\" decoding=\"async\" width=\"1024\" height=\"720\" data-id=\"412\" src=\"https:\/\/atelieroniriquevitrail.fr\/wp-content\/uploads\/2024\/04\/20220112_161713-min-2-1024x720.jpg\" alt=\"\" class=\"wp-image-412\" srcset=\"https:\/\/atelieroniriquevitrail.fr\/wp-content\/uploads\/2024\/04\/20220112_161713-min-2-1024x720.jpg 1024w, https:\/\/atelieroniriquevitrail.fr\/wp-content\/uploads\/2024\/04\/20220112_161713-min-2-300x211.jpg 300w, https:\/\/atelieroniriquevitrail.fr\/wp-content\/uploads\/2024\/04\/20220112_161713-min-2-768x540.jpg 768w, https:\/\/atelieroniriquevitrail.fr\/wp-content\/uploads\/2024\/04\/20220112_161713-min-2-1536x1080.jpg 1536w, https:\/\/atelieroniriquevitrail.fr\/wp-content\/uploads\/2024\/04\/20220112_161713-min-2-2048x1440.jpg 2048w, https:\/\/atelieroniriquevitrail.fr\/wp-content\/uploads\/2024\/04\/20220112_161713-min-2-1200x844.jpg 1200w, https:\/\/atelieroniriquevitrail.fr\/wp-content\/uploads\/2024\/04\/20220112_161713-min-2-1980x1392.jpg 1980w\" sizes=\"auto, (max-width: 1024px) 100vw, 1024px\" \/><\/a><figcaption class=\"wp-element-caption\">Cr\u00e9ation libre pour une association (ma premi\u00e8re \u00ab\u00a0vente\u00a0\u00bb)<\/figcaption><\/figure>\n\n\n\n<figure class=\"wp-block-image size-large\"><img loading=\"lazy\" decoding=\"async\" width=\"471\" height=\"1024\" data-id=\"416\" src=\"https:\/\/atelieroniriquevitrail.fr\/wp-content\/uploads\/2024\/04\/20220301_152008-min-2-471x1024.jpg\" alt=\"\" class=\"wp-image-416\" srcset=\"https:\/\/atelieroniriquevitrail.fr\/wp-content\/uploads\/2024\/04\/20220301_152008-min-2-471x1024.jpg 471w, https:\/\/atelieroniriquevitrail.fr\/wp-content\/uploads\/2024\/04\/20220301_152008-min-2-138x300.jpg 138w, https:\/\/atelieroniriquevitrail.fr\/wp-content\/uploads\/2024\/04\/20220301_152008-min-2-768x1668.jpg 768w, https:\/\/atelieroniriquevitrail.fr\/wp-content\/uploads\/2024\/04\/20220301_152008-min-2-707x1536.jpg 707w, https:\/\/atelieroniriquevitrail.fr\/wp-content\/uploads\/2024\/04\/20220301_152008-min-2-943x2048.jpg 943w, https:\/\/atelieroniriquevitrail.fr\/wp-content\/uploads\/2024\/04\/20220301_152008-min-2-1200x2607.jpg 1200w, https:\/\/atelieroniriquevitrail.fr\/wp-content\/uploads\/2024\/04\/20220301_152008-min-2-scaled.jpg 1178w\" sizes=\"auto, (max-width: 471px) 100vw, 471px\" \/><figcaption class=\"wp-element-caption\">Le l\u00e9gendaire panneau \u00ab\u00a0Egyptienne\u00a0\u00bb<\/figcaption><\/figure>\n\n\n\n<figure class=\"wp-block-image size-large\"><img loading=\"lazy\" decoding=\"async\" width=\"2560\" height=\"1181\" data-id=\"414\" src=\"https:\/\/atelieroniriquevitrail.fr\/wp-content\/uploads\/2024\/04\/20220302_165245-min-2-scaled.jpg\" alt=\"\" class=\"wp-image-414\" srcset=\"https:\/\/atelieroniriquevitrail.fr\/wp-content\/uploads\/2024\/04\/20220302_165245-min-2-scaled.jpg 2560w, https:\/\/atelieroniriquevitrail.fr\/wp-content\/uploads\/2024\/04\/20220302_165245-min-2-300x138.jpg 300w\" sizes=\"auto, (max-width: 2560px) 100vw, 2560px\" \/><\/figure>\n\n\n\n<figure class=\"wp-block-image size-large\"><img loading=\"lazy\" decoding=\"async\" width=\"1024\" height=\"472\" data-id=\"415\" src=\"https:\/\/atelieroniriquevitrail.fr\/wp-content\/uploads\/2024\/04\/20220316_161152-min-2-1024x472.jpg\" alt=\"\" class=\"wp-image-415\" srcset=\"https:\/\/atelieroniriquevitrail.fr\/wp-content\/uploads\/2024\/04\/20220316_161152-min-2-1024x472.jpg 1024w, https:\/\/atelieroniriquevitrail.fr\/wp-content\/uploads\/2024\/04\/20220316_161152-min-2-300x138.jpg 300w, https:\/\/atelieroniriquevitrail.fr\/wp-content\/uploads\/2024\/04\/20220316_161152-min-2-768x354.jpg 768w, https:\/\/atelieroniriquevitrail.fr\/wp-content\/uploads\/2024\/04\/20220316_161152-min-2-1536x709.jpg 1536w, https:\/\/atelieroniriquevitrail.fr\/wp-content\/uploads\/2024\/04\/20220316_161152-min-2-2048x945.jpg 2048w, https:\/\/atelieroniriquevitrail.fr\/wp-content\/uploads\/2024\/04\/20220316_161152-min-2-1200x554.jpg 1200w, https:\/\/atelieroniriquevitrail.fr\/wp-content\/uploads\/2024\/04\/20220316_161152-min-2-1980x913.jpg 1980w\" sizes=\"auto, (max-width: 1024px) 100vw, 1024px\" \/><figcaption class=\"wp-element-caption\">Panneau complexe qui permet d&rsquo;aborder \u00ab\u00a0les pinces crocodiles\u00a0\u00bb<\/figcaption><\/figure>\n<\/figure>\n<\/div>\n<\/div>\n","protected":false},"excerpt":{"rendered":"<p>Au cours de la formation et durant les dix mois (moins les deux de stage) il est donner de r\u00e9aliser une dizaine de panneau repr\u00e9sentant pour la plupart des g\u00e9om\u00e9tries plus ou moins courantes et quelques figuratifs : Et le gros avantage d&rsquo;\u00eatre rapide, j&rsquo;ai pu faire quelques cr\u00e9ations suppl\u00e9mentaires \ud83d\ude42<\/p>\n","protected":false},"author":1,"featured_media":0,"parent":0,"menu_order":0,"comment_status":"closed","ping_status":"closed","template":"","meta":{"footnotes":""},"class_list":["post-391","page","type-page","status-publish","hentry"],"_links":{"self":[{"href":"https:\/\/atelieroniriquevitrail.fr\/index.php?rest_route=\/wp\/v2\/pages\/391","targetHints":{"allow":["GET"]}}],"collection":[{"href":"https:\/\/atelieroniriquevitrail.fr\/index.php?rest_route=\/wp\/v2\/pages"}],"about":[{"href":"https:\/\/atelieroniriquevitrail.fr\/index.php?rest_route=\/wp\/v2\/types\/page"}],"author":[{"embeddable":true,"href":"https:\/\/atelieroniriquevitrail.fr\/index.php?rest_route=\/wp\/v2\/users\/1"}],"replies":[{"embeddable":true,"href":"https:\/\/atelieroniriquevitrail.fr\/index.php?rest_route=%2Fwp%2Fv2%2Fcomments&post=391"}],"version-history":[{"count":2,"href":"https:\/\/atelieroniriquevitrail.fr\/index.php?rest_route=\/wp\/v2\/pages\/391\/revisions"}],"predecessor-version":[{"id":441,"href":"https:\/\/atelieroniriquevitrail.fr\/index.php?rest_route=\/wp\/v2\/pages\/391\/revisions\/441"}],"wp:attachment":[{"href":"https:\/\/atelieroniriquevitrail.fr\/index.php?rest_route=%2Fwp%2Fv2%2Fmedia&parent=391"}],"curies":[{"name":"wp","href":"https:\/\/api.w.org\/{rel}","templated":true}]}}