{"id":460,"date":"2024-04-11T17:55:25","date_gmt":"2024-04-11T15:55:25","guid":{"rendered":"https:\/\/atelieroniriquevitrail.fr\/?page_id=460"},"modified":"2026-02-08T20:50:32","modified_gmt":"2026-02-08T19:50:32","slug":"marche-de-noel-de-la-cite-de-linnovation","status":"publish","type":"page","link":"https:\/\/atelieroniriquevitrail.fr\/?page_id=460","title":{"rendered":"March\u00e9 de No\u00ebl de la Cit\u00e9 de L&rsquo;innovation"},"content":{"rendered":"\n<figure class=\"wp-block-image size-large\"><img loading=\"lazy\" decoding=\"async\" width=\"768\" height=\"1024\" src=\"https:\/\/atelieroniriquevitrail.fr\/wp-content\/uploads\/2024\/04\/20231205_155349-768x1024.jpg\" alt=\"\" class=\"wp-image-461\" srcset=\"https:\/\/atelieroniriquevitrail.fr\/wp-content\/uploads\/2024\/04\/20231205_155349-768x1024.jpg 768w, https:\/\/atelieroniriquevitrail.fr\/wp-content\/uploads\/2024\/04\/20231205_155349-225x300.jpg 225w, https:\/\/atelieroniriquevitrail.fr\/wp-content\/uploads\/2024\/04\/20231205_155349-1152x1536.jpg 1152w, https:\/\/atelieroniriquevitrail.fr\/wp-content\/uploads\/2024\/04\/20231205_155349-1536x2048.jpg 1536w, https:\/\/atelieroniriquevitrail.fr\/wp-content\/uploads\/2024\/04\/20231205_155349-1200x1600.jpg 1200w, https:\/\/atelieroniriquevitrail.fr\/wp-content\/uploads\/2024\/04\/20231205_155349-1980x2640.jpg 1980w, https:\/\/atelieroniriquevitrail.fr\/wp-content\/uploads\/2024\/04\/20231205_155349-scaled.jpg 1920w\" sizes=\"auto, (max-width: 768px) 100vw, 768px\" \/><\/figure>\n\n\n\n<figure class=\"wp-block-video\"><video height=\"1440\" style=\"aspect-ratio: 1080 \/ 1440;\" width=\"1080\" controls src=\"https:\/\/atelieroniriquevitrail.fr\/wp-content\/uploads\/2024\/04\/20231205_155401.mp4\"><\/video><\/figure>\n","protected":false},"excerpt":{"rendered":"","protected":false},"author":1,"featured_media":0,"parent":0,"menu_order":0,"comment_status":"closed","ping_status":"closed","template":"","meta":{"footnotes":""},"class_list":["post-460","page","type-page","status-publish","hentry"],"_links":{"self":[{"href":"https:\/\/atelieroniriquevitrail.fr\/index.php?rest_route=\/wp\/v2\/pages\/460","targetHints":{"allow":["GET"]}}],"collection":[{"href":"https:\/\/atelieroniriquevitrail.fr\/index.php?rest_route=\/wp\/v2\/pages"}],"about":[{"href":"https:\/\/atelieroniriquevitrail.fr\/index.php?rest_route=\/wp\/v2\/types\/page"}],"author":[{"embeddable":true,"href":"https:\/\/atelieroniriquevitrail.fr\/index.php?rest_route=\/wp\/v2\/users\/1"}],"replies":[{"embeddable":true,"href":"https:\/\/atelieroniriquevitrail.fr\/index.php?rest_route=%2Fwp%2Fv2%2Fcomments&post=460"}],"version-history":[{"count":1,"href":"https:\/\/atelieroniriquevitrail.fr\/index.php?rest_route=\/wp\/v2\/pages\/460\/revisions"}],"predecessor-version":[{"id":463,"href":"https:\/\/atelieroniriquevitrail.fr\/index.php?rest_route=\/wp\/v2\/pages\/460\/revisions\/463"}],"wp:attachment":[{"href":"https:\/\/atelieroniriquevitrail.fr\/index.php?rest_route=%2Fwp%2Fv2%2Fmedia&parent=460"}],"curies":[{"name":"wp","href":"https:\/\/api.w.org\/{rel}","templated":true}]}}