{"id":473,"date":"2024-04-11T18:05:44","date_gmt":"2024-04-11T16:05:44","guid":{"rendered":"https:\/\/atelieroniriquevitrail.fr\/?page_id=473"},"modified":"2026-02-08T20:50:12","modified_gmt":"2026-02-08T19:50:12","slug":"exposition-au-cadrent-a-loccasion-des-journees-europeennes-des-metiers","status":"publish","type":"page","link":"https:\/\/atelieroniriquevitrail.fr\/?page_id=473","title":{"rendered":"Exposition au Cadr&rsquo;ent \u00e0 l&rsquo;occasion des Journ\u00e9es Europ\u00e9ennes des M\u00e9tiers"},"content":{"rendered":"\n<figure class=\"wp-block-image size-large\"><img loading=\"lazy\" decoding=\"async\" width=\"473\" height=\"1024\" src=\"https:\/\/atelieroniriquevitrail.fr\/wp-content\/uploads\/2024\/04\/20240403_132117-min-473x1024.jpg\" alt=\"\" class=\"wp-image-474\" srcset=\"https:\/\/atelieroniriquevitrail.fr\/wp-content\/uploads\/2024\/04\/20240403_132117-min-473x1024.jpg 473w, https:\/\/atelieroniriquevitrail.fr\/wp-content\/uploads\/2024\/04\/20240403_132117-min-139x300.jpg 139w, https:\/\/atelieroniriquevitrail.fr\/wp-content\/uploads\/2024\/04\/20240403_132117-min-768x1663.jpg 768w, https:\/\/atelieroniriquevitrail.fr\/wp-content\/uploads\/2024\/04\/20240403_132117-min-709x1536.jpg 709w, https:\/\/atelieroniriquevitrail.fr\/wp-content\/uploads\/2024\/04\/20240403_132117-min-946x2048.jpg 946w, https:\/\/atelieroniriquevitrail.fr\/wp-content\/uploads\/2024\/04\/20240403_132117-min-1200x2599.jpg 1200w, https:\/\/atelieroniriquevitrail.fr\/wp-content\/uploads\/2024\/04\/20240403_132117-min-scaled.jpg 1182w\" sizes=\"auto, (max-width: 473px) 100vw, 473px\" \/><\/figure>\n\n\n\n<figure class=\"wp-block-video\"><video height=\"720\" style=\"aspect-ratio: 1280 \/ 720;\" width=\"1280\" controls src=\"https:\/\/atelieroniriquevitrail.fr\/wp-content\/uploads\/2024\/04\/Video-sans-titre-\u2010-Realisee-avec-Clipchamp-2.mp4\"><\/video><\/figure>\n\n\n\n<figure class=\"wp-block-image size-large\"><img loading=\"lazy\" decoding=\"async\" width=\"1024\" height=\"574\" src=\"https:\/\/atelieroniriquevitrail.fr\/wp-content\/uploads\/2024\/04\/Screenshot_20240404_141448_LinkedIn-min-1024x574.jpg\" alt=\"\" class=\"wp-image-476\" srcset=\"https:\/\/atelieroniriquevitrail.fr\/wp-content\/uploads\/2024\/04\/Screenshot_20240404_141448_LinkedIn-min-1024x574.jpg 1024w, https:\/\/atelieroniriquevitrail.fr\/wp-content\/uploads\/2024\/04\/Screenshot_20240404_141448_LinkedIn-min-300x168.jpg 300w, https:\/\/atelieroniriquevitrail.fr\/wp-content\/uploads\/2024\/04\/Screenshot_20240404_141448_LinkedIn-min-768x431.jpg 768w, https:\/\/atelieroniriquevitrail.fr\/wp-content\/uploads\/2024\/04\/Screenshot_20240404_141448_LinkedIn-min.jpg 1079w\" sizes=\"auto, (max-width: 1024px) 100vw, 1024px\" \/><\/figure>\n","protected":false},"excerpt":{"rendered":"","protected":false},"author":1,"featured_media":0,"parent":0,"menu_order":0,"comment_status":"closed","ping_status":"closed","template":"","meta":{"footnotes":""},"class_list":["post-473","page","type-page","status-publish","hentry"],"_links":{"self":[{"href":"https:\/\/atelieroniriquevitrail.fr\/index.php?rest_route=\/wp\/v2\/pages\/473","targetHints":{"allow":["GET"]}}],"collection":[{"href":"https:\/\/atelieroniriquevitrail.fr\/index.php?rest_route=\/wp\/v2\/pages"}],"about":[{"href":"https:\/\/atelieroniriquevitrail.fr\/index.php?rest_route=\/wp\/v2\/types\/page"}],"author":[{"embeddable":true,"href":"https:\/\/atelieroniriquevitrail.fr\/index.php?rest_route=\/wp\/v2\/users\/1"}],"replies":[{"embeddable":true,"href":"https:\/\/atelieroniriquevitrail.fr\/index.php?rest_route=%2Fwp%2Fv2%2Fcomments&post=473"}],"version-history":[{"count":1,"href":"https:\/\/atelieroniriquevitrail.fr\/index.php?rest_route=\/wp\/v2\/pages\/473\/revisions"}],"predecessor-version":[{"id":477,"href":"https:\/\/atelieroniriquevitrail.fr\/index.php?rest_route=\/wp\/v2\/pages\/473\/revisions\/477"}],"wp:attachment":[{"href":"https:\/\/atelieroniriquevitrail.fr\/index.php?rest_route=%2Fwp%2Fv2%2Fmedia&parent=473"}],"curies":[{"name":"wp","href":"https:\/\/api.w.org\/{rel}","templated":true}]}}