{"id":734,"date":"2024-10-08T12:58:19","date_gmt":"2024-10-08T10:58:19","guid":{"rendered":"https:\/\/atelieroniriquevitrail.fr\/?page_id=734"},"modified":"2026-02-08T20:50:12","modified_gmt":"2026-02-08T19:50:12","slug":"artisanat-cchartres","status":"publish","type":"page","link":"https:\/\/atelieroniriquevitrail.fr\/?page_id=734","title":{"rendered":"Artisanat C&rsquo;Chartres"},"content":{"rendered":"\n<p class=\"has-text-align-center\">Jeudi 3 Octobre 2024 de 14H00 \u00e0 20H00 avec la d\u00e9monstration de montage en 3D d&rsquo;une succulente de 18H45 \u00e0 19H45.<\/p>\n\n\n\n<figure class=\"wp-block-gallery has-nested-images columns-default is-cropped wp-block-gallery-1 is-layout-flex wp-block-gallery-is-layout-flex\">\n<figure class=\"wp-block-image size-large\"><img loading=\"lazy\" decoding=\"async\" width=\"1024\" height=\"572\" data-id=\"737\" src=\"https:\/\/atelieroniriquevitrail.fr\/wp-content\/uploads\/2024\/10\/20241003_125901-min-1024x572.jpg\" alt=\"\" class=\"wp-image-737\" srcset=\"https:\/\/atelieroniriquevitrail.fr\/wp-content\/uploads\/2024\/10\/20241003_125901-min-1024x572.jpg 1024w, https:\/\/atelieroniriquevitrail.fr\/wp-content\/uploads\/2024\/10\/20241003_125901-min-300x168.jpg 300w, https:\/\/atelieroniriquevitrail.fr\/wp-content\/uploads\/2024\/10\/20241003_125901-min-768x429.jpg 768w, https:\/\/atelieroniriquevitrail.fr\/wp-content\/uploads\/2024\/10\/20241003_125901-min-1536x859.jpg 1536w, https:\/\/atelieroniriquevitrail.fr\/wp-content\/uploads\/2024\/10\/20241003_125901-min-2048x1145.jpg 2048w, https:\/\/atelieroniriquevitrail.fr\/wp-content\/uploads\/2024\/10\/20241003_125901-min-1200x671.jpg 1200w, https:\/\/atelieroniriquevitrail.fr\/wp-content\/uploads\/2024\/10\/20241003_125901-min-1980x1107.jpg 1980w\" sizes=\"auto, (max-width: 1024px) 100vw, 1024px\" \/><\/figure>\n\n\n\n<figure class=\"wp-block-image size-large\"><img loading=\"lazy\" decoding=\"async\" width=\"1024\" height=\"473\" data-id=\"736\" src=\"https:\/\/atelieroniriquevitrail.fr\/wp-content\/uploads\/2024\/10\/20241003_141856-min-1024x473.jpg\" alt=\"\" class=\"wp-image-736\" srcset=\"https:\/\/atelieroniriquevitrail.fr\/wp-content\/uploads\/2024\/10\/20241003_141856-min-1024x473.jpg 1024w, https:\/\/atelieroniriquevitrail.fr\/wp-content\/uploads\/2024\/10\/20241003_141856-min-300x139.jpg 300w, https:\/\/atelieroniriquevitrail.fr\/wp-content\/uploads\/2024\/10\/20241003_141856-min-768x355.jpg 768w, https:\/\/atelieroniriquevitrail.fr\/wp-content\/uploads\/2024\/10\/20241003_141856-min-1536x709.jpg 1536w, https:\/\/atelieroniriquevitrail.fr\/wp-content\/uploads\/2024\/10\/20241003_141856-min-2048x946.jpg 2048w, https:\/\/atelieroniriquevitrail.fr\/wp-content\/uploads\/2024\/10\/20241003_141856-min-1200x554.jpg 1200w, https:\/\/atelieroniriquevitrail.fr\/wp-content\/uploads\/2024\/10\/20241003_141856-min-1980x914.jpg 1980w\" sizes=\"auto, (max-width: 1024px) 100vw, 1024px\" \/><\/figure>\n<\/figure>\n\n\n\n<figure class=\"wp-block-video\"><video height=\"1920\" style=\"aspect-ratio: 1080 \/ 1920;\" width=\"1080\" controls src=\"https:\/\/atelieroniriquevitrail.fr\/wp-content\/uploads\/2024\/10\/20241003_160657.mp4\"><\/video><\/figure>\n\n\n\n<figure class=\"wp-block-gallery has-nested-images columns-default is-cropped wp-block-gallery-2 is-layout-flex wp-block-gallery-is-layout-flex\">\n<figure class=\"wp-block-image size-large\"><img loading=\"lazy\" decoding=\"async\" width=\"1024\" height=\"768\" data-id=\"739\" src=\"https:\/\/atelieroniriquevitrail.fr\/wp-content\/uploads\/2024\/10\/IMG-20241006-WA0000-min-1024x768.jpg\" alt=\"\" class=\"wp-image-739\" srcset=\"https:\/\/atelieroniriquevitrail.fr\/wp-content\/uploads\/2024\/10\/IMG-20241006-WA0000-min-1024x768.jpg 1024w, https:\/\/atelieroniriquevitrail.fr\/wp-content\/uploads\/2024\/10\/IMG-20241006-WA0000-min-300x225.jpg 300w, https:\/\/atelieroniriquevitrail.fr\/wp-content\/uploads\/2024\/10\/IMG-20241006-WA0000-min-768x576.jpg 768w, https:\/\/atelieroniriquevitrail.fr\/wp-content\/uploads\/2024\/10\/IMG-20241006-WA0000-min-1536x1152.jpg 1536w, https:\/\/atelieroniriquevitrail.fr\/wp-content\/uploads\/2024\/10\/IMG-20241006-WA0000-min-1200x900.jpg 1200w, https:\/\/atelieroniriquevitrail.fr\/wp-content\/uploads\/2024\/10\/IMG-20241006-WA0000-min.jpg 1600w\" sizes=\"auto, (max-width: 1024px) 100vw, 1024px\" \/><\/figure>\n\n\n\n<figure class=\"wp-block-image size-large\"><img loading=\"lazy\" decoding=\"async\" width=\"768\" height=\"1024\" data-id=\"740\" src=\"https:\/\/atelieroniriquevitrail.fr\/wp-content\/uploads\/2024\/10\/IMG-20241006-WA0004-min-768x1024.jpg\" alt=\"\" class=\"wp-image-740\" srcset=\"https:\/\/atelieroniriquevitrail.fr\/wp-content\/uploads\/2024\/10\/IMG-20241006-WA0004-min-768x1024.jpg 768w, https:\/\/atelieroniriquevitrail.fr\/wp-content\/uploads\/2024\/10\/IMG-20241006-WA0004-min-225x300.jpg 225w, https:\/\/atelieroniriquevitrail.fr\/wp-content\/uploads\/2024\/10\/IMG-20241006-WA0004-min-1152x1536.jpg 1152w, https:\/\/atelieroniriquevitrail.fr\/wp-content\/uploads\/2024\/10\/IMG-20241006-WA0004-min.jpg 1200w\" sizes=\"auto, (max-width: 768px) 100vw, 768px\" \/><\/figure>\n<\/figure>\n\n\n\n<p><\/p>\n","protected":false},"excerpt":{"rendered":"<p>Jeudi 3 Octobre 2024 de 14H00 \u00e0 20H00 avec la d\u00e9monstration de montage en 3D d&rsquo;une succulente de 18H45 \u00e0 19H45.<\/p>\n","protected":false},"author":1,"featured_media":0,"parent":0,"menu_order":0,"comment_status":"closed","ping_status":"closed","template":"","meta":{"footnotes":""},"class_list":["post-734","page","type-page","status-publish","hentry"],"_links":{"self":[{"href":"https:\/\/atelieroniriquevitrail.fr\/index.php?rest_route=\/wp\/v2\/pages\/734","targetHints":{"allow":["GET"]}}],"collection":[{"href":"https:\/\/atelieroniriquevitrail.fr\/index.php?rest_route=\/wp\/v2\/pages"}],"about":[{"href":"https:\/\/atelieroniriquevitrail.fr\/index.php?rest_route=\/wp\/v2\/types\/page"}],"author":[{"embeddable":true,"href":"https:\/\/atelieroniriquevitrail.fr\/index.php?rest_route=\/wp\/v2\/users\/1"}],"replies":[{"embeddable":true,"href":"https:\/\/atelieroniriquevitrail.fr\/index.php?rest_route=%2Fwp%2Fv2%2Fcomments&post=734"}],"version-history":[{"count":2,"href":"https:\/\/atelieroniriquevitrail.fr\/index.php?rest_route=\/wp\/v2\/pages\/734\/revisions"}],"predecessor-version":[{"id":760,"href":"https:\/\/atelieroniriquevitrail.fr\/index.php?rest_route=\/wp\/v2\/pages\/734\/revisions\/760"}],"wp:attachment":[{"href":"https:\/\/atelieroniriquevitrail.fr\/index.php?rest_route=%2Fwp%2Fv2%2Fmedia&parent=734"}],"curies":[{"name":"wp","href":"https:\/\/api.w.org\/{rel}","templated":true}]}}