{"id":747,"date":"2024-10-08T13:11:26","date_gmt":"2024-10-08T11:11:26","guid":{"rendered":"https:\/\/atelieroniriquevitrail.fr\/?page_id=747"},"modified":"2026-02-08T20:50:32","modified_gmt":"2026-02-08T19:50:32","slug":"stage-creation-de-vitraux","status":"publish","type":"page","link":"https:\/\/atelieroniriquevitrail.fr\/?page_id=747","title":{"rendered":"Stage \u00ab\u00a0Cr\u00e9ation de vitraux\u00a0\u00bb"},"content":{"rendered":"\n<p class=\"has-text-align-center\">R\u00e9servez vos places.<\/p>\n\n\n\n<p class=\"has-text-align-center\">A tr\u00e8s bient\u00f4t \ud83d\ude09<\/p>\n\n\n\n<figure class=\"wp-block-gallery has-nested-images columns-default is-cropped wp-block-gallery-1 is-layout-flex wp-block-gallery-is-layout-flex\">\n<figure class=\"wp-block-image size-large\"><img loading=\"lazy\" decoding=\"async\" width=\"724\" height=\"1024\" data-id=\"749\" src=\"https:\/\/atelieroniriquevitrail.fr\/wp-content\/uploads\/2024\/10\/FB_IMG_1727282664797-min-724x1024.jpg\" alt=\"\" class=\"wp-image-749\" srcset=\"https:\/\/atelieroniriquevitrail.fr\/wp-content\/uploads\/2024\/10\/FB_IMG_1727282664797-min-724x1024.jpg 724w, https:\/\/atelieroniriquevitrail.fr\/wp-content\/uploads\/2024\/10\/FB_IMG_1727282664797-min-212x300.jpg 212w, https:\/\/atelieroniriquevitrail.fr\/wp-content\/uploads\/2024\/10\/FB_IMG_1727282664797-min-768x1087.jpg 768w, https:\/\/atelieroniriquevitrail.fr\/wp-content\/uploads\/2024\/10\/FB_IMG_1727282664797-min.jpg 1080w\" sizes=\"auto, (max-width: 724px) 100vw, 724px\" \/><\/figure>\n\n\n\n<figure class=\"wp-block-image size-large\"><img loading=\"lazy\" decoding=\"async\" width=\"724\" height=\"1024\" data-id=\"750\" src=\"https:\/\/atelieroniriquevitrail.fr\/wp-content\/uploads\/2024\/10\/La-Maison-du-Tourisme-de-Nogent-le-Roi-2-11-min-1-724x1024.png\" alt=\"\" class=\"wp-image-750\" srcset=\"https:\/\/atelieroniriquevitrail.fr\/wp-content\/uploads\/2024\/10\/La-Maison-du-Tourisme-de-Nogent-le-Roi-2-11-min-1-724x1024.png 724w, https:\/\/atelieroniriquevitrail.fr\/wp-content\/uploads\/2024\/10\/La-Maison-du-Tourisme-de-Nogent-le-Roi-2-11-min-1-212x300.png 212w, https:\/\/atelieroniriquevitrail.fr\/wp-content\/uploads\/2024\/10\/La-Maison-du-Tourisme-de-Nogent-le-Roi-2-11-min-1-768x1087.png 768w, https:\/\/atelieroniriquevitrail.fr\/wp-content\/uploads\/2024\/10\/La-Maison-du-Tourisme-de-Nogent-le-Roi-2-11-min-1.png 858w\" sizes=\"auto, (max-width: 724px) 100vw, 724px\" \/><\/figure>\n<\/figure>\n\n\n\n<p class=\"has-text-align-center\">Vendredi 15 novembre :<\/p>\n\n\n\n<figure class=\"wp-block-gallery has-nested-images columns-default is-cropped wp-block-gallery-2 is-layout-flex wp-block-gallery-is-layout-flex\">\n<figure class=\"wp-block-image size-large\"><img loading=\"lazy\" decoding=\"async\" width=\"470\" height=\"1024\" data-id=\"776\" src=\"https:\/\/atelieroniriquevitrail.fr\/wp-content\/uploads\/2024\/11\/20241115_194407-min-470x1024.jpg\" alt=\"\" class=\"wp-image-776\" srcset=\"https:\/\/atelieroniriquevitrail.fr\/wp-content\/uploads\/2024\/11\/20241115_194407-min-470x1024.jpg 470w, https:\/\/atelieroniriquevitrail.fr\/wp-content\/uploads\/2024\/11\/20241115_194407-min-138x300.jpg 138w, https:\/\/atelieroniriquevitrail.fr\/wp-content\/uploads\/2024\/11\/20241115_194407-min-768x1674.jpg 768w, https:\/\/atelieroniriquevitrail.fr\/wp-content\/uploads\/2024\/11\/20241115_194407-min-705x1536.jpg 705w, https:\/\/atelieroniriquevitrail.fr\/wp-content\/uploads\/2024\/11\/20241115_194407-min-940x2048.jpg 940w, https:\/\/atelieroniriquevitrail.fr\/wp-content\/uploads\/2024\/11\/20241115_194407-min-1200x2615.jpg 1200w, https:\/\/atelieroniriquevitrail.fr\/wp-content\/uploads\/2024\/11\/20241115_194407-min-scaled.jpg 1175w\" sizes=\"auto, (max-width: 470px) 100vw, 470px\" \/><\/figure>\n\n\n\n<figure class=\"wp-block-image size-large\"><img loading=\"lazy\" decoding=\"async\" width=\"1024\" height=\"473\" data-id=\"769\" src=\"https:\/\/atelieroniriquevitrail.fr\/wp-content\/uploads\/2024\/11\/20241115_174425-min-1024x473.jpg\" alt=\"\" class=\"wp-image-769\" srcset=\"https:\/\/atelieroniriquevitrail.fr\/wp-content\/uploads\/2024\/11\/20241115_174425-min-1024x473.jpg 1024w, https:\/\/atelieroniriquevitrail.fr\/wp-content\/uploads\/2024\/11\/20241115_174425-min-300x139.jpg 300w, https:\/\/atelieroniriquevitrail.fr\/wp-content\/uploads\/2024\/11\/20241115_174425-min-768x355.jpg 768w, https:\/\/atelieroniriquevitrail.fr\/wp-content\/uploads\/2024\/11\/20241115_174425-min-1536x709.jpg 1536w, https:\/\/atelieroniriquevitrail.fr\/wp-content\/uploads\/2024\/11\/20241115_174425-min-2048x946.jpg 2048w, https:\/\/atelieroniriquevitrail.fr\/wp-content\/uploads\/2024\/11\/20241115_174425-min-1200x554.jpg 1200w, https:\/\/atelieroniriquevitrail.fr\/wp-content\/uploads\/2024\/11\/20241115_174425-min-1980x914.jpg 1980w\" sizes=\"auto, (max-width: 1024px) 100vw, 1024px\" \/><\/figure>\n\n\n\n<figure class=\"wp-block-image size-large\"><img loading=\"lazy\" decoding=\"async\" width=\"470\" height=\"1024\" data-id=\"770\" src=\"https:\/\/atelieroniriquevitrail.fr\/wp-content\/uploads\/2024\/11\/20241115_181242-min-470x1024.jpg\" alt=\"\" class=\"wp-image-770\" srcset=\"https:\/\/atelieroniriquevitrail.fr\/wp-content\/uploads\/2024\/11\/20241115_181242-min-470x1024.jpg 470w, https:\/\/atelieroniriquevitrail.fr\/wp-content\/uploads\/2024\/11\/20241115_181242-min-138x300.jpg 138w, https:\/\/atelieroniriquevitrail.fr\/wp-content\/uploads\/2024\/11\/20241115_181242-min-768x1674.jpg 768w, https:\/\/atelieroniriquevitrail.fr\/wp-content\/uploads\/2024\/11\/20241115_181242-min-705x1536.jpg 705w, https:\/\/atelieroniriquevitrail.fr\/wp-content\/uploads\/2024\/11\/20241115_181242-min-940x2048.jpg 940w, https:\/\/atelieroniriquevitrail.fr\/wp-content\/uploads\/2024\/11\/20241115_181242-min-1200x2615.jpg 1200w, https:\/\/atelieroniriquevitrail.fr\/wp-content\/uploads\/2024\/11\/20241115_181242-min-scaled.jpg 1175w\" sizes=\"auto, (max-width: 470px) 100vw, 470px\" \/><\/figure>\n\n\n\n<figure class=\"wp-block-image size-large\"><img loading=\"lazy\" decoding=\"async\" width=\"1024\" height=\"473\" data-id=\"771\" src=\"https:\/\/atelieroniriquevitrail.fr\/wp-content\/uploads\/2024\/11\/20241115_181340-min-1024x473.jpg\" alt=\"\" class=\"wp-image-771\" srcset=\"https:\/\/atelieroniriquevitrail.fr\/wp-content\/uploads\/2024\/11\/20241115_181340-min-1024x473.jpg 1024w, https:\/\/atelieroniriquevitrail.fr\/wp-content\/uploads\/2024\/11\/20241115_181340-min-300x139.jpg 300w, https:\/\/atelieroniriquevitrail.fr\/wp-content\/uploads\/2024\/11\/20241115_181340-min-768x355.jpg 768w, https:\/\/atelieroniriquevitrail.fr\/wp-content\/uploads\/2024\/11\/20241115_181340-min-1536x709.jpg 1536w, https:\/\/atelieroniriquevitrail.fr\/wp-content\/uploads\/2024\/11\/20241115_181340-min-2048x946.jpg 2048w, https:\/\/atelieroniriquevitrail.fr\/wp-content\/uploads\/2024\/11\/20241115_181340-min-1200x554.jpg 1200w, https:\/\/atelieroniriquevitrail.fr\/wp-content\/uploads\/2024\/11\/20241115_181340-min-1980x914.jpg 1980w\" sizes=\"auto, (max-width: 1024px) 100vw, 1024px\" \/><\/figure>\n\n\n\n<figure class=\"wp-block-image size-large\"><img loading=\"lazy\" decoding=\"async\" width=\"470\" height=\"1024\" data-id=\"772\" src=\"https:\/\/atelieroniriquevitrail.fr\/wp-content\/uploads\/2024\/11\/20241115_182933-min-470x1024.jpg\" alt=\"\" class=\"wp-image-772\" srcset=\"https:\/\/atelieroniriquevitrail.fr\/wp-content\/uploads\/2024\/11\/20241115_182933-min-470x1024.jpg 470w, https:\/\/atelieroniriquevitrail.fr\/wp-content\/uploads\/2024\/11\/20241115_182933-min-138x300.jpg 138w, https:\/\/atelieroniriquevitrail.fr\/wp-content\/uploads\/2024\/11\/20241115_182933-min-768x1674.jpg 768w, https:\/\/atelieroniriquevitrail.fr\/wp-content\/uploads\/2024\/11\/20241115_182933-min-705x1536.jpg 705w, https:\/\/atelieroniriquevitrail.fr\/wp-content\/uploads\/2024\/11\/20241115_182933-min-940x2048.jpg 940w, https:\/\/atelieroniriquevitrail.fr\/wp-content\/uploads\/2024\/11\/20241115_182933-min-1200x2615.jpg 1200w, https:\/\/atelieroniriquevitrail.fr\/wp-content\/uploads\/2024\/11\/20241115_182933-min-scaled.jpg 1175w\" sizes=\"auto, (max-width: 470px) 100vw, 470px\" \/><\/figure>\n\n\n\n<figure class=\"wp-block-image size-large\"><img loading=\"lazy\" decoding=\"async\" width=\"1024\" height=\"473\" data-id=\"773\" src=\"https:\/\/atelieroniriquevitrail.fr\/wp-content\/uploads\/2024\/11\/20241115_183000-min-1024x473.jpg\" alt=\"\" class=\"wp-image-773\" srcset=\"https:\/\/atelieroniriquevitrail.fr\/wp-content\/uploads\/2024\/11\/20241115_183000-min-1024x473.jpg 1024w, https:\/\/atelieroniriquevitrail.fr\/wp-content\/uploads\/2024\/11\/20241115_183000-min-300x139.jpg 300w, https:\/\/atelieroniriquevitrail.fr\/wp-content\/uploads\/2024\/11\/20241115_183000-min-768x355.jpg 768w, https:\/\/atelieroniriquevitrail.fr\/wp-content\/uploads\/2024\/11\/20241115_183000-min-1536x709.jpg 1536w, https:\/\/atelieroniriquevitrail.fr\/wp-content\/uploads\/2024\/11\/20241115_183000-min-2048x946.jpg 2048w, https:\/\/atelieroniriquevitrail.fr\/wp-content\/uploads\/2024\/11\/20241115_183000-min-1200x554.jpg 1200w, https:\/\/atelieroniriquevitrail.fr\/wp-content\/uploads\/2024\/11\/20241115_183000-min-1980x914.jpg 1980w\" sizes=\"auto, (max-width: 1024px) 100vw, 1024px\" \/><\/figure>\n\n\n\n<figure class=\"wp-block-image size-large\"><img loading=\"lazy\" decoding=\"async\" width=\"1024\" height=\"505\" data-id=\"774\" src=\"https:\/\/atelieroniriquevitrail.fr\/wp-content\/uploads\/2024\/11\/20241115_185033-min-1024x505.jpg\" alt=\"\" class=\"wp-image-774\" srcset=\"https:\/\/atelieroniriquevitrail.fr\/wp-content\/uploads\/2024\/11\/20241115_185033-min-1024x505.jpg 1024w, https:\/\/atelieroniriquevitrail.fr\/wp-content\/uploads\/2024\/11\/20241115_185033-min-300x148.jpg 300w, https:\/\/atelieroniriquevitrail.fr\/wp-content\/uploads\/2024\/11\/20241115_185033-min-768x379.jpg 768w, https:\/\/atelieroniriquevitrail.fr\/wp-content\/uploads\/2024\/11\/20241115_185033-min-1536x757.jpg 1536w, https:\/\/atelieroniriquevitrail.fr\/wp-content\/uploads\/2024\/11\/20241115_185033-min-2048x1010.jpg 2048w, https:\/\/atelieroniriquevitrail.fr\/wp-content\/uploads\/2024\/11\/20241115_185033-min-1200x592.jpg 1200w, https:\/\/atelieroniriquevitrail.fr\/wp-content\/uploads\/2024\/11\/20241115_185033-min-1980x976.jpg 1980w\" sizes=\"auto, (max-width: 1024px) 100vw, 1024px\" \/><\/figure>\n\n\n\n<figure class=\"wp-block-image size-large\"><img loading=\"lazy\" decoding=\"async\" width=\"1024\" height=\"473\" data-id=\"775\" src=\"https:\/\/atelieroniriquevitrail.fr\/wp-content\/uploads\/2024\/11\/20241115_192025-min-1024x473.jpg\" alt=\"\" class=\"wp-image-775\" srcset=\"https:\/\/atelieroniriquevitrail.fr\/wp-content\/uploads\/2024\/11\/20241115_192025-min-1024x473.jpg 1024w, https:\/\/atelieroniriquevitrail.fr\/wp-content\/uploads\/2024\/11\/20241115_192025-min-300x139.jpg 300w, https:\/\/atelieroniriquevitrail.fr\/wp-content\/uploads\/2024\/11\/20241115_192025-min-768x355.jpg 768w, https:\/\/atelieroniriquevitrail.fr\/wp-content\/uploads\/2024\/11\/20241115_192025-min-1536x709.jpg 1536w, https:\/\/atelieroniriquevitrail.fr\/wp-content\/uploads\/2024\/11\/20241115_192025-min-2048x946.jpg 2048w, https:\/\/atelieroniriquevitrail.fr\/wp-content\/uploads\/2024\/11\/20241115_192025-min-1200x554.jpg 1200w, https:\/\/atelieroniriquevitrail.fr\/wp-content\/uploads\/2024\/11\/20241115_192025-min-1980x914.jpg 1980w\" sizes=\"auto, (max-width: 1024px) 100vw, 1024px\" \/><\/figure>\n<\/figure>\n\n\n\n<p class=\"has-text-align-center\">Samedi 16 Novembre<\/p>\n\n\n\n<figure class=\"wp-block-gallery has-nested-images columns-default is-cropped wp-block-gallery-3 is-layout-flex wp-block-gallery-is-layout-flex\">\n<figure class=\"wp-block-image size-large\"><img loading=\"lazy\" decoding=\"async\" width=\"1024\" height=\"473\" data-id=\"777\" src=\"https:\/\/atelieroniriquevitrail.fr\/wp-content\/uploads\/2024\/11\/20241116_155439-min-1024x473.jpg\" alt=\"\" class=\"wp-image-777\" srcset=\"https:\/\/atelieroniriquevitrail.fr\/wp-content\/uploads\/2024\/11\/20241116_155439-min-1024x473.jpg 1024w, https:\/\/atelieroniriquevitrail.fr\/wp-content\/uploads\/2024\/11\/20241116_155439-min-300x139.jpg 300w, https:\/\/atelieroniriquevitrail.fr\/wp-content\/uploads\/2024\/11\/20241116_155439-min-768x355.jpg 768w, https:\/\/atelieroniriquevitrail.fr\/wp-content\/uploads\/2024\/11\/20241116_155439-min-1536x709.jpg 1536w, https:\/\/atelieroniriquevitrail.fr\/wp-content\/uploads\/2024\/11\/20241116_155439-min-2048x946.jpg 2048w, https:\/\/atelieroniriquevitrail.fr\/wp-content\/uploads\/2024\/11\/20241116_155439-min-1200x554.jpg 1200w, https:\/\/atelieroniriquevitrail.fr\/wp-content\/uploads\/2024\/11\/20241116_155439-min-1980x914.jpg 1980w\" sizes=\"auto, (max-width: 1024px) 100vw, 1024px\" \/><\/figure>\n\n\n\n<figure class=\"wp-block-image size-large\"><img loading=\"lazy\" decoding=\"async\" width=\"1024\" height=\"473\" data-id=\"778\" src=\"https:\/\/atelieroniriquevitrail.fr\/wp-content\/uploads\/2024\/11\/20241116_161305-min-1024x473.jpg\" alt=\"\" class=\"wp-image-778\" srcset=\"https:\/\/atelieroniriquevitrail.fr\/wp-content\/uploads\/2024\/11\/20241116_161305-min-1024x473.jpg 1024w, https:\/\/atelieroniriquevitrail.fr\/wp-content\/uploads\/2024\/11\/20241116_161305-min-300x139.jpg 300w, https:\/\/atelieroniriquevitrail.fr\/wp-content\/uploads\/2024\/11\/20241116_161305-min-768x355.jpg 768w, https:\/\/atelieroniriquevitrail.fr\/wp-content\/uploads\/2024\/11\/20241116_161305-min-1536x709.jpg 1536w, https:\/\/atelieroniriquevitrail.fr\/wp-content\/uploads\/2024\/11\/20241116_161305-min-2048x946.jpg 2048w, https:\/\/atelieroniriquevitrail.fr\/wp-content\/uploads\/2024\/11\/20241116_161305-min-1200x554.jpg 1200w, https:\/\/atelieroniriquevitrail.fr\/wp-content\/uploads\/2024\/11\/20241116_161305-min-1980x914.jpg 1980w\" sizes=\"auto, (max-width: 1024px) 100vw, 1024px\" \/><\/figure>\n\n\n\n<figure class=\"wp-block-image size-large\"><img loading=\"lazy\" decoding=\"async\" width=\"1024\" height=\"473\" data-id=\"779\" src=\"https:\/\/atelieroniriquevitrail.fr\/wp-content\/uploads\/2024\/11\/20241116_170442-min-1024x473.jpg\" alt=\"\" class=\"wp-image-779\" srcset=\"https:\/\/atelieroniriquevitrail.fr\/wp-content\/uploads\/2024\/11\/20241116_170442-min-1024x473.jpg 1024w, https:\/\/atelieroniriquevitrail.fr\/wp-content\/uploads\/2024\/11\/20241116_170442-min-300x139.jpg 300w, https:\/\/atelieroniriquevitrail.fr\/wp-content\/uploads\/2024\/11\/20241116_170442-min-768x355.jpg 768w, https:\/\/atelieroniriquevitrail.fr\/wp-content\/uploads\/2024\/11\/20241116_170442-min-1536x709.jpg 1536w, https:\/\/atelieroniriquevitrail.fr\/wp-content\/uploads\/2024\/11\/20241116_170442-min-2048x946.jpg 2048w, https:\/\/atelieroniriquevitrail.fr\/wp-content\/uploads\/2024\/11\/20241116_170442-min-1200x554.jpg 1200w, https:\/\/atelieroniriquevitrail.fr\/wp-content\/uploads\/2024\/11\/20241116_170442-min-1980x914.jpg 1980w\" sizes=\"auto, (max-width: 1024px) 100vw, 1024px\" \/><\/figure>\n\n\n\n<figure class=\"wp-block-image size-large\"><img loading=\"lazy\" decoding=\"async\" width=\"470\" height=\"1024\" data-id=\"780\" src=\"https:\/\/atelieroniriquevitrail.fr\/wp-content\/uploads\/2024\/11\/20241116_174142-min-470x1024.jpg\" alt=\"\" class=\"wp-image-780\" srcset=\"https:\/\/atelieroniriquevitrail.fr\/wp-content\/uploads\/2024\/11\/20241116_174142-min-470x1024.jpg 470w, https:\/\/atelieroniriquevitrail.fr\/wp-content\/uploads\/2024\/11\/20241116_174142-min-138x300.jpg 138w, https:\/\/atelieroniriquevitrail.fr\/wp-content\/uploads\/2024\/11\/20241116_174142-min-768x1674.jpg 768w, https:\/\/atelieroniriquevitrail.fr\/wp-content\/uploads\/2024\/11\/20241116_174142-min-705x1536.jpg 705w, https:\/\/atelieroniriquevitrail.fr\/wp-content\/uploads\/2024\/11\/20241116_174142-min-940x2048.jpg 940w, https:\/\/atelieroniriquevitrail.fr\/wp-content\/uploads\/2024\/11\/20241116_174142-min-1200x2615.jpg 1200w, https:\/\/atelieroniriquevitrail.fr\/wp-content\/uploads\/2024\/11\/20241116_174142-min-scaled.jpg 1175w\" sizes=\"auto, (max-width: 470px) 100vw, 470px\" \/><\/figure>\n\n\n\n<figure class=\"wp-block-image size-large\"><img loading=\"lazy\" decoding=\"async\" width=\"1024\" height=\"473\" data-id=\"781\" src=\"https:\/\/atelieroniriquevitrail.fr\/wp-content\/uploads\/2024\/11\/20241116_161314-min-1024x473.jpg\" alt=\"\" class=\"wp-image-781\" srcset=\"https:\/\/atelieroniriquevitrail.fr\/wp-content\/uploads\/2024\/11\/20241116_161314-min-1024x473.jpg 1024w, https:\/\/atelieroniriquevitrail.fr\/wp-content\/uploads\/2024\/11\/20241116_161314-min-300x139.jpg 300w, https:\/\/atelieroniriquevitrail.fr\/wp-content\/uploads\/2024\/11\/20241116_161314-min-768x355.jpg 768w, https:\/\/atelieroniriquevitrail.fr\/wp-content\/uploads\/2024\/11\/20241116_161314-min-1536x709.jpg 1536w, https:\/\/atelieroniriquevitrail.fr\/wp-content\/uploads\/2024\/11\/20241116_161314-min-2048x946.jpg 2048w, https:\/\/atelieroniriquevitrail.fr\/wp-content\/uploads\/2024\/11\/20241116_161314-min-1200x554.jpg 1200w, https:\/\/atelieroniriquevitrail.fr\/wp-content\/uploads\/2024\/11\/20241116_161314-min-1980x914.jpg 1980w\" sizes=\"auto, (max-width: 1024px) 100vw, 1024px\" \/><\/figure>\n\n\n\n<figure class=\"wp-block-image size-large\"><img loading=\"lazy\" decoding=\"async\" width=\"1024\" height=\"473\" data-id=\"782\" src=\"https:\/\/atelieroniriquevitrail.fr\/wp-content\/uploads\/2024\/11\/20241116_161529-min-1024x473.jpg\" alt=\"\" class=\"wp-image-782\" srcset=\"https:\/\/atelieroniriquevitrail.fr\/wp-content\/uploads\/2024\/11\/20241116_161529-min-1024x473.jpg 1024w, https:\/\/atelieroniriquevitrail.fr\/wp-content\/uploads\/2024\/11\/20241116_161529-min-300x139.jpg 300w, https:\/\/atelieroniriquevitrail.fr\/wp-content\/uploads\/2024\/11\/20241116_161529-min-768x355.jpg 768w, https:\/\/atelieroniriquevitrail.fr\/wp-content\/uploads\/2024\/11\/20241116_161529-min-1536x709.jpg 1536w, https:\/\/atelieroniriquevitrail.fr\/wp-content\/uploads\/2024\/11\/20241116_161529-min-2048x946.jpg 2048w, https:\/\/atelieroniriquevitrail.fr\/wp-content\/uploads\/2024\/11\/20241116_161529-min-1200x554.jpg 1200w, https:\/\/atelieroniriquevitrail.fr\/wp-content\/uploads\/2024\/11\/20241116_161529-min-1980x914.jpg 1980w\" sizes=\"auto, (max-width: 1024px) 100vw, 1024px\" \/><\/figure>\n\n\n\n<figure class=\"wp-block-image size-large\"><img loading=\"lazy\" decoding=\"async\" width=\"1024\" height=\"472\" data-id=\"783\" src=\"https:\/\/atelieroniriquevitrail.fr\/wp-content\/uploads\/2024\/11\/20241116_163010-min-1024x472.jpg\" alt=\"\" class=\"wp-image-783\" srcset=\"https:\/\/atelieroniriquevitrail.fr\/wp-content\/uploads\/2024\/11\/20241116_163010-min-1024x472.jpg 1024w, https:\/\/atelieroniriquevitrail.fr\/wp-content\/uploads\/2024\/11\/20241116_163010-min-300x138.jpg 300w, https:\/\/atelieroniriquevitrail.fr\/wp-content\/uploads\/2024\/11\/20241116_163010-min-768x354.jpg 768w, https:\/\/atelieroniriquevitrail.fr\/wp-content\/uploads\/2024\/11\/20241116_163010-min-1536x708.jpg 1536w, https:\/\/atelieroniriquevitrail.fr\/wp-content\/uploads\/2024\/11\/20241116_163010-min-2048x944.jpg 2048w, https:\/\/atelieroniriquevitrail.fr\/wp-content\/uploads\/2024\/11\/20241116_163010-min-1200x553.jpg 1200w, https:\/\/atelieroniriquevitrail.fr\/wp-content\/uploads\/2024\/11\/20241116_163010-min-1980x913.jpg 1980w\" sizes=\"auto, (max-width: 1024px) 100vw, 1024px\" \/><\/figure>\n\n\n\n<figure class=\"wp-block-image size-large\"><img loading=\"lazy\" decoding=\"async\" width=\"470\" height=\"1024\" data-id=\"784\" src=\"https:\/\/atelieroniriquevitrail.fr\/wp-content\/uploads\/2024\/11\/20241116_163028-min-470x1024.jpg\" alt=\"\" class=\"wp-image-784\" srcset=\"https:\/\/atelieroniriquevitrail.fr\/wp-content\/uploads\/2024\/11\/20241116_163028-min-470x1024.jpg 470w, https:\/\/atelieroniriquevitrail.fr\/wp-content\/uploads\/2024\/11\/20241116_163028-min-138x300.jpg 138w, https:\/\/atelieroniriquevitrail.fr\/wp-content\/uploads\/2024\/11\/20241116_163028-min-768x1674.jpg 768w, https:\/\/atelieroniriquevitrail.fr\/wp-content\/uploads\/2024\/11\/20241116_163028-min-705x1536.jpg 705w, https:\/\/atelieroniriquevitrail.fr\/wp-content\/uploads\/2024\/11\/20241116_163028-min-940x2048.jpg 940w, https:\/\/atelieroniriquevitrail.fr\/wp-content\/uploads\/2024\/11\/20241116_163028-min-1200x2615.jpg 1200w, https:\/\/atelieroniriquevitrail.fr\/wp-content\/uploads\/2024\/11\/20241116_163028-min-scaled.jpg 1175w\" sizes=\"auto, (max-width: 470px) 100vw, 470px\" \/><\/figure>\n\n\n\n<figure class=\"wp-block-image size-large\"><img loading=\"lazy\" decoding=\"async\" width=\"1024\" height=\"473\" data-id=\"785\" src=\"https:\/\/atelieroniriquevitrail.fr\/wp-content\/uploads\/2024\/11\/20241116_163614-min-1024x473.jpg\" alt=\"\" class=\"wp-image-785\" srcset=\"https:\/\/atelieroniriquevitrail.fr\/wp-content\/uploads\/2024\/11\/20241116_163614-min-1024x473.jpg 1024w, https:\/\/atelieroniriquevitrail.fr\/wp-content\/uploads\/2024\/11\/20241116_163614-min-300x139.jpg 300w, https:\/\/atelieroniriquevitrail.fr\/wp-content\/uploads\/2024\/11\/20241116_163614-min-768x355.jpg 768w, https:\/\/atelieroniriquevitrail.fr\/wp-content\/uploads\/2024\/11\/20241116_163614-min-1536x709.jpg 1536w, https:\/\/atelieroniriquevitrail.fr\/wp-content\/uploads\/2024\/11\/20241116_163614-min-2048x946.jpg 2048w, https:\/\/atelieroniriquevitrail.fr\/wp-content\/uploads\/2024\/11\/20241116_163614-min-1200x554.jpg 1200w, https:\/\/atelieroniriquevitrail.fr\/wp-content\/uploads\/2024\/11\/20241116_163614-min-1980x914.jpg 1980w\" sizes=\"auto, (max-width: 1024px) 100vw, 1024px\" \/><\/figure>\n\n\n\n<figure class=\"wp-block-image size-large\"><img loading=\"lazy\" decoding=\"async\" width=\"470\" height=\"1024\" data-id=\"786\" src=\"https:\/\/atelieroniriquevitrail.fr\/wp-content\/uploads\/2024\/11\/20241116_163803-min-470x1024.jpg\" alt=\"\" class=\"wp-image-786\" srcset=\"https:\/\/atelieroniriquevitrail.fr\/wp-content\/uploads\/2024\/11\/20241116_163803-min-470x1024.jpg 470w, https:\/\/atelieroniriquevitrail.fr\/wp-content\/uploads\/2024\/11\/20241116_163803-min-138x300.jpg 138w, https:\/\/atelieroniriquevitrail.fr\/wp-content\/uploads\/2024\/11\/20241116_163803-min-768x1674.jpg 768w, https:\/\/atelieroniriquevitrail.fr\/wp-content\/uploads\/2024\/11\/20241116_163803-min-705x1536.jpg 705w, https:\/\/atelieroniriquevitrail.fr\/wp-content\/uploads\/2024\/11\/20241116_163803-min-940x2048.jpg 940w, https:\/\/atelieroniriquevitrail.fr\/wp-content\/uploads\/2024\/11\/20241116_163803-min-1200x2615.jpg 1200w, https:\/\/atelieroniriquevitrail.fr\/wp-content\/uploads\/2024\/11\/20241116_163803-min-scaled.jpg 1175w\" sizes=\"auto, (max-width: 470px) 100vw, 470px\" \/><\/figure>\n\n\n\n<figure class=\"wp-block-image size-large\"><img loading=\"lazy\" decoding=\"async\" width=\"1024\" height=\"473\" data-id=\"787\" src=\"https:\/\/atelieroniriquevitrail.fr\/wp-content\/uploads\/2024\/11\/20241116_163911-min-1024x473.jpg\" alt=\"\" class=\"wp-image-787\" srcset=\"https:\/\/atelieroniriquevitrail.fr\/wp-content\/uploads\/2024\/11\/20241116_163911-min-1024x473.jpg 1024w, https:\/\/atelieroniriquevitrail.fr\/wp-content\/uploads\/2024\/11\/20241116_163911-min-300x139.jpg 300w, https:\/\/atelieroniriquevitrail.fr\/wp-content\/uploads\/2024\/11\/20241116_163911-min-768x355.jpg 768w, https:\/\/atelieroniriquevitrail.fr\/wp-content\/uploads\/2024\/11\/20241116_163911-min-1536x709.jpg 1536w, https:\/\/atelieroniriquevitrail.fr\/wp-content\/uploads\/2024\/11\/20241116_163911-min-2048x946.jpg 2048w, https:\/\/atelieroniriquevitrail.fr\/wp-content\/uploads\/2024\/11\/20241116_163911-min-1200x554.jpg 1200w, https:\/\/atelieroniriquevitrail.fr\/wp-content\/uploads\/2024\/11\/20241116_163911-min-1980x914.jpg 1980w\" sizes=\"auto, (max-width: 1024px) 100vw, 1024px\" \/><\/figure>\n\n\n\n<figure class=\"wp-block-image size-large\"><img loading=\"lazy\" decoding=\"async\" width=\"1024\" height=\"473\" data-id=\"788\" src=\"https:\/\/atelieroniriquevitrail.fr\/wp-content\/uploads\/2024\/11\/20241116_170437-min-1024x473.jpg\" alt=\"\" class=\"wp-image-788\" srcset=\"https:\/\/atelieroniriquevitrail.fr\/wp-content\/uploads\/2024\/11\/20241116_170437-min-1024x473.jpg 1024w, https:\/\/atelieroniriquevitrail.fr\/wp-content\/uploads\/2024\/11\/20241116_170437-min-300x139.jpg 300w, https:\/\/atelieroniriquevitrail.fr\/wp-content\/uploads\/2024\/11\/20241116_170437-min-768x355.jpg 768w, https:\/\/atelieroniriquevitrail.fr\/wp-content\/uploads\/2024\/11\/20241116_170437-min-1536x709.jpg 1536w, https:\/\/atelieroniriquevitrail.fr\/wp-content\/uploads\/2024\/11\/20241116_170437-min-2048x946.jpg 2048w, https:\/\/atelieroniriquevitrail.fr\/wp-content\/uploads\/2024\/11\/20241116_170437-min-1200x554.jpg 1200w, https:\/\/atelieroniriquevitrail.fr\/wp-content\/uploads\/2024\/11\/20241116_170437-min-1980x914.jpg 1980w\" sizes=\"auto, (max-width: 1024px) 100vw, 1024px\" \/><\/figure>\n<\/figure>\n","protected":false},"excerpt":{"rendered":"<p>R\u00e9servez vos places. A tr\u00e8s bient\u00f4t \ud83d\ude09 Vendredi 15 novembre : Samedi 16 Novembre<\/p>\n","protected":false},"author":1,"featured_media":0,"parent":0,"menu_order":0,"comment_status":"closed","ping_status":"closed","template":"","meta":{"footnotes":""},"class_list":["post-747","page","type-page","status-publish","hentry"],"_links":{"self":[{"href":"https:\/\/atelieroniriquevitrail.fr\/index.php?rest_route=\/wp\/v2\/pages\/747","targetHints":{"allow":["GET"]}}],"collection":[{"href":"https:\/\/atelieroniriquevitrail.fr\/index.php?rest_route=\/wp\/v2\/pages"}],"about":[{"href":"https:\/\/atelieroniriquevitrail.fr\/index.php?rest_route=\/wp\/v2\/types\/page"}],"author":[{"embeddable":true,"href":"https:\/\/atelieroniriquevitrail.fr\/index.php?rest_route=\/wp\/v2\/users\/1"}],"replies":[{"embeddable":true,"href":"https:\/\/atelieroniriquevitrail.fr\/index.php?rest_route=%2Fwp%2Fv2%2Fcomments&post=747"}],"version-history":[{"count":3,"href":"https:\/\/atelieroniriquevitrail.fr\/index.php?rest_route=\/wp\/v2\/pages\/747\/revisions"}],"predecessor-version":[{"id":791,"href":"https:\/\/atelieroniriquevitrail.fr\/index.php?rest_route=\/wp\/v2\/pages\/747\/revisions\/791"}],"wp:attachment":[{"href":"https:\/\/atelieroniriquevitrail.fr\/index.php?rest_route=%2Fwp%2Fv2%2Fmedia&parent=747"}],"curies":[{"name":"wp","href":"https:\/\/api.w.org\/{rel}","templated":true}]}}