{"id":796,"date":"2024-11-21T11:28:23","date_gmt":"2024-11-21T10:28:23","guid":{"rendered":"https:\/\/atelieroniriquevitrail.fr\/?page_id=796"},"modified":"2026-02-08T20:50:32","modified_gmt":"2026-02-08T19:50:32","slug":"marche-de-noel-du-reseau-initiative-eure-et-loir","status":"publish","type":"page","link":"https:\/\/atelieroniriquevitrail.fr\/?page_id=796","title":{"rendered":"March\u00e9 de No\u00ebl du r\u00e9seau Initiative Eure et Loir"},"content":{"rendered":"\n<figure class=\"wp-block-image size-large\"><img loading=\"lazy\" decoding=\"async\" width=\"1024\" height=\"342\" src=\"https:\/\/atelieroniriquevitrail.fr\/wp-content\/uploads\/2024\/11\/image009-1024x342.jpg\" alt=\"\" class=\"wp-image-755\" srcset=\"https:\/\/atelieroniriquevitrail.fr\/wp-content\/uploads\/2024\/11\/image009-1024x342.jpg 1024w, https:\/\/atelieroniriquevitrail.fr\/wp-content\/uploads\/2024\/11\/image009-300x100.jpg 300w, https:\/\/atelieroniriquevitrail.fr\/wp-content\/uploads\/2024\/11\/image009-768x256.jpg 768w, https:\/\/atelieroniriquevitrail.fr\/wp-content\/uploads\/2024\/11\/image009.jpg 1180w\" sizes=\"auto, (max-width: 1024px) 100vw, 1024px\" \/><\/figure>\n\n\n<div class=\"wp-block-image is-style-rounded\">\n<figure class=\"aligncenter size-large\"><img loading=\"lazy\" decoding=\"async\" width=\"470\" height=\"1024\" src=\"https:\/\/atelieroniriquevitrail.fr\/wp-content\/uploads\/2024\/12\/20241203_162346-min-470x1024.jpg\" alt=\"\" class=\"wp-image-807\" srcset=\"https:\/\/atelieroniriquevitrail.fr\/wp-content\/uploads\/2024\/12\/20241203_162346-min-470x1024.jpg 470w, https:\/\/atelieroniriquevitrail.fr\/wp-content\/uploads\/2024\/12\/20241203_162346-min-138x300.jpg 138w, https:\/\/atelieroniriquevitrail.fr\/wp-content\/uploads\/2024\/12\/20241203_162346-min-768x1674.jpg 768w, https:\/\/atelieroniriquevitrail.fr\/wp-content\/uploads\/2024\/12\/20241203_162346-min-705x1536.jpg 705w, https:\/\/atelieroniriquevitrail.fr\/wp-content\/uploads\/2024\/12\/20241203_162346-min-940x2048.jpg 940w, https:\/\/atelieroniriquevitrail.fr\/wp-content\/uploads\/2024\/12\/20241203_162346-min-1200x2615.jpg 1200w, https:\/\/atelieroniriquevitrail.fr\/wp-content\/uploads\/2024\/12\/20241203_162346-min-scaled.jpg 1175w\" sizes=\"auto, (max-width: 470px) 100vw, 470px\" \/><\/figure>\n<\/div>\n\n<div class=\"wp-block-image is-style-rounded\">\n<figure class=\"aligncenter size-large\"><img loading=\"lazy\" decoding=\"async\" width=\"1024\" height=\"473\" src=\"https:\/\/atelieroniriquevitrail.fr\/wp-content\/uploads\/2024\/12\/20241203_161135-min-1024x473.jpg\" alt=\"\" class=\"wp-image-806\" srcset=\"https:\/\/atelieroniriquevitrail.fr\/wp-content\/uploads\/2024\/12\/20241203_161135-min-1024x473.jpg 1024w, https:\/\/atelieroniriquevitrail.fr\/wp-content\/uploads\/2024\/12\/20241203_161135-min-300x139.jpg 300w, https:\/\/atelieroniriquevitrail.fr\/wp-content\/uploads\/2024\/12\/20241203_161135-min-768x355.jpg 768w, https:\/\/atelieroniriquevitrail.fr\/wp-content\/uploads\/2024\/12\/20241203_161135-min-1536x709.jpg 1536w, https:\/\/atelieroniriquevitrail.fr\/wp-content\/uploads\/2024\/12\/20241203_161135-min-2048x946.jpg 2048w, https:\/\/atelieroniriquevitrail.fr\/wp-content\/uploads\/2024\/12\/20241203_161135-min-1200x554.jpg 1200w, https:\/\/atelieroniriquevitrail.fr\/wp-content\/uploads\/2024\/12\/20241203_161135-min-1980x914.jpg 1980w\" sizes=\"auto, (max-width: 1024px) 100vw, 1024px\" \/><\/figure>\n<\/div>\n\n\n<figure class=\"wp-block-video aligncenter\"><video height=\"1080\" style=\"aspect-ratio: 1920 \/ 1080;\" width=\"1920\" controls src=\"https:\/\/atelieroniriquevitrail.fr\/wp-content\/uploads\/2024\/12\/20241203_162322.mp4\"><\/video><\/figure>\n","protected":false},"excerpt":{"rendered":"","protected":false},"author":1,"featured_media":0,"parent":0,"menu_order":0,"comment_status":"closed","ping_status":"closed","template":"","meta":{"footnotes":""},"class_list":["post-796","page","type-page","status-publish","hentry"],"_links":{"self":[{"href":"https:\/\/atelieroniriquevitrail.fr\/index.php?rest_route=\/wp\/v2\/pages\/796","targetHints":{"allow":["GET"]}}],"collection":[{"href":"https:\/\/atelieroniriquevitrail.fr\/index.php?rest_route=\/wp\/v2\/pages"}],"about":[{"href":"https:\/\/atelieroniriquevitrail.fr\/index.php?rest_route=\/wp\/v2\/types\/page"}],"author":[{"embeddable":true,"href":"https:\/\/atelieroniriquevitrail.fr\/index.php?rest_route=\/wp\/v2\/users\/1"}],"replies":[{"embeddable":true,"href":"https:\/\/atelieroniriquevitrail.fr\/index.php?rest_route=%2Fwp%2Fv2%2Fcomments&post=796"}],"version-history":[{"count":4,"href":"https:\/\/atelieroniriquevitrail.fr\/index.php?rest_route=\/wp\/v2\/pages\/796\/revisions"}],"predecessor-version":[{"id":809,"href":"https:\/\/atelieroniriquevitrail.fr\/index.php?rest_route=\/wp\/v2\/pages\/796\/revisions\/809"}],"wp:attachment":[{"href":"https:\/\/atelieroniriquevitrail.fr\/index.php?rest_route=%2Fwp%2Fv2%2Fmedia&parent=796"}],"curies":[{"name":"wp","href":"https:\/\/api.w.org\/{rel}","templated":true}]}}