{"id":856,"date":"2025-01-09T12:38:41","date_gmt":"2025-01-09T11:38:41","guid":{"rendered":"https:\/\/atelieroniriquevitrail.fr\/?page_id=856"},"modified":"2026-02-08T20:50:12","modified_gmt":"2026-02-08T19:50:12","slug":"2025-2","status":"publish","type":"page","link":"https:\/\/atelieroniriquevitrail.fr\/?page_id=856","title":{"rendered":"2025"},"content":{"rendered":"\n<h2 class=\"wp-block-heading has-text-align-center\">F\u00e9vrier<\/h2>\n\n\n\n<p class=\"has-text-align-center\">Le vendredi 14 \u00e0 partir de 18h30 :<\/p>\n\n\n\n<p class=\"has-text-align-center\">Atelier Peinture sur verre avec l&rsquo;association Plaisir de faire de Maintenon sur le th\u00e8me de l&rsquo;Amour.<\/p>\n\n\n<div class=\"wp-block-image is-style-rounded\">\n<figure class=\"aligncenter size-large\"><a href=\"https:\/\/atelieroniriquevitrail.fr\/?page_id=883\"><img loading=\"lazy\" decoding=\"async\" width=\"1024\" height=\"155\" src=\"https:\/\/atelieroniriquevitrail.fr\/wp-content\/uploads\/2025\/01\/WhatsApp-Image-2025-01-09-a-11.54.03_e08973f3-min-1024x155.jpg\" alt=\"\" class=\"wp-image-854\" srcset=\"https:\/\/atelieroniriquevitrail.fr\/wp-content\/uploads\/2025\/01\/WhatsApp-Image-2025-01-09-a-11.54.03_e08973f3-min-1024x155.jpg 1024w, https:\/\/atelieroniriquevitrail.fr\/wp-content\/uploads\/2025\/01\/WhatsApp-Image-2025-01-09-a-11.54.03_e08973f3-min-300x45.jpg 300w, https:\/\/atelieroniriquevitrail.fr\/wp-content\/uploads\/2025\/01\/WhatsApp-Image-2025-01-09-a-11.54.03_e08973f3-min-768x116.jpg 768w, https:\/\/atelieroniriquevitrail.fr\/wp-content\/uploads\/2025\/01\/WhatsApp-Image-2025-01-09-a-11.54.03_e08973f3-min-1536x233.jpg 1536w, https:\/\/atelieroniriquevitrail.fr\/wp-content\/uploads\/2025\/01\/WhatsApp-Image-2025-01-09-a-11.54.03_e08973f3-min-1200x182.jpg 1200w, https:\/\/atelieroniriquevitrail.fr\/wp-content\/uploads\/2025\/01\/WhatsApp-Image-2025-01-09-a-11.54.03_e08973f3-min-1980x300.jpg 1980w, https:\/\/atelieroniriquevitrail.fr\/wp-content\/uploads\/2025\/01\/WhatsApp-Image-2025-01-09-a-11.54.03_e08973f3-min.jpg 2048w\" sizes=\"auto, (max-width: 1024px) 100vw, 1024px\" \/><\/a><\/figure>\n<\/div>\n\n\n<h2 class=\"wp-block-heading has-text-align-center alignwide\">MARS<\/h2>\n\n\n\n<p class=\"has-text-align-center\">Le vendredi 21 \u00e0 partir de 18h30 :<\/p>\n\n\n\n<p class=\"has-text-align-center\">Atelier Peinture sur verre avec l&rsquo;association Plaisir de faire de Maintenon sur le th\u00e8me du printemps.<\/p>\n\n\n<div class=\"wp-block-image is-style-rounded\">\n<figure class=\"aligncenter size-large\"><a href=\"https:\/\/atelieroniriquevitrail.fr\/?page_id=916\"><img loading=\"lazy\" decoding=\"async\" width=\"1024\" height=\"155\" src=\"https:\/\/atelieroniriquevitrail.fr\/wp-content\/uploads\/2025\/01\/WhatsApp-Image-2025-01-09-a-11.54.03_e08973f3-min-1024x155.jpg\" alt=\"\" class=\"wp-image-854\" srcset=\"https:\/\/atelieroniriquevitrail.fr\/wp-content\/uploads\/2025\/01\/WhatsApp-Image-2025-01-09-a-11.54.03_e08973f3-min-1024x155.jpg 1024w, https:\/\/atelieroniriquevitrail.fr\/wp-content\/uploads\/2025\/01\/WhatsApp-Image-2025-01-09-a-11.54.03_e08973f3-min-300x45.jpg 300w, https:\/\/atelieroniriquevitrail.fr\/wp-content\/uploads\/2025\/01\/WhatsApp-Image-2025-01-09-a-11.54.03_e08973f3-min-768x116.jpg 768w, https:\/\/atelieroniriquevitrail.fr\/wp-content\/uploads\/2025\/01\/WhatsApp-Image-2025-01-09-a-11.54.03_e08973f3-min-1536x233.jpg 1536w, https:\/\/atelieroniriquevitrail.fr\/wp-content\/uploads\/2025\/01\/WhatsApp-Image-2025-01-09-a-11.54.03_e08973f3-min-1200x182.jpg 1200w, https:\/\/atelieroniriquevitrail.fr\/wp-content\/uploads\/2025\/01\/WhatsApp-Image-2025-01-09-a-11.54.03_e08973f3-min-1980x300.jpg 1980w, https:\/\/atelieroniriquevitrail.fr\/wp-content\/uploads\/2025\/01\/WhatsApp-Image-2025-01-09-a-11.54.03_e08973f3-min.jpg 2048w\" sizes=\"auto, (max-width: 1024px) 100vw, 1024px\" \/><\/a><\/figure>\n<\/div>\n\n\n<h2 class=\"wp-block-heading has-text-align-center\">AVRIL<\/h2>\n\n\n\n<p class=\"has-text-align-center\">Samedi 5 et dimanche 6 :<\/p>\n\n\n\n<p class=\"has-text-align-center\">11\u00e8me Salon des M\u00e9tiers d&rsquo;Art de Rambouillet<\/p>\n\n\n<div class=\"wp-block-image is-style-rounded\">\n<figure class=\"aligncenter size-large\"><a href=\"https:\/\/atelieroniriquevitrail.fr\/?page_id=908\"><img loading=\"lazy\" decoding=\"async\" width=\"722\" height=\"1024\" src=\"https:\/\/atelieroniriquevitrail.fr\/wp-content\/uploads\/2025\/04\/WhatsApp-Image-2025-04-08-a-10.48.42_aa324ff1-min-722x1024.jpg\" alt=\"\" class=\"wp-image-957\" srcset=\"https:\/\/atelieroniriquevitrail.fr\/wp-content\/uploads\/2025\/04\/WhatsApp-Image-2025-04-08-a-10.48.42_aa324ff1-min-722x1024.jpg 722w, https:\/\/atelieroniriquevitrail.fr\/wp-content\/uploads\/2025\/04\/WhatsApp-Image-2025-04-08-a-10.48.42_aa324ff1-min-211x300.jpg 211w, https:\/\/atelieroniriquevitrail.fr\/wp-content\/uploads\/2025\/04\/WhatsApp-Image-2025-04-08-a-10.48.42_aa324ff1-min-768x1090.jpg 768w, https:\/\/atelieroniriquevitrail.fr\/wp-content\/uploads\/2025\/04\/WhatsApp-Image-2025-04-08-a-10.48.42_aa324ff1-min-1082x1536.jpg 1082w, https:\/\/atelieroniriquevitrail.fr\/wp-content\/uploads\/2025\/04\/WhatsApp-Image-2025-04-08-a-10.48.42_aa324ff1-min-1200x1703.jpg 1200w, https:\/\/atelieroniriquevitrail.fr\/wp-content\/uploads\/2025\/04\/WhatsApp-Image-2025-04-08-a-10.48.42_aa324ff1-min.jpg 1443w\" sizes=\"auto, (max-width: 722px) 100vw, 722px\" \/><\/a><\/figure>\n<\/div>\n\n\n<h2 class=\"wp-block-heading has-text-align-center\">MAI<\/h2>\n\n\n\n<p class=\"has-text-align-center\">Samedi 31 de 10h00 \u00e0 12h00 :<\/p>\n\n\n\n<p class=\"has-text-align-center\">Caf\u00e9 rencontre \u00e0 la boutique \u00e9ph\u00e9m\u00e8re de l&rsquo;Office du Tourismes des Portes Eur\u00e9liennes d&rsquo;Epernon.<\/p>\n\n\n<div class=\"wp-block-image is-style-rounded\">\n<figure class=\"aligncenter size-large\"><a href=\"https:\/\/atelieroniriquevitrail.fr\/?page_id=990\"><img loading=\"lazy\" decoding=\"async\" width=\"724\" height=\"1024\" src=\"https:\/\/atelieroniriquevitrail.fr\/wp-content\/uploads\/2025\/05\/affiche-cafe-rencontre4197180144636349907-724x1024.jpg\" alt=\"\" class=\"wp-image-986\" srcset=\"https:\/\/atelieroniriquevitrail.fr\/wp-content\/uploads\/2025\/05\/affiche-cafe-rencontre4197180144636349907-724x1024.jpg 724w, https:\/\/atelieroniriquevitrail.fr\/wp-content\/uploads\/2025\/05\/affiche-cafe-rencontre4197180144636349907-212x300.jpg 212w, https:\/\/atelieroniriquevitrail.fr\/wp-content\/uploads\/2025\/05\/affiche-cafe-rencontre4197180144636349907-768x1086.jpg 768w, https:\/\/atelieroniriquevitrail.fr\/wp-content\/uploads\/2025\/05\/affiche-cafe-rencontre4197180144636349907-1086x1536.jpg 1086w, https:\/\/atelieroniriquevitrail.fr\/wp-content\/uploads\/2025\/05\/affiche-cafe-rencontre4197180144636349907-1200x1697.jpg 1200w, https:\/\/atelieroniriquevitrail.fr\/wp-content\/uploads\/2025\/05\/affiche-cafe-rencontre4197180144636349907.jpg 1414w\" sizes=\"auto, (max-width: 724px) 100vw, 724px\" \/><\/a><\/figure>\n<\/div>\n\n\n<h2 class=\"wp-block-heading has-text-align-center\">JUIN<\/h2>\n\n\n\n<p class=\"has-text-align-center\">Vendredi 13 \u00e0 partir de 18h30 :<\/p>\n\n\n\n<p class=\"has-text-align-center\">Initiation \u00e0 la peinture sur verre avec la Maison du Tourisme de Nogent-Le-Roi<\/p>\n\n\n\n<figure class=\"wp-block-image size-large is-style-rounded\"><a href=\"https:\/\/atelieroniriquevitrail.fr\/?page_id=980\"><img loading=\"lazy\" decoding=\"async\" width=\"724\" height=\"1024\" src=\"https:\/\/atelieroniriquevitrail.fr\/wp-content\/uploads\/2025\/05\/screenshot_20250515_115229_drive7550768967070297327-724x1024.jpg\" alt=\"\" class=\"wp-image-975\" srcset=\"https:\/\/atelieroniriquevitrail.fr\/wp-content\/uploads\/2025\/05\/screenshot_20250515_115229_drive7550768967070297327-724x1024.jpg 724w, https:\/\/atelieroniriquevitrail.fr\/wp-content\/uploads\/2025\/05\/screenshot_20250515_115229_drive7550768967070297327-212x300.jpg 212w, https:\/\/atelieroniriquevitrail.fr\/wp-content\/uploads\/2025\/05\/screenshot_20250515_115229_drive7550768967070297327-768x1086.jpg 768w, https:\/\/atelieroniriquevitrail.fr\/wp-content\/uploads\/2025\/05\/screenshot_20250515_115229_drive7550768967070297327.jpg 989w\" sizes=\"auto, (max-width: 724px) 100vw, 724px\" \/><\/a><\/figure>\n\n\n\n<h2 class=\"wp-block-heading has-text-align-center\">Septembre <\/h2>\n\n\n\n<p class=\"has-text-align-center\">Samedi 27 et dimanche 28 :<\/p>\n\n\n\n<p class=\"has-text-align-center\">1er salon de l&rsquo;artisanat et des m\u00e9tiers d&rsquo;Illers Combray<\/p>\n\n\n\n<figure class=\"wp-block-image size-large is-style-rounded\"><a href=\"https:\/\/atelieroniriquevitrail.fr\/?page_id=1065\"><img loading=\"lazy\" decoding=\"async\" width=\"682\" height=\"1024\" src=\"https:\/\/atelieroniriquevitrail.fr\/wp-content\/uploads\/2025\/09\/screenshot_20250702_140937_drive5002415971478204507-682x1024.jpg\" alt=\"\" class=\"wp-image-1067\" srcset=\"https:\/\/atelieroniriquevitrail.fr\/wp-content\/uploads\/2025\/09\/screenshot_20250702_140937_drive5002415971478204507-682x1024.jpg 682w, https:\/\/atelieroniriquevitrail.fr\/wp-content\/uploads\/2025\/09\/screenshot_20250702_140937_drive5002415971478204507-200x300.jpg 200w, https:\/\/atelieroniriquevitrail.fr\/wp-content\/uploads\/2025\/09\/screenshot_20250702_140937_drive5002415971478204507-768x1152.jpg 768w, https:\/\/atelieroniriquevitrail.fr\/wp-content\/uploads\/2025\/09\/screenshot_20250702_140937_drive5002415971478204507.jpg 919w\" sizes=\"auto, (max-width: 682px) 100vw, 682px\" \/><\/a><\/figure>\n\n\n\n<h2 class=\"wp-block-heading has-text-align-center\">NOVEMBRE<\/h2>\n\n\n\n<p class=\"has-text-align-center\">Dimanche 30 de 10h00 \u00e0 13h30 sur le stand 131 (Face aux Enfants du Paradis &#8211; le cin\u00e9ma) et de 13h30 \u00e0 16h00 \u00e0 la boutique LOCO (11 rue de la Clouterie).<\/p>\n\n\n\n<figure class=\"wp-block-image size-large is-style-rounded\"><a href=\"https:\/\/atelieroniriquevitrail.fr\/wp-admin\/post.php?post=1090&amp;action=edit\"><img loading=\"lazy\" decoding=\"async\" width=\"576\" height=\"1024\" src=\"https:\/\/atelieroniriquevitrail.fr\/wp-content\/uploads\/2025\/11\/21257-576x1024.jpg\" alt=\"\" class=\"wp-image-1087\" srcset=\"https:\/\/atelieroniriquevitrail.fr\/wp-content\/uploads\/2025\/11\/21257-576x1024.jpg 576w, https:\/\/atelieroniriquevitrail.fr\/wp-content\/uploads\/2025\/11\/21257-169x300.jpg 169w, https:\/\/atelieroniriquevitrail.fr\/wp-content\/uploads\/2025\/11\/21257-768x1365.jpg 768w, https:\/\/atelieroniriquevitrail.fr\/wp-content\/uploads\/2025\/11\/21257-864x1536.jpg 864w, https:\/\/atelieroniriquevitrail.fr\/wp-content\/uploads\/2025\/11\/21257.jpg 1080w\" sizes=\"auto, (max-width: 576px) 100vw, 576px\" \/><\/a><\/figure>\n\n\n\n<h2 class=\"wp-block-heading has-text-align-center\">DECEMBRE<\/h2>\n\n\n\n<p class=\"has-text-align-center\">Vendredi 5 \u00e0 partir de 18h30 :<\/p>\n\n\n\n<p class=\"has-text-align-center\">Atelier &#8211; Initiation \u00e0 la peinture sur verre avec l&rsquo;association La Maison du Tourisme de Nogent-Le-Roi sur le th\u00e8me de No\u00ebl.<\/p>\n\n\n<div class=\"wp-block-image is-style-rounded\">\n<figure class=\"aligncenter size-full\"><a href=\"https:\/\/atelieroniriquevitrail.fr\/?page_id=1072\"><img loading=\"lazy\" decoding=\"async\" width=\"922\" height=\"123\" src=\"https:\/\/atelieroniriquevitrail.fr\/wp-content\/uploads\/2025\/10\/Capture-decran-2025-09-05-162822.jpg\" alt=\"\" class=\"wp-image-1071\" srcset=\"https:\/\/atelieroniriquevitrail.fr\/wp-content\/uploads\/2025\/10\/Capture-decran-2025-09-05-162822.jpg 922w, https:\/\/atelieroniriquevitrail.fr\/wp-content\/uploads\/2025\/10\/Capture-decran-2025-09-05-162822-300x40.jpg 300w, https:\/\/atelieroniriquevitrail.fr\/wp-content\/uploads\/2025\/10\/Capture-decran-2025-09-05-162822-768x102.jpg 768w\" sizes=\"auto, (max-width: 922px) 100vw, 922px\" \/><\/a><\/figure>\n<\/div>\n\n\n<p><\/p>\n","protected":false},"excerpt":{"rendered":"<p>F\u00e9vrier Le vendredi 14 \u00e0 partir de 18h30 : Atelier Peinture sur verre avec l&rsquo;association Plaisir de faire de Maintenon sur le th\u00e8me de l&rsquo;Amour. MARS Le vendredi 21 \u00e0 partir de 18h30 : Atelier Peinture sur verre avec l&rsquo;association Plaisir de faire de Maintenon sur le th\u00e8me du printemps. AVRIL Samedi 5 et dimanche [&hellip;]<\/p>\n","protected":false},"author":1,"featured_media":0,"parent":0,"menu_order":0,"comment_status":"closed","ping_status":"closed","template":"","meta":{"footnotes":""},"class_list":["post-856","page","type-page","status-publish","hentry"],"_links":{"self":[{"href":"https:\/\/atelieroniriquevitrail.fr\/index.php?rest_route=\/wp\/v2\/pages\/856","targetHints":{"allow":["GET"]}}],"collection":[{"href":"https:\/\/atelieroniriquevitrail.fr\/index.php?rest_route=\/wp\/v2\/pages"}],"about":[{"href":"https:\/\/atelieroniriquevitrail.fr\/index.php?rest_route=\/wp\/v2\/types\/page"}],"author":[{"embeddable":true,"href":"https:\/\/atelieroniriquevitrail.fr\/index.php?rest_route=\/wp\/v2\/users\/1"}],"replies":[{"embeddable":true,"href":"https:\/\/atelieroniriquevitrail.fr\/index.php?rest_route=%2Fwp%2Fv2%2Fcomments&post=856"}],"version-history":[{"count":20,"href":"https:\/\/atelieroniriquevitrail.fr\/index.php?rest_route=\/wp\/v2\/pages\/856\/revisions"}],"predecessor-version":[{"id":1098,"href":"https:\/\/atelieroniriquevitrail.fr\/index.php?rest_route=\/wp\/v2\/pages\/856\/revisions\/1098"}],"wp:attachment":[{"href":"https:\/\/atelieroniriquevitrail.fr\/index.php?rest_route=%2Fwp%2Fv2%2Fmedia&parent=856"}],"curies":[{"name":"wp","href":"https:\/\/api.w.org\/{rel}","templated":true}]}}