{"id":883,"date":"2025-02-17T12:17:02","date_gmt":"2025-02-17T11:17:02","guid":{"rendered":"https:\/\/atelieroniriquevitrail.fr\/?page_id=883"},"modified":"2026-02-08T20:50:12","modified_gmt":"2026-02-08T19:50:12","slug":"initiation-peinture-sur-verre-a-comme-amour","status":"publish","type":"page","link":"https:\/\/atelieroniriquevitrail.fr\/?page_id=883","title":{"rendered":"Initiation &#8211; Peinture sur verre \u00ab\u00a0A comme Amour\u00a0\u00bb"},"content":{"rendered":"\n<p class=\"has-text-align-center\">Vendredi 14 f\u00e9vrier (le jour des amoureux) a eut lieu la premi\u00e8re formation de l&rsquo;ann\u00e9e de l&rsquo;atelier avec l&rsquo;association Plaisir de faire Maintenon.<\/p>\n\n\n\n<figure class=\"wp-block-image size-large\"><img loading=\"lazy\" decoding=\"async\" width=\"723\" height=\"1024\" src=\"https:\/\/atelieroniriquevitrail.fr\/wp-content\/uploads\/2025\/01\/WhatsApp-Image-2025-01-09-a-11.53.32_0d3e5e5d-min-723x1024.jpg\" alt=\"\" class=\"wp-image-853\" srcset=\"https:\/\/atelieroniriquevitrail.fr\/wp-content\/uploads\/2025\/01\/WhatsApp-Image-2025-01-09-a-11.53.32_0d3e5e5d-min-723x1024.jpg 723w, https:\/\/atelieroniriquevitrail.fr\/wp-content\/uploads\/2025\/01\/WhatsApp-Image-2025-01-09-a-11.53.32_0d3e5e5d-min-212x300.jpg 212w, https:\/\/atelieroniriquevitrail.fr\/wp-content\/uploads\/2025\/01\/WhatsApp-Image-2025-01-09-a-11.53.32_0d3e5e5d-min-768x1088.jpg 768w, https:\/\/atelieroniriquevitrail.fr\/wp-content\/uploads\/2025\/01\/WhatsApp-Image-2025-01-09-a-11.53.32_0d3e5e5d-min.jpg 1080w\" sizes=\"auto, (max-width: 723px) 100vw, 723px\" \/><\/figure>\n\n\n\n<p class=\"has-text-align-center\">Le th\u00e8me \u00e9tait&#8230; L&rsquo;AMOUR !<\/p>\n\n\n\n<figure class=\"wp-block-gallery aligncenter has-nested-images columns-default is-cropped wp-block-gallery-1 is-layout-flex wp-block-gallery-is-layout-flex\"><div class=\"wp-block-image is-style-rounded\">\n<figure class=\"aligncenter size-large\"><img loading=\"lazy\" decoding=\"async\" width=\"1024\" height=\"473\" data-id=\"884\" src=\"https:\/\/atelieroniriquevitrail.fr\/wp-content\/uploads\/2025\/02\/WhatsApp-Image-2025-02-17-a-12.09.10_94b98d2e-min-1024x473.jpg\" alt=\"\" class=\"wp-image-884\" srcset=\"https:\/\/atelieroniriquevitrail.fr\/wp-content\/uploads\/2025\/02\/WhatsApp-Image-2025-02-17-a-12.09.10_94b98d2e-min-1024x473.jpg 1024w, https:\/\/atelieroniriquevitrail.fr\/wp-content\/uploads\/2025\/02\/WhatsApp-Image-2025-02-17-a-12.09.10_94b98d2e-min-300x139.jpg 300w, https:\/\/atelieroniriquevitrail.fr\/wp-content\/uploads\/2025\/02\/WhatsApp-Image-2025-02-17-a-12.09.10_94b98d2e-min-768x355.jpg 768w, https:\/\/atelieroniriquevitrail.fr\/wp-content\/uploads\/2025\/02\/WhatsApp-Image-2025-02-17-a-12.09.10_94b98d2e-min-1536x709.jpg 1536w, https:\/\/atelieroniriquevitrail.fr\/wp-content\/uploads\/2025\/02\/WhatsApp-Image-2025-02-17-a-12.09.10_94b98d2e-min-1200x554.jpg 1200w, https:\/\/atelieroniriquevitrail.fr\/wp-content\/uploads\/2025\/02\/WhatsApp-Image-2025-02-17-a-12.09.10_94b98d2e-min-1980x914.jpg 1980w, https:\/\/atelieroniriquevitrail.fr\/wp-content\/uploads\/2025\/02\/WhatsApp-Image-2025-02-17-a-12.09.10_94b98d2e-min.jpg 2040w\" sizes=\"auto, (max-width: 1024px) 100vw, 1024px\" \/><\/figure>\n<\/div>\n\n\n<figure class=\"wp-block-image size-large is-style-rounded\"><img loading=\"lazy\" decoding=\"async\" width=\"1024\" height=\"473\" data-id=\"886\" src=\"https:\/\/atelieroniriquevitrail.fr\/wp-content\/uploads\/2025\/02\/WhatsApp-Image-2025-02-17-a-12.09.10_313eb3c5-min-1024x473.jpg\" alt=\"\" class=\"wp-image-886\" srcset=\"https:\/\/atelieroniriquevitrail.fr\/wp-content\/uploads\/2025\/02\/WhatsApp-Image-2025-02-17-a-12.09.10_313eb3c5-min-1024x473.jpg 1024w, https:\/\/atelieroniriquevitrail.fr\/wp-content\/uploads\/2025\/02\/WhatsApp-Image-2025-02-17-a-12.09.10_313eb3c5-min-300x139.jpg 300w, https:\/\/atelieroniriquevitrail.fr\/wp-content\/uploads\/2025\/02\/WhatsApp-Image-2025-02-17-a-12.09.10_313eb3c5-min-768x355.jpg 768w, https:\/\/atelieroniriquevitrail.fr\/wp-content\/uploads\/2025\/02\/WhatsApp-Image-2025-02-17-a-12.09.10_313eb3c5-min-1536x709.jpg 1536w, https:\/\/atelieroniriquevitrail.fr\/wp-content\/uploads\/2025\/02\/WhatsApp-Image-2025-02-17-a-12.09.10_313eb3c5-min-1200x554.jpg 1200w, https:\/\/atelieroniriquevitrail.fr\/wp-content\/uploads\/2025\/02\/WhatsApp-Image-2025-02-17-a-12.09.10_313eb3c5-min-1980x914.jpg 1980w, https:\/\/atelieroniriquevitrail.fr\/wp-content\/uploads\/2025\/02\/WhatsApp-Image-2025-02-17-a-12.09.10_313eb3c5-min.jpg 2040w\" sizes=\"auto, (max-width: 1024px) 100vw, 1024px\" \/><\/figure>\n\n\n\n<figure class=\"wp-block-image size-large is-style-rounded\"><img loading=\"lazy\" decoding=\"async\" width=\"1024\" height=\"473\" data-id=\"885\" src=\"https:\/\/atelieroniriquevitrail.fr\/wp-content\/uploads\/2025\/02\/WhatsApp-Image-2025-02-17-a-12.09.10_b158c8f7-min-1024x473.jpg\" alt=\"\" class=\"wp-image-885\" srcset=\"https:\/\/atelieroniriquevitrail.fr\/wp-content\/uploads\/2025\/02\/WhatsApp-Image-2025-02-17-a-12.09.10_b158c8f7-min-1024x473.jpg 1024w, https:\/\/atelieroniriquevitrail.fr\/wp-content\/uploads\/2025\/02\/WhatsApp-Image-2025-02-17-a-12.09.10_b158c8f7-min-300x139.jpg 300w, https:\/\/atelieroniriquevitrail.fr\/wp-content\/uploads\/2025\/02\/WhatsApp-Image-2025-02-17-a-12.09.10_b158c8f7-min-768x355.jpg 768w, https:\/\/atelieroniriquevitrail.fr\/wp-content\/uploads\/2025\/02\/WhatsApp-Image-2025-02-17-a-12.09.10_b158c8f7-min-1536x709.jpg 1536w, https:\/\/atelieroniriquevitrail.fr\/wp-content\/uploads\/2025\/02\/WhatsApp-Image-2025-02-17-a-12.09.10_b158c8f7-min-1200x554.jpg 1200w, https:\/\/atelieroniriquevitrail.fr\/wp-content\/uploads\/2025\/02\/WhatsApp-Image-2025-02-17-a-12.09.10_b158c8f7-min-1980x914.jpg 1980w, https:\/\/atelieroniriquevitrail.fr\/wp-content\/uploads\/2025\/02\/WhatsApp-Image-2025-02-17-a-12.09.10_b158c8f7-min.jpg 2040w\" sizes=\"auto, (max-width: 1024px) 100vw, 1024px\" \/><\/figure>\n<\/figure>\n\n\n\n<p class=\"has-text-align-center\">Des cr\u00e9ations fabuleuses ont \u00e9t\u00e9s r\u00e9alis\u00e9es.<\/p>\n\n\n\n<p class=\"has-text-align-center\"><\/p>\n\n\n\n<figure class=\"wp-block-gallery has-nested-images columns-default is-cropped wp-block-gallery-2 is-layout-flex wp-block-gallery-is-layout-flex\">\n<figure class=\"wp-block-image size-large is-style-rounded\"><img loading=\"lazy\" decoding=\"async\" width=\"473\" height=\"1024\" data-id=\"887\" src=\"https:\/\/atelieroniriquevitrail.fr\/wp-content\/uploads\/2025\/02\/WhatsApp-Image-2025-02-17-a-12.09.10_61e78ad9-min-473x1024.jpg\" alt=\"\" class=\"wp-image-887\" srcset=\"https:\/\/atelieroniriquevitrail.fr\/wp-content\/uploads\/2025\/02\/WhatsApp-Image-2025-02-17-a-12.09.10_61e78ad9-min-473x1024.jpg 473w, https:\/\/atelieroniriquevitrail.fr\/wp-content\/uploads\/2025\/02\/WhatsApp-Image-2025-02-17-a-12.09.10_61e78ad9-min-139x300.jpg 139w, https:\/\/atelieroniriquevitrail.fr\/wp-content\/uploads\/2025\/02\/WhatsApp-Image-2025-02-17-a-12.09.10_61e78ad9-min-768x1663.jpg 768w, https:\/\/atelieroniriquevitrail.fr\/wp-content\/uploads\/2025\/02\/WhatsApp-Image-2025-02-17-a-12.09.10_61e78ad9-min-709x1536.jpg 709w, https:\/\/atelieroniriquevitrail.fr\/wp-content\/uploads\/2025\/02\/WhatsApp-Image-2025-02-17-a-12.09.10_61e78ad9-min.jpg 942w\" sizes=\"auto, (max-width: 473px) 100vw, 473px\" \/><\/figure>\n\n\n\n<figure class=\"wp-block-image size-large is-style-rounded\"><img loading=\"lazy\" decoding=\"async\" width=\"473\" height=\"1024\" data-id=\"888\" src=\"https:\/\/atelieroniriquevitrail.fr\/wp-content\/uploads\/2025\/02\/WhatsApp-Image-2025-02-17-a-12.09.10_941f1ae5-min-473x1024.jpg\" alt=\"\" class=\"wp-image-888\" srcset=\"https:\/\/atelieroniriquevitrail.fr\/wp-content\/uploads\/2025\/02\/WhatsApp-Image-2025-02-17-a-12.09.10_941f1ae5-min-473x1024.jpg 473w, https:\/\/atelieroniriquevitrail.fr\/wp-content\/uploads\/2025\/02\/WhatsApp-Image-2025-02-17-a-12.09.10_941f1ae5-min-139x300.jpg 139w, https:\/\/atelieroniriquevitrail.fr\/wp-content\/uploads\/2025\/02\/WhatsApp-Image-2025-02-17-a-12.09.10_941f1ae5-min-768x1663.jpg 768w, https:\/\/atelieroniriquevitrail.fr\/wp-content\/uploads\/2025\/02\/WhatsApp-Image-2025-02-17-a-12.09.10_941f1ae5-min-709x1536.jpg 709w, https:\/\/atelieroniriquevitrail.fr\/wp-content\/uploads\/2025\/02\/WhatsApp-Image-2025-02-17-a-12.09.10_941f1ae5-min.jpg 942w\" sizes=\"auto, (max-width: 473px) 100vw, 473px\" \/><\/figure>\n\n\n\n<figure class=\"wp-block-image size-large is-style-rounded\"><img loading=\"lazy\" decoding=\"async\" width=\"473\" height=\"1024\" data-id=\"889\" src=\"https:\/\/atelieroniriquevitrail.fr\/wp-content\/uploads\/2025\/02\/WhatsApp-Image-2025-02-17-a-12.09.10_a3bb3f49-min-473x1024.jpg\" alt=\"\" class=\"wp-image-889\" srcset=\"https:\/\/atelieroniriquevitrail.fr\/wp-content\/uploads\/2025\/02\/WhatsApp-Image-2025-02-17-a-12.09.10_a3bb3f49-min-473x1024.jpg 473w, https:\/\/atelieroniriquevitrail.fr\/wp-content\/uploads\/2025\/02\/WhatsApp-Image-2025-02-17-a-12.09.10_a3bb3f49-min-139x300.jpg 139w, https:\/\/atelieroniriquevitrail.fr\/wp-content\/uploads\/2025\/02\/WhatsApp-Image-2025-02-17-a-12.09.10_a3bb3f49-min-768x1663.jpg 768w, https:\/\/atelieroniriquevitrail.fr\/wp-content\/uploads\/2025\/02\/WhatsApp-Image-2025-02-17-a-12.09.10_a3bb3f49-min-709x1536.jpg 709w, https:\/\/atelieroniriquevitrail.fr\/wp-content\/uploads\/2025\/02\/WhatsApp-Image-2025-02-17-a-12.09.10_a3bb3f49-min.jpg 942w\" sizes=\"auto, (max-width: 473px) 100vw, 473px\" \/><\/figure>\n\n\n\n<figure class=\"wp-block-image size-large is-style-rounded\"><img loading=\"lazy\" decoding=\"async\" width=\"473\" height=\"1024\" data-id=\"891\" src=\"https:\/\/atelieroniriquevitrail.fr\/wp-content\/uploads\/2025\/02\/WhatsApp-Image-2025-02-17-a-12.09.11_32f3745f-min-473x1024.jpg\" alt=\"\" class=\"wp-image-891\" srcset=\"https:\/\/atelieroniriquevitrail.fr\/wp-content\/uploads\/2025\/02\/WhatsApp-Image-2025-02-17-a-12.09.11_32f3745f-min-473x1024.jpg 473w, https:\/\/atelieroniriquevitrail.fr\/wp-content\/uploads\/2025\/02\/WhatsApp-Image-2025-02-17-a-12.09.11_32f3745f-min-139x300.jpg 139w, https:\/\/atelieroniriquevitrail.fr\/wp-content\/uploads\/2025\/02\/WhatsApp-Image-2025-02-17-a-12.09.11_32f3745f-min-768x1663.jpg 768w, https:\/\/atelieroniriquevitrail.fr\/wp-content\/uploads\/2025\/02\/WhatsApp-Image-2025-02-17-a-12.09.11_32f3745f-min-709x1536.jpg 709w, https:\/\/atelieroniriquevitrail.fr\/wp-content\/uploads\/2025\/02\/WhatsApp-Image-2025-02-17-a-12.09.11_32f3745f-min.jpg 942w\" sizes=\"auto, (max-width: 473px) 100vw, 473px\" \/><\/figure>\n\n\n\n<figure class=\"wp-block-image size-large is-style-rounded\"><img loading=\"lazy\" decoding=\"async\" width=\"473\" height=\"1024\" data-id=\"890\" src=\"https:\/\/atelieroniriquevitrail.fr\/wp-content\/uploads\/2025\/02\/WhatsApp-Image-2025-02-17-a-12.09.11_dcefc4a9-min-473x1024.jpg\" alt=\"\" class=\"wp-image-890\" srcset=\"https:\/\/atelieroniriquevitrail.fr\/wp-content\/uploads\/2025\/02\/WhatsApp-Image-2025-02-17-a-12.09.11_dcefc4a9-min-473x1024.jpg 473w, https:\/\/atelieroniriquevitrail.fr\/wp-content\/uploads\/2025\/02\/WhatsApp-Image-2025-02-17-a-12.09.11_dcefc4a9-min-139x300.jpg 139w, https:\/\/atelieroniriquevitrail.fr\/wp-content\/uploads\/2025\/02\/WhatsApp-Image-2025-02-17-a-12.09.11_dcefc4a9-min-768x1663.jpg 768w, https:\/\/atelieroniriquevitrail.fr\/wp-content\/uploads\/2025\/02\/WhatsApp-Image-2025-02-17-a-12.09.11_dcefc4a9-min-709x1536.jpg 709w, https:\/\/atelieroniriquevitrail.fr\/wp-content\/uploads\/2025\/02\/WhatsApp-Image-2025-02-17-a-12.09.11_dcefc4a9-min.jpg 942w\" sizes=\"auto, (max-width: 473px) 100vw, 473px\" \/><\/figure>\n<\/figure>\n\n\n\n<p class=\"has-text-align-center\">Bravo \u00e0 tous !<\/p>\n","protected":false},"excerpt":{"rendered":"<p>Vendredi 14 f\u00e9vrier (le jour des amoureux) a eut lieu la premi\u00e8re formation de l&rsquo;ann\u00e9e de l&rsquo;atelier avec l&rsquo;association Plaisir de faire Maintenon. Le th\u00e8me \u00e9tait&#8230; L&rsquo;AMOUR ! Des cr\u00e9ations fabuleuses ont \u00e9t\u00e9s r\u00e9alis\u00e9es. Bravo \u00e0 tous !<\/p>\n","protected":false},"author":1,"featured_media":0,"parent":0,"menu_order":0,"comment_status":"closed","ping_status":"closed","template":"","meta":{"footnotes":""},"class_list":["post-883","page","type-page","status-publish","hentry"],"_links":{"self":[{"href":"https:\/\/atelieroniriquevitrail.fr\/index.php?rest_route=\/wp\/v2\/pages\/883","targetHints":{"allow":["GET"]}}],"collection":[{"href":"https:\/\/atelieroniriquevitrail.fr\/index.php?rest_route=\/wp\/v2\/pages"}],"about":[{"href":"https:\/\/atelieroniriquevitrail.fr\/index.php?rest_route=\/wp\/v2\/types\/page"}],"author":[{"embeddable":true,"href":"https:\/\/atelieroniriquevitrail.fr\/index.php?rest_route=\/wp\/v2\/users\/1"}],"replies":[{"embeddable":true,"href":"https:\/\/atelieroniriquevitrail.fr\/index.php?rest_route=%2Fwp%2Fv2%2Fcomments&post=883"}],"version-history":[{"count":2,"href":"https:\/\/atelieroniriquevitrail.fr\/index.php?rest_route=\/wp\/v2\/pages\/883\/revisions"}],"predecessor-version":[{"id":895,"href":"https:\/\/atelieroniriquevitrail.fr\/index.php?rest_route=\/wp\/v2\/pages\/883\/revisions\/895"}],"wp:attachment":[{"href":"https:\/\/atelieroniriquevitrail.fr\/index.php?rest_route=%2Fwp%2Fv2%2Fmedia&parent=883"}],"curies":[{"name":"wp","href":"https:\/\/api.w.org\/{rel}","templated":true}]}}