{"id":916,"date":"2025-03-24T11:12:07","date_gmt":"2025-03-24T10:12:07","guid":{"rendered":"https:\/\/atelieroniriquevitrail.fr\/?page_id=916"},"modified":"2026-02-08T20:50:12","modified_gmt":"2026-02-08T19:50:12","slug":"initiation-peinture-sur-verre","status":"publish","type":"page","link":"https:\/\/atelieroniriquevitrail.fr\/?page_id=916","title":{"rendered":"Initiation &#8211; Peinture sur Verre"},"content":{"rendered":"\n<p class=\"has-text-align-center\">Le th\u00e8me printanier \u00e0 \u00e9t\u00e9 de mise pour ce 21 mars 2025 avec des peintures tr\u00e8s natures sur de magnifiques fleurs, papillons et h\u00e9rissons adorables.<\/p>\n\n\n\n<figure class=\"wp-block-gallery has-nested-images columns-default is-cropped wp-block-gallery-1 is-layout-flex wp-block-gallery-is-layout-flex\">\n<figure class=\"wp-block-image size-large is-style-rounded\"><img loading=\"lazy\" decoding=\"async\" width=\"473\" height=\"1024\" data-id=\"917\" src=\"https:\/\/atelieroniriquevitrail.fr\/wp-content\/uploads\/2025\/03\/WhatsApp-Image-2025-03-24-a-10.10.00_01f4c52a-min-473x1024.jpg\" alt=\"\" class=\"wp-image-917\" srcset=\"https:\/\/atelieroniriquevitrail.fr\/wp-content\/uploads\/2025\/03\/WhatsApp-Image-2025-03-24-a-10.10.00_01f4c52a-min-473x1024.jpg 473w, https:\/\/atelieroniriquevitrail.fr\/wp-content\/uploads\/2025\/03\/WhatsApp-Image-2025-03-24-a-10.10.00_01f4c52a-min-139x300.jpg 139w, https:\/\/atelieroniriquevitrail.fr\/wp-content\/uploads\/2025\/03\/WhatsApp-Image-2025-03-24-a-10.10.00_01f4c52a-min-768x1663.jpg 768w, https:\/\/atelieroniriquevitrail.fr\/wp-content\/uploads\/2025\/03\/WhatsApp-Image-2025-03-24-a-10.10.00_01f4c52a-min-709x1536.jpg 709w, https:\/\/atelieroniriquevitrail.fr\/wp-content\/uploads\/2025\/03\/WhatsApp-Image-2025-03-24-a-10.10.00_01f4c52a-min.jpg 942w\" sizes=\"auto, (max-width: 473px) 100vw, 473px\" \/><\/figure>\n\n\n\n<figure class=\"wp-block-image size-large is-style-rounded\"><img loading=\"lazy\" decoding=\"async\" width=\"473\" height=\"1024\" data-id=\"919\" src=\"https:\/\/atelieroniriquevitrail.fr\/wp-content\/uploads\/2025\/03\/WhatsApp-Image-2025-03-24-a-10.10.00_85a9c838-min-473x1024.jpg\" alt=\"\" class=\"wp-image-919\" srcset=\"https:\/\/atelieroniriquevitrail.fr\/wp-content\/uploads\/2025\/03\/WhatsApp-Image-2025-03-24-a-10.10.00_85a9c838-min-473x1024.jpg 473w, https:\/\/atelieroniriquevitrail.fr\/wp-content\/uploads\/2025\/03\/WhatsApp-Image-2025-03-24-a-10.10.00_85a9c838-min-139x300.jpg 139w, https:\/\/atelieroniriquevitrail.fr\/wp-content\/uploads\/2025\/03\/WhatsApp-Image-2025-03-24-a-10.10.00_85a9c838-min-768x1663.jpg 768w, https:\/\/atelieroniriquevitrail.fr\/wp-content\/uploads\/2025\/03\/WhatsApp-Image-2025-03-24-a-10.10.00_85a9c838-min-709x1536.jpg 709w, https:\/\/atelieroniriquevitrail.fr\/wp-content\/uploads\/2025\/03\/WhatsApp-Image-2025-03-24-a-10.10.00_85a9c838-min.jpg 942w\" sizes=\"auto, (max-width: 473px) 100vw, 473px\" \/><\/figure>\n\n\n\n<figure class=\"wp-block-image size-large is-style-rounded\"><img loading=\"lazy\" decoding=\"async\" width=\"1024\" height=\"473\" data-id=\"920\" src=\"https:\/\/atelieroniriquevitrail.fr\/wp-content\/uploads\/2025\/03\/WhatsApp-Image-2025-03-24-a-10.10.00_77876c76-min-1024x473.jpg\" alt=\"\" class=\"wp-image-920\" srcset=\"https:\/\/atelieroniriquevitrail.fr\/wp-content\/uploads\/2025\/03\/WhatsApp-Image-2025-03-24-a-10.10.00_77876c76-min-1024x473.jpg 1024w, https:\/\/atelieroniriquevitrail.fr\/wp-content\/uploads\/2025\/03\/WhatsApp-Image-2025-03-24-a-10.10.00_77876c76-min-300x139.jpg 300w, https:\/\/atelieroniriquevitrail.fr\/wp-content\/uploads\/2025\/03\/WhatsApp-Image-2025-03-24-a-10.10.00_77876c76-min-768x355.jpg 768w, https:\/\/atelieroniriquevitrail.fr\/wp-content\/uploads\/2025\/03\/WhatsApp-Image-2025-03-24-a-10.10.00_77876c76-min-1536x709.jpg 1536w, https:\/\/atelieroniriquevitrail.fr\/wp-content\/uploads\/2025\/03\/WhatsApp-Image-2025-03-24-a-10.10.00_77876c76-min-1200x554.jpg 1200w, https:\/\/atelieroniriquevitrail.fr\/wp-content\/uploads\/2025\/03\/WhatsApp-Image-2025-03-24-a-10.10.00_77876c76-min-1980x914.jpg 1980w, https:\/\/atelieroniriquevitrail.fr\/wp-content\/uploads\/2025\/03\/WhatsApp-Image-2025-03-24-a-10.10.00_77876c76-min.jpg 2040w\" sizes=\"auto, (max-width: 1024px) 100vw, 1024px\" \/><\/figure>\n\n\n\n<figure class=\"wp-block-image size-large is-style-rounded\"><img loading=\"lazy\" decoding=\"async\" width=\"473\" height=\"1024\" data-id=\"921\" src=\"https:\/\/atelieroniriquevitrail.fr\/wp-content\/uploads\/2025\/03\/WhatsApp-Image-2025-03-24-a-10.10.00_01290984-min-473x1024.jpg\" alt=\"\" class=\"wp-image-921\" srcset=\"https:\/\/atelieroniriquevitrail.fr\/wp-content\/uploads\/2025\/03\/WhatsApp-Image-2025-03-24-a-10.10.00_01290984-min-473x1024.jpg 473w, https:\/\/atelieroniriquevitrail.fr\/wp-content\/uploads\/2025\/03\/WhatsApp-Image-2025-03-24-a-10.10.00_01290984-min-139x300.jpg 139w, https:\/\/atelieroniriquevitrail.fr\/wp-content\/uploads\/2025\/03\/WhatsApp-Image-2025-03-24-a-10.10.00_01290984-min-768x1663.jpg 768w, https:\/\/atelieroniriquevitrail.fr\/wp-content\/uploads\/2025\/03\/WhatsApp-Image-2025-03-24-a-10.10.00_01290984-min-709x1536.jpg 709w, https:\/\/atelieroniriquevitrail.fr\/wp-content\/uploads\/2025\/03\/WhatsApp-Image-2025-03-24-a-10.10.00_01290984-min.jpg 942w\" sizes=\"auto, (max-width: 473px) 100vw, 473px\" \/><\/figure>\n\n\n\n<figure class=\"wp-block-image size-large is-style-rounded\"><img loading=\"lazy\" decoding=\"async\" width=\"1024\" height=\"473\" data-id=\"923\" src=\"https:\/\/atelieroniriquevitrail.fr\/wp-content\/uploads\/2025\/03\/WhatsApp-Image-2025-03-24-a-10.10.00_a22f7ce6-min-1024x473.jpg\" alt=\"\" class=\"wp-image-923\" srcset=\"https:\/\/atelieroniriquevitrail.fr\/wp-content\/uploads\/2025\/03\/WhatsApp-Image-2025-03-24-a-10.10.00_a22f7ce6-min-1024x473.jpg 1024w, https:\/\/atelieroniriquevitrail.fr\/wp-content\/uploads\/2025\/03\/WhatsApp-Image-2025-03-24-a-10.10.00_a22f7ce6-min-300x139.jpg 300w, https:\/\/atelieroniriquevitrail.fr\/wp-content\/uploads\/2025\/03\/WhatsApp-Image-2025-03-24-a-10.10.00_a22f7ce6-min-768x355.jpg 768w, https:\/\/atelieroniriquevitrail.fr\/wp-content\/uploads\/2025\/03\/WhatsApp-Image-2025-03-24-a-10.10.00_a22f7ce6-min-1536x709.jpg 1536w, https:\/\/atelieroniriquevitrail.fr\/wp-content\/uploads\/2025\/03\/WhatsApp-Image-2025-03-24-a-10.10.00_a22f7ce6-min-1200x554.jpg 1200w, https:\/\/atelieroniriquevitrail.fr\/wp-content\/uploads\/2025\/03\/WhatsApp-Image-2025-03-24-a-10.10.00_a22f7ce6-min-1980x914.jpg 1980w, https:\/\/atelieroniriquevitrail.fr\/wp-content\/uploads\/2025\/03\/WhatsApp-Image-2025-03-24-a-10.10.00_a22f7ce6-min.jpg 2040w\" sizes=\"auto, (max-width: 1024px) 100vw, 1024px\" \/><\/figure>\n\n\n\n<figure class=\"wp-block-image size-large is-style-rounded\"><img loading=\"lazy\" decoding=\"async\" width=\"473\" height=\"1024\" data-id=\"922\" src=\"https:\/\/atelieroniriquevitrail.fr\/wp-content\/uploads\/2025\/03\/WhatsApp-Image-2025-03-24-a-10.10.00_c1475536-min-473x1024.jpg\" alt=\"\" class=\"wp-image-922\" srcset=\"https:\/\/atelieroniriquevitrail.fr\/wp-content\/uploads\/2025\/03\/WhatsApp-Image-2025-03-24-a-10.10.00_c1475536-min-473x1024.jpg 473w, https:\/\/atelieroniriquevitrail.fr\/wp-content\/uploads\/2025\/03\/WhatsApp-Image-2025-03-24-a-10.10.00_c1475536-min-139x300.jpg 139w, https:\/\/atelieroniriquevitrail.fr\/wp-content\/uploads\/2025\/03\/WhatsApp-Image-2025-03-24-a-10.10.00_c1475536-min-768x1663.jpg 768w, https:\/\/atelieroniriquevitrail.fr\/wp-content\/uploads\/2025\/03\/WhatsApp-Image-2025-03-24-a-10.10.00_c1475536-min-709x1536.jpg 709w, https:\/\/atelieroniriquevitrail.fr\/wp-content\/uploads\/2025\/03\/WhatsApp-Image-2025-03-24-a-10.10.00_c1475536-min.jpg 942w\" sizes=\"auto, (max-width: 473px) 100vw, 473px\" \/><\/figure>\n\n\n\n<figure class=\"wp-block-image size-large\"><img loading=\"lazy\" decoding=\"async\" width=\"473\" height=\"1024\" data-id=\"918\" src=\"https:\/\/atelieroniriquevitrail.fr\/wp-content\/uploads\/2025\/03\/WhatsApp-Image-2025-03-24-a-10.10.00_eeba001e-min-473x1024.jpg\" alt=\"\" class=\"wp-image-918\" srcset=\"https:\/\/atelieroniriquevitrail.fr\/wp-content\/uploads\/2025\/03\/WhatsApp-Image-2025-03-24-a-10.10.00_eeba001e-min-473x1024.jpg 473w, https:\/\/atelieroniriquevitrail.fr\/wp-content\/uploads\/2025\/03\/WhatsApp-Image-2025-03-24-a-10.10.00_eeba001e-min-139x300.jpg 139w, https:\/\/atelieroniriquevitrail.fr\/wp-content\/uploads\/2025\/03\/WhatsApp-Image-2025-03-24-a-10.10.00_eeba001e-min-768x1663.jpg 768w, https:\/\/atelieroniriquevitrail.fr\/wp-content\/uploads\/2025\/03\/WhatsApp-Image-2025-03-24-a-10.10.00_eeba001e-min-709x1536.jpg 709w, https:\/\/atelieroniriquevitrail.fr\/wp-content\/uploads\/2025\/03\/WhatsApp-Image-2025-03-24-a-10.10.00_eeba001e-min.jpg 942w\" sizes=\"auto, (max-width: 473px) 100vw, 473px\" \/><\/figure>\n<\/figure>\n\n\n\n<figure class=\"wp-block-image size-large\"><img loading=\"lazy\" decoding=\"async\" width=\"1024\" height=\"473\" src=\"https:\/\/atelieroniriquevitrail.fr\/wp-content\/uploads\/2025\/03\/WhatsApp-Image-2025-03-24-a-10.10.00_8722babf-min-1024x473.jpg\" alt=\"\" class=\"wp-image-925\" srcset=\"https:\/\/atelieroniriquevitrail.fr\/wp-content\/uploads\/2025\/03\/WhatsApp-Image-2025-03-24-a-10.10.00_8722babf-min-1024x473.jpg 1024w, https:\/\/atelieroniriquevitrail.fr\/wp-content\/uploads\/2025\/03\/WhatsApp-Image-2025-03-24-a-10.10.00_8722babf-min-300x139.jpg 300w, https:\/\/atelieroniriquevitrail.fr\/wp-content\/uploads\/2025\/03\/WhatsApp-Image-2025-03-24-a-10.10.00_8722babf-min-768x355.jpg 768w, https:\/\/atelieroniriquevitrail.fr\/wp-content\/uploads\/2025\/03\/WhatsApp-Image-2025-03-24-a-10.10.00_8722babf-min-1536x709.jpg 1536w, https:\/\/atelieroniriquevitrail.fr\/wp-content\/uploads\/2025\/03\/WhatsApp-Image-2025-03-24-a-10.10.00_8722babf-min-1200x554.jpg 1200w, https:\/\/atelieroniriquevitrail.fr\/wp-content\/uploads\/2025\/03\/WhatsApp-Image-2025-03-24-a-10.10.00_8722babf-min-1980x914.jpg 1980w, https:\/\/atelieroniriquevitrail.fr\/wp-content\/uploads\/2025\/03\/WhatsApp-Image-2025-03-24-a-10.10.00_8722babf-min.jpg 2040w\" sizes=\"auto, (max-width: 1024px) 100vw, 1024px\" \/><\/figure>\n\n\n\n<p class=\"has-text-align-center\">F\u00e9licitation \u00e0 chacun d&rsquo;entre vous pour ces chefs d&rsquo;\u0153uvre et merci pour ce beau moment de partage convivial.<\/p>\n\n\n\n<p><\/p>\n","protected":false},"excerpt":{"rendered":"<p>Le th\u00e8me printanier \u00e0 \u00e9t\u00e9 de mise pour ce 21 mars 2025 avec des peintures tr\u00e8s natures sur de magnifiques fleurs, papillons et h\u00e9rissons adorables. F\u00e9licitation \u00e0 chacun d&rsquo;entre vous pour ces chefs d&rsquo;\u0153uvre et merci pour ce beau moment de partage convivial.<\/p>\n","protected":false},"author":1,"featured_media":0,"parent":0,"menu_order":0,"comment_status":"closed","ping_status":"closed","template":"","meta":{"footnotes":""},"class_list":["post-916","page","type-page","status-publish","hentry"],"_links":{"self":[{"href":"https:\/\/atelieroniriquevitrail.fr\/index.php?rest_route=\/wp\/v2\/pages\/916","targetHints":{"allow":["GET"]}}],"collection":[{"href":"https:\/\/atelieroniriquevitrail.fr\/index.php?rest_route=\/wp\/v2\/pages"}],"about":[{"href":"https:\/\/atelieroniriquevitrail.fr\/index.php?rest_route=\/wp\/v2\/types\/page"}],"author":[{"embeddable":true,"href":"https:\/\/atelieroniriquevitrail.fr\/index.php?rest_route=\/wp\/v2\/users\/1"}],"replies":[{"embeddable":true,"href":"https:\/\/atelieroniriquevitrail.fr\/index.php?rest_route=%2Fwp%2Fv2%2Fcomments&post=916"}],"version-history":[{"count":1,"href":"https:\/\/atelieroniriquevitrail.fr\/index.php?rest_route=\/wp\/v2\/pages\/916\/revisions"}],"predecessor-version":[{"id":926,"href":"https:\/\/atelieroniriquevitrail.fr\/index.php?rest_route=\/wp\/v2\/pages\/916\/revisions\/926"}],"wp:attachment":[{"href":"https:\/\/atelieroniriquevitrail.fr\/index.php?rest_route=%2Fwp%2Fv2%2Fmedia&parent=916"}],"curies":[{"name":"wp","href":"https:\/\/api.w.org\/{rel}","templated":true}]}}