{"id":980,"date":"2025-05-20T10:43:15","date_gmt":"2025-05-20T08:43:15","guid":{"rendered":"https:\/\/atelieroniriquevitrail.fr\/?page_id=980"},"modified":"2026-02-08T20:50:31","modified_gmt":"2026-02-08T19:50:31","slug":"initiation-a-la-peinture-sur-verre","status":"publish","type":"page","link":"https:\/\/atelieroniriquevitrail.fr\/?page_id=980","title":{"rendered":"Initiation \u00e0 la peinture sur verre avec la Maison du Tourisme de Nogent-Le-Roi"},"content":{"rendered":"\n<p class=\"has-text-align-center\">C&rsquo;\u00e9tait vendredi 13 juin, un jour qui nous as port\u00e9 chance car, ce fut un r\u00e9el succ\u00e8s.<\/p>\n\n\n\n<div class=\"wp-block-group is-nowrap is-layout-flex wp-container-core-group-is-layout-ad2f72ca wp-block-group-is-layout-flex\">\n<figure class=\"wp-block-image size-large is-style-rounded\"><img loading=\"lazy\" decoding=\"async\" width=\"724\" height=\"1024\" src=\"https:\/\/atelieroniriquevitrail.fr\/wp-content\/uploads\/2025\/05\/screenshot_20250515_115229_drive7550768967070297327-724x1024.jpg\" alt=\"\" class=\"wp-image-975\" srcset=\"https:\/\/atelieroniriquevitrail.fr\/wp-content\/uploads\/2025\/05\/screenshot_20250515_115229_drive7550768967070297327-724x1024.jpg 724w, https:\/\/atelieroniriquevitrail.fr\/wp-content\/uploads\/2025\/05\/screenshot_20250515_115229_drive7550768967070297327-212x300.jpg 212w, https:\/\/atelieroniriquevitrail.fr\/wp-content\/uploads\/2025\/05\/screenshot_20250515_115229_drive7550768967070297327-768x1086.jpg 768w, https:\/\/atelieroniriquevitrail.fr\/wp-content\/uploads\/2025\/05\/screenshot_20250515_115229_drive7550768967070297327.jpg 989w\" sizes=\"auto, (max-width: 724px) 100vw, 724px\" \/><\/figure>\n\n\n\n<p><a href=\"https:\/\/atelieroniriquevitrail.fr\/?page_id=980\" target=\"_blank\" rel=\"noreferrer noopener\"><\/a><\/p>\n<\/div>\n\n\n\n<figure class=\"wp-block-gallery has-nested-images columns-default is-cropped wp-block-gallery-1 is-layout-flex wp-block-gallery-is-layout-flex\">\n<figure class=\"wp-block-image size-large\"><img loading=\"lazy\" decoding=\"async\" width=\"1024\" height=\"473\" data-id=\"1031\" src=\"https:\/\/atelieroniriquevitrail.fr\/wp-content\/uploads\/2025\/06\/WhatsApp-Image-2025-06-14-a-18.56.45_33a46a94-min-1024x473.jpg\" alt=\"\" class=\"wp-image-1031\" srcset=\"https:\/\/atelieroniriquevitrail.fr\/wp-content\/uploads\/2025\/06\/WhatsApp-Image-2025-06-14-a-18.56.45_33a46a94-min-1024x473.jpg 1024w, https:\/\/atelieroniriquevitrail.fr\/wp-content\/uploads\/2025\/06\/WhatsApp-Image-2025-06-14-a-18.56.45_33a46a94-min-300x139.jpg 300w, https:\/\/atelieroniriquevitrail.fr\/wp-content\/uploads\/2025\/06\/WhatsApp-Image-2025-06-14-a-18.56.45_33a46a94-min-768x355.jpg 768w, https:\/\/atelieroniriquevitrail.fr\/wp-content\/uploads\/2025\/06\/WhatsApp-Image-2025-06-14-a-18.56.45_33a46a94-min-1536x709.jpg 1536w, https:\/\/atelieroniriquevitrail.fr\/wp-content\/uploads\/2025\/06\/WhatsApp-Image-2025-06-14-a-18.56.45_33a46a94-min-1200x554.jpg 1200w, https:\/\/atelieroniriquevitrail.fr\/wp-content\/uploads\/2025\/06\/WhatsApp-Image-2025-06-14-a-18.56.45_33a46a94-min-1980x914.jpg 1980w, https:\/\/atelieroniriquevitrail.fr\/wp-content\/uploads\/2025\/06\/WhatsApp-Image-2025-06-14-a-18.56.45_33a46a94-min.jpg 2040w\" sizes=\"auto, (max-width: 1024px) 100vw, 1024px\" \/><\/figure>\n\n\n\n<figure class=\"wp-block-image size-large\"><img loading=\"lazy\" decoding=\"async\" width=\"1024\" height=\"473\" data-id=\"1030\" src=\"https:\/\/atelieroniriquevitrail.fr\/wp-content\/uploads\/2025\/06\/WhatsApp-Image-2025-06-14-a-18.56.44_ea39d3bd-min-1024x473.jpg\" alt=\"\" class=\"wp-image-1030\" srcset=\"https:\/\/atelieroniriquevitrail.fr\/wp-content\/uploads\/2025\/06\/WhatsApp-Image-2025-06-14-a-18.56.44_ea39d3bd-min-1024x473.jpg 1024w, https:\/\/atelieroniriquevitrail.fr\/wp-content\/uploads\/2025\/06\/WhatsApp-Image-2025-06-14-a-18.56.44_ea39d3bd-min-300x139.jpg 300w, https:\/\/atelieroniriquevitrail.fr\/wp-content\/uploads\/2025\/06\/WhatsApp-Image-2025-06-14-a-18.56.44_ea39d3bd-min-768x355.jpg 768w, https:\/\/atelieroniriquevitrail.fr\/wp-content\/uploads\/2025\/06\/WhatsApp-Image-2025-06-14-a-18.56.44_ea39d3bd-min-1536x709.jpg 1536w, https:\/\/atelieroniriquevitrail.fr\/wp-content\/uploads\/2025\/06\/WhatsApp-Image-2025-06-14-a-18.56.44_ea39d3bd-min-1200x554.jpg 1200w, https:\/\/atelieroniriquevitrail.fr\/wp-content\/uploads\/2025\/06\/WhatsApp-Image-2025-06-14-a-18.56.44_ea39d3bd-min-1980x914.jpg 1980w, https:\/\/atelieroniriquevitrail.fr\/wp-content\/uploads\/2025\/06\/WhatsApp-Image-2025-06-14-a-18.56.44_ea39d3bd-min.jpg 2040w\" sizes=\"auto, (max-width: 1024px) 100vw, 1024px\" \/><\/figure>\n\n\n\n<figure class=\"wp-block-image size-large\"><img loading=\"lazy\" decoding=\"async\" width=\"1024\" height=\"473\" data-id=\"1029\" src=\"https:\/\/atelieroniriquevitrail.fr\/wp-content\/uploads\/2025\/06\/WhatsApp-Image-2025-06-14-a-18.56.44_ba33389f-min-1024x473.jpg\" alt=\"\" class=\"wp-image-1029\" srcset=\"https:\/\/atelieroniriquevitrail.fr\/wp-content\/uploads\/2025\/06\/WhatsApp-Image-2025-06-14-a-18.56.44_ba33389f-min-1024x473.jpg 1024w, https:\/\/atelieroniriquevitrail.fr\/wp-content\/uploads\/2025\/06\/WhatsApp-Image-2025-06-14-a-18.56.44_ba33389f-min-300x139.jpg 300w, https:\/\/atelieroniriquevitrail.fr\/wp-content\/uploads\/2025\/06\/WhatsApp-Image-2025-06-14-a-18.56.44_ba33389f-min-768x355.jpg 768w, https:\/\/atelieroniriquevitrail.fr\/wp-content\/uploads\/2025\/06\/WhatsApp-Image-2025-06-14-a-18.56.44_ba33389f-min-1536x709.jpg 1536w, https:\/\/atelieroniriquevitrail.fr\/wp-content\/uploads\/2025\/06\/WhatsApp-Image-2025-06-14-a-18.56.44_ba33389f-min-1200x554.jpg 1200w, https:\/\/atelieroniriquevitrail.fr\/wp-content\/uploads\/2025\/06\/WhatsApp-Image-2025-06-14-a-18.56.44_ba33389f-min-1980x914.jpg 1980w, https:\/\/atelieroniriquevitrail.fr\/wp-content\/uploads\/2025\/06\/WhatsApp-Image-2025-06-14-a-18.56.44_ba33389f-min.jpg 2040w\" sizes=\"auto, (max-width: 1024px) 100vw, 1024px\" \/><\/figure>\n\n\n\n<figure class=\"wp-block-image size-large\"><img loading=\"lazy\" decoding=\"async\" width=\"473\" height=\"1024\" data-id=\"1028\" src=\"https:\/\/atelieroniriquevitrail.fr\/wp-content\/uploads\/2025\/06\/WhatsApp-Image-2025-06-14-a-18.56.44_0117190c-min-473x1024.jpg\" alt=\"\" class=\"wp-image-1028\" srcset=\"https:\/\/atelieroniriquevitrail.fr\/wp-content\/uploads\/2025\/06\/WhatsApp-Image-2025-06-14-a-18.56.44_0117190c-min-473x1024.jpg 473w, https:\/\/atelieroniriquevitrail.fr\/wp-content\/uploads\/2025\/06\/WhatsApp-Image-2025-06-14-a-18.56.44_0117190c-min-139x300.jpg 139w, https:\/\/atelieroniriquevitrail.fr\/wp-content\/uploads\/2025\/06\/WhatsApp-Image-2025-06-14-a-18.56.44_0117190c-min-768x1663.jpg 768w, https:\/\/atelieroniriquevitrail.fr\/wp-content\/uploads\/2025\/06\/WhatsApp-Image-2025-06-14-a-18.56.44_0117190c-min-709x1536.jpg 709w, https:\/\/atelieroniriquevitrail.fr\/wp-content\/uploads\/2025\/06\/WhatsApp-Image-2025-06-14-a-18.56.44_0117190c-min.jpg 942w\" sizes=\"auto, (max-width: 473px) 100vw, 473px\" \/><\/figure>\n\n\n\n<figure class=\"wp-block-image size-large\"><img loading=\"lazy\" decoding=\"async\" width=\"473\" height=\"1024\" data-id=\"1027\" src=\"https:\/\/atelieroniriquevitrail.fr\/wp-content\/uploads\/2025\/06\/WhatsApp-Image-2025-06-14-a-18.56.42_cb6f451a-min-473x1024.jpg\" alt=\"\" class=\"wp-image-1027\" srcset=\"https:\/\/atelieroniriquevitrail.fr\/wp-content\/uploads\/2025\/06\/WhatsApp-Image-2025-06-14-a-18.56.42_cb6f451a-min-473x1024.jpg 473w, https:\/\/atelieroniriquevitrail.fr\/wp-content\/uploads\/2025\/06\/WhatsApp-Image-2025-06-14-a-18.56.42_cb6f451a-min-139x300.jpg 139w, https:\/\/atelieroniriquevitrail.fr\/wp-content\/uploads\/2025\/06\/WhatsApp-Image-2025-06-14-a-18.56.42_cb6f451a-min-768x1663.jpg 768w, https:\/\/atelieroniriquevitrail.fr\/wp-content\/uploads\/2025\/06\/WhatsApp-Image-2025-06-14-a-18.56.42_cb6f451a-min-709x1536.jpg 709w, https:\/\/atelieroniriquevitrail.fr\/wp-content\/uploads\/2025\/06\/WhatsApp-Image-2025-06-14-a-18.56.42_cb6f451a-min.jpg 942w\" sizes=\"auto, (max-width: 473px) 100vw, 473px\" \/><\/figure>\n\n\n\n<figure class=\"wp-block-image size-large\"><img loading=\"lazy\" decoding=\"async\" width=\"473\" height=\"1024\" data-id=\"1026\" src=\"https:\/\/atelieroniriquevitrail.fr\/wp-content\/uploads\/2025\/06\/WhatsApp-Image-2025-06-14-a-18.56.42_be4fb991-min-473x1024.jpg\" alt=\"\" class=\"wp-image-1026\" srcset=\"https:\/\/atelieroniriquevitrail.fr\/wp-content\/uploads\/2025\/06\/WhatsApp-Image-2025-06-14-a-18.56.42_be4fb991-min-473x1024.jpg 473w, https:\/\/atelieroniriquevitrail.fr\/wp-content\/uploads\/2025\/06\/WhatsApp-Image-2025-06-14-a-18.56.42_be4fb991-min-139x300.jpg 139w, https:\/\/atelieroniriquevitrail.fr\/wp-content\/uploads\/2025\/06\/WhatsApp-Image-2025-06-14-a-18.56.42_be4fb991-min-768x1663.jpg 768w, https:\/\/atelieroniriquevitrail.fr\/wp-content\/uploads\/2025\/06\/WhatsApp-Image-2025-06-14-a-18.56.42_be4fb991-min-709x1536.jpg 709w, https:\/\/atelieroniriquevitrail.fr\/wp-content\/uploads\/2025\/06\/WhatsApp-Image-2025-06-14-a-18.56.42_be4fb991-min.jpg 942w\" sizes=\"auto, (max-width: 473px) 100vw, 473px\" \/><\/figure>\n\n\n\n<figure class=\"wp-block-image size-large\"><img loading=\"lazy\" decoding=\"async\" width=\"473\" height=\"1024\" data-id=\"1025\" src=\"https:\/\/atelieroniriquevitrail.fr\/wp-content\/uploads\/2025\/06\/WhatsApp-Image-2025-06-14-a-18.56.42_321a6900-min-473x1024.jpg\" alt=\"\" class=\"wp-image-1025\" srcset=\"https:\/\/atelieroniriquevitrail.fr\/wp-content\/uploads\/2025\/06\/WhatsApp-Image-2025-06-14-a-18.56.42_321a6900-min-473x1024.jpg 473w, https:\/\/atelieroniriquevitrail.fr\/wp-content\/uploads\/2025\/06\/WhatsApp-Image-2025-06-14-a-18.56.42_321a6900-min-139x300.jpg 139w, https:\/\/atelieroniriquevitrail.fr\/wp-content\/uploads\/2025\/06\/WhatsApp-Image-2025-06-14-a-18.56.42_321a6900-min-768x1663.jpg 768w, https:\/\/atelieroniriquevitrail.fr\/wp-content\/uploads\/2025\/06\/WhatsApp-Image-2025-06-14-a-18.56.42_321a6900-min-709x1536.jpg 709w, https:\/\/atelieroniriquevitrail.fr\/wp-content\/uploads\/2025\/06\/WhatsApp-Image-2025-06-14-a-18.56.42_321a6900-min.jpg 942w\" sizes=\"auto, (max-width: 473px) 100vw, 473px\" \/><\/figure>\n\n\n\n<figure class=\"wp-block-image size-large\"><img loading=\"lazy\" decoding=\"async\" width=\"473\" height=\"1024\" data-id=\"1024\" src=\"https:\/\/atelieroniriquevitrail.fr\/wp-content\/uploads\/2025\/06\/WhatsApp-Image-2025-06-14-a-18.56.42_28a40675-min-473x1024.jpg\" alt=\"\" class=\"wp-image-1024\" srcset=\"https:\/\/atelieroniriquevitrail.fr\/wp-content\/uploads\/2025\/06\/WhatsApp-Image-2025-06-14-a-18.56.42_28a40675-min-473x1024.jpg 473w, https:\/\/atelieroniriquevitrail.fr\/wp-content\/uploads\/2025\/06\/WhatsApp-Image-2025-06-14-a-18.56.42_28a40675-min-139x300.jpg 139w, https:\/\/atelieroniriquevitrail.fr\/wp-content\/uploads\/2025\/06\/WhatsApp-Image-2025-06-14-a-18.56.42_28a40675-min-768x1663.jpg 768w, https:\/\/atelieroniriquevitrail.fr\/wp-content\/uploads\/2025\/06\/WhatsApp-Image-2025-06-14-a-18.56.42_28a40675-min-709x1536.jpg 709w, https:\/\/atelieroniriquevitrail.fr\/wp-content\/uploads\/2025\/06\/WhatsApp-Image-2025-06-14-a-18.56.42_28a40675-min.jpg 942w\" sizes=\"auto, (max-width: 473px) 100vw, 473px\" \/><\/figure>\n\n\n\n<figure class=\"wp-block-image size-large\"><img loading=\"lazy\" decoding=\"async\" width=\"473\" height=\"1024\" data-id=\"1023\" src=\"https:\/\/atelieroniriquevitrail.fr\/wp-content\/uploads\/2025\/06\/WhatsApp-Image-2025-06-14-a-18.56.42_6d189fe7-min-473x1024.jpg\" alt=\"\" class=\"wp-image-1023\" srcset=\"https:\/\/atelieroniriquevitrail.fr\/wp-content\/uploads\/2025\/06\/WhatsApp-Image-2025-06-14-a-18.56.42_6d189fe7-min-473x1024.jpg 473w, https:\/\/atelieroniriquevitrail.fr\/wp-content\/uploads\/2025\/06\/WhatsApp-Image-2025-06-14-a-18.56.42_6d189fe7-min-139x300.jpg 139w, https:\/\/atelieroniriquevitrail.fr\/wp-content\/uploads\/2025\/06\/WhatsApp-Image-2025-06-14-a-18.56.42_6d189fe7-min-768x1663.jpg 768w, https:\/\/atelieroniriquevitrail.fr\/wp-content\/uploads\/2025\/06\/WhatsApp-Image-2025-06-14-a-18.56.42_6d189fe7-min-709x1536.jpg 709w, https:\/\/atelieroniriquevitrail.fr\/wp-content\/uploads\/2025\/06\/WhatsApp-Image-2025-06-14-a-18.56.42_6d189fe7-min.jpg 942w\" sizes=\"auto, (max-width: 473px) 100vw, 473px\" \/><\/figure>\n\n\n\n<figure class=\"wp-block-image size-large\"><img loading=\"lazy\" decoding=\"async\" width=\"473\" height=\"1024\" data-id=\"1022\" src=\"https:\/\/atelieroniriquevitrail.fr\/wp-content\/uploads\/2025\/06\/WhatsApp-Image-2025-06-14-a-18.56.41_52e1e957-min-473x1024.jpg\" alt=\"\" class=\"wp-image-1022\" srcset=\"https:\/\/atelieroniriquevitrail.fr\/wp-content\/uploads\/2025\/06\/WhatsApp-Image-2025-06-14-a-18.56.41_52e1e957-min-473x1024.jpg 473w, https:\/\/atelieroniriquevitrail.fr\/wp-content\/uploads\/2025\/06\/WhatsApp-Image-2025-06-14-a-18.56.41_52e1e957-min-139x300.jpg 139w, https:\/\/atelieroniriquevitrail.fr\/wp-content\/uploads\/2025\/06\/WhatsApp-Image-2025-06-14-a-18.56.41_52e1e957-min-768x1663.jpg 768w, https:\/\/atelieroniriquevitrail.fr\/wp-content\/uploads\/2025\/06\/WhatsApp-Image-2025-06-14-a-18.56.41_52e1e957-min-709x1536.jpg 709w, https:\/\/atelieroniriquevitrail.fr\/wp-content\/uploads\/2025\/06\/WhatsApp-Image-2025-06-14-a-18.56.41_52e1e957-min.jpg 942w\" sizes=\"auto, (max-width: 473px) 100vw, 473px\" \/><\/figure>\n\n\n\n<figure class=\"wp-block-image size-large\"><img loading=\"lazy\" decoding=\"async\" width=\"473\" height=\"1024\" data-id=\"1021\" src=\"https:\/\/atelieroniriquevitrail.fr\/wp-content\/uploads\/2025\/06\/WhatsApp-Image-2025-06-14-a-18.56.41_9da3d1ae-min-473x1024.jpg\" alt=\"\" class=\"wp-image-1021\" srcset=\"https:\/\/atelieroniriquevitrail.fr\/wp-content\/uploads\/2025\/06\/WhatsApp-Image-2025-06-14-a-18.56.41_9da3d1ae-min-473x1024.jpg 473w, https:\/\/atelieroniriquevitrail.fr\/wp-content\/uploads\/2025\/06\/WhatsApp-Image-2025-06-14-a-18.56.41_9da3d1ae-min-139x300.jpg 139w, https:\/\/atelieroniriquevitrail.fr\/wp-content\/uploads\/2025\/06\/WhatsApp-Image-2025-06-14-a-18.56.41_9da3d1ae-min-768x1663.jpg 768w, https:\/\/atelieroniriquevitrail.fr\/wp-content\/uploads\/2025\/06\/WhatsApp-Image-2025-06-14-a-18.56.41_9da3d1ae-min-709x1536.jpg 709w, https:\/\/atelieroniriquevitrail.fr\/wp-content\/uploads\/2025\/06\/WhatsApp-Image-2025-06-14-a-18.56.41_9da3d1ae-min.jpg 942w\" sizes=\"auto, (max-width: 473px) 100vw, 473px\" \/><\/figure>\n<\/figure>\n","protected":false},"excerpt":{"rendered":"<p>C&rsquo;\u00e9tait vendredi 13 juin, un jour qui nous as port\u00e9 chance car, ce fut un r\u00e9el succ\u00e8s.<\/p>\n","protected":false},"author":1,"featured_media":0,"parent":0,"menu_order":0,"comment_status":"closed","ping_status":"closed","template":"","meta":{"footnotes":""},"class_list":["post-980","page","type-page","status-publish","hentry"],"_links":{"self":[{"href":"https:\/\/atelieroniriquevitrail.fr\/index.php?rest_route=\/wp\/v2\/pages\/980","targetHints":{"allow":["GET"]}}],"collection":[{"href":"https:\/\/atelieroniriquevitrail.fr\/index.php?rest_route=\/wp\/v2\/pages"}],"about":[{"href":"https:\/\/atelieroniriquevitrail.fr\/index.php?rest_route=\/wp\/v2\/types\/page"}],"author":[{"embeddable":true,"href":"https:\/\/atelieroniriquevitrail.fr\/index.php?rest_route=\/wp\/v2\/users\/1"}],"replies":[{"embeddable":true,"href":"https:\/\/atelieroniriquevitrail.fr\/index.php?rest_route=%2Fwp%2Fv2%2Fcomments&post=980"}],"version-history":[{"count":4,"href":"https:\/\/atelieroniriquevitrail.fr\/index.php?rest_route=\/wp\/v2\/pages\/980\/revisions"}],"predecessor-version":[{"id":1036,"href":"https:\/\/atelieroniriquevitrail.fr\/index.php?rest_route=\/wp\/v2\/pages\/980\/revisions\/1036"}],"wp:attachment":[{"href":"https:\/\/atelieroniriquevitrail.fr\/index.php?rest_route=%2Fwp%2Fv2%2Fmedia&parent=980"}],"curies":[{"name":"wp","href":"https:\/\/api.w.org\/{rel}","templated":true}]}}